{"id":612,"date":"2021-03-26T10:04:13","date_gmt":"2021-03-26T10:04:13","guid":{"rendered":"http:\/\/localhost\/nuss\/?page_id=612"},"modified":"2025-11-16T09:51:45","modified_gmt":"2025-11-16T09:51:45","slug":"ristorante","status":"publish","type":"page","link":"https:\/\/crystalorangehotelshanghai.com\/it\/ristorante\/","title":{"rendered":"Ristorante"},"content":{"rendered":"<div data-elementor-type=\"wp-page\" data-elementor-id=\"612\" class=\"elementor elementor-612\">\n\t\t\t\t\t\t<section class=\"elementor-section elementor-top-section elementor-element elementor-element-e2effe8 elementor-section-boxed elementor-section-gap-beside-yes elementor-section-height-default elementor-section-height-default elementor-section-column-vertical-align-stretch\" data-id=\"e2effe8\" data-element_type=\"section\" data-e-type=\"section\">\n\t\t\t\t\t\t<div class=\"elementor-container elementor-column-gap-extended\">\n\t\t\t\t\t<div class=\"elementor-column elementor-col-100 elementor-top-column elementor-element elementor-element-e18f688\" data-id=\"e18f688\" data-element_type=\"column\" data-e-type=\"column\">\n\t\t\t<div class=\"elementor-widget-wrap elementor-element-populated\">\n\t\t\t\t\t\t<div class=\"elementor-element elementor-element-6db146d elementor-widget__width-initial elementor-invisible elementor-widget elementor-widget-text-editor\" data-id=\"6db146d\" data-element_type=\"widget\" data-e-type=\"widget\" data-settings=\"{&quot;_animation&quot;:&quot;nussFadeInUp&quot;}\" data-widget_type=\"text-editor.default\">\n\t\t\t\t\t\t\t\t\t<div class=\"svelte-1c06zsf\" data-lang-code=\"\"><p data-spm-anchor-id=\"a2ty_o01.29997173.0.i45.6bf2c9219dlanX\"><strong data-spm-anchor-id=\"a2ty_o01.29997173.0.i46.6bf2c9219dlanX\">Crystal Orange Hotel Shanghai Yu Garden On the Bund: assapora lo spirito di Shanghai, un boccone alla volta<\/strong><\/p><\/div>\t\t\t\t\t\t\t\t<\/div>\n\t\t\t\t\t<\/div>\n\t\t<\/div>\n\t\t\t\t\t<\/div>\n\t\t<\/section>\n\t\t<div class=\"elementor-element elementor-element-764955e e-flex e-con-boxed e-con e-parent\" data-id=\"764955e\" data-element_type=\"container\" data-e-type=\"container\">\n\t\t\t\t\t<div class=\"e-con-inner\">\n\t\t<div class=\"elementor-element elementor-element-3a71d84 e-con-full e-flex e-con e-child\" data-id=\"3a71d84\" data-element_type=\"container\" data-e-type=\"container\">\n\t\t\t\t<div class=\"elementor-element elementor-element-81a00fb elementor-widget elementor-widget-text-editor\" data-id=\"81a00fb\" data-element_type=\"widget\" data-e-type=\"widget\" data-widget_type=\"text-editor.default\">\n\t\t\t\t\t\t\t\t\t<p data-spm-anchor-id=\"a2ty_o01.29997173.0.i47.6bf2c9219dlanX\">Immerso nel cuore del distretto di Huangpu a <strong>N. 399 Renmin Road<\/strong>, a pochi passi dall&#039;antica serenit\u00e0 di <strong>Giardino Yu<\/strong> e il lungomare scintillante di <strong>Il Bund<\/strong>, IL <strong>Crystal Orange Hotel Shanghai Yu Garden On the Bund<\/strong> offre molto pi\u00f9 di un semplice posto dove riposare: ti invita a iniziare la giornata con gusto, energia e fascino locale.<\/p><div class=\"my-2\">\u00a0<\/div><p>Sebbene l&#039;hotel non disponga di un ristorante raffinato con servizio completo o di un ampio men\u00f9 \u00e0 la carte, il suo <strong>colazione a buffet mattutina<\/strong> \u00e8 un&#039;esperienza attentamente curata, pensata per stimolare la tua esplorazione di Shanghai, sia che tu stia andando alla ricerca di monumenti culturali, esplorando mercati affollati o semplicemente immergendoti nel vivace ritmo della citt\u00e0.<\/p>\t\t\t\t\t\t\t\t<\/div>\n\t\t\t\t<\/div>\n\t\t<div class=\"elementor-element elementor-element-bb76a06 e-con-full e-flex e-con e-child\" data-id=\"bb76a06\" data-element_type=\"container\" data-e-type=\"container\">\n\t\t\t\t<div class=\"elementor-element elementor-element-636ac5f elementor-widget elementor-widget-image\" data-id=\"636ac5f\" data-element_type=\"widget\" data-e-type=\"widget\" data-widget_type=\"image.default\">\n\t\t\t\t\t\t\t\t\t\t\t\t\t\t\t<img fetchpriority=\"high\" decoding=\"async\" width=\"1024\" height=\"682\" src=\"https:\/\/crystalorangehotelshanghai.com\/wp-content\/uploads\/2025\/11\/Crystal-Orange-Hotel-Shanghai-61-1024x682.webp\" class=\"attachment-large size-large wp-image-7247\" alt=\"\" srcset=\"https:\/\/crystalorangehotelshanghai.com\/wp-content\/uploads\/2025\/11\/Crystal-Orange-Hotel-Shanghai-61-1024x682.webp 1024w, https:\/\/crystalorangehotelshanghai.com\/wp-content\/uploads\/2025\/11\/Crystal-Orange-Hotel-Shanghai-61-300x200.webp 300w, https:\/\/crystalorangehotelshanghai.com\/wp-content\/uploads\/2025\/11\/Crystal-Orange-Hotel-Shanghai-61-768x512.webp 768w, https:\/\/crystalorangehotelshanghai.com\/wp-content\/uploads\/2025\/11\/Crystal-Orange-Hotel-Shanghai-61-18x12.webp 18w, https:\/\/crystalorangehotelshanghai.com\/wp-content\/uploads\/2025\/11\/Crystal-Orange-Hotel-Shanghai-61.webp 1280w\" sizes=\"(max-width: 1024px) 100vw, 1024px\" \/>\t\t\t\t\t\t\t\t\t\t\t\t\t\t\t<\/div>\n\t\t\t\t<\/div>\n\t\t\t\t\t<\/div>\n\t\t\t\t<\/div>\n\t\t<div class=\"elementor-element elementor-element-e5626a7 e-flex e-con-boxed e-con e-parent\" data-id=\"e5626a7\" data-element_type=\"container\" data-e-type=\"container\">\n\t\t\t\t\t<div class=\"e-con-inner\">\n\t\t\t\t<div class=\"elementor-element elementor-element-4ac24e6 elementor-widget elementor-widget-nuss-image-gallery\" data-id=\"4ac24e6\" data-element_type=\"widget\" data-e-type=\"widget\" data-widget_type=\"nuss-image-gallery.default\">\n\t\t\t\t<div class=\"elementor-widget-container\">\n\t\t\t\t\t\t\t<div class=\"nuss-grid-wrapper\" data-grid=\"{&quot;type&quot;:&quot;grid&quot;,&quot;ratio&quot;:null,&quot;columns&quot;:3,&quot;gutter&quot;:30}\">\r\n\t\t\t<div class=\"nuss-grid lazy-grid\">\r\n\t\t\t\t<div class=\"grid-sizer\"><\/div>\r\n\r\n\t\t\t\t\t\t\t\t\t\t\t\t<div class=\"grid-item\">\r\n\t\t\t\t\t\t<div class=\"nuss-box\">\t\t<div class=\"nuss-image image\">\r\n\t\t\t<img decoding=\"async\"  src=\"https:\/\/crystalorangehotelshanghai.com\/wp-content\/uploads\/2025\/11\/Crystal-Orange-Hotel-Shanghai-64.webp\" alt=\"Crystal Orange Hotel Shanghai (64)\" \/>\t\t<\/div>\r\n\t\t\t\t<\/div>\t\t\t\t\t<\/div>\r\n\t\t\t\t\t\t<div class=\"grid-item\">\r\n\t\t\t\t\t\t<div class=\"nuss-box\">\t\t<div class=\"nuss-image image\">\r\n\t\t\t<img decoding=\"async\"  src=\"https:\/\/crystalorangehotelshanghai.com\/wp-content\/uploads\/2025\/11\/Crystal-Orange-Hotel-Shanghai-47.webp\" alt=\"Crystal Orange Hotel Shanghai (47)\" \/>\t\t<\/div>\r\n\t\t\t\t<\/div>\t\t\t\t\t<\/div>\r\n\t\t\t\t\t\t<div class=\"grid-item\">\r\n\t\t\t\t\t\t<div class=\"nuss-box\">\t\t<div class=\"nuss-image image\">\r\n\t\t\t<img decoding=\"async\"  src=\"https:\/\/crystalorangehotelshanghai.com\/wp-content\/uploads\/2025\/11\/Crystal-Orange-Hotel-Shanghai-46.webp\" alt=\"Crystal Orange Hotel Shanghai (46)\" \/>\t\t<\/div>\r\n\t\t\t\t<\/div>\t\t\t\t\t<\/div>\r\n\t\t\t\t\t\t<div class=\"grid-item\">\r\n\t\t\t\t\t\t<div class=\"nuss-box\">\t\t<div class=\"nuss-image image\">\r\n\t\t\t<img decoding=\"async\"  src=\"https:\/\/crystalorangehotelshanghai.com\/wp-content\/uploads\/2025\/11\/Crystal-Orange-Hotel-Shanghai-45.webp\" alt=\"Hotel Crystal Orange Shanghai (45)\" \/>\t\t<\/div>\r\n\t\t\t\t<\/div>\t\t\t\t\t<\/div>\r\n\t\t\t\t\t\t<div class=\"grid-item\">\r\n\t\t\t\t\t\t<div class=\"nuss-box\">\t\t<div class=\"nuss-image image\">\r\n\t\t\t<img decoding=\"async\"  src=\"https:\/\/crystalorangehotelshanghai.com\/wp-content\/uploads\/2025\/11\/Crystal-Orange-Hotel-Shanghai-31.webp\" alt=\"Hotel Crystal Orange Shanghai (31)\" \/>\t\t<\/div>\r\n\t\t\t\t<\/div>\t\t\t\t\t<\/div>\r\n\t\t\t\t\t\t<div class=\"grid-item\">\r\n\t\t\t\t\t\t<div class=\"nuss-box\">\t\t<div class=\"nuss-image image\">\r\n\t\t\t<img decoding=\"async\"  src=\"https:\/\/crystalorangehotelshanghai.com\/wp-content\/uploads\/2025\/11\/Crystal-Orange-Hotel-Shanghai-22.webp\" alt=\"Hotel Crystal Orange Shanghai (22)\" \/>\t\t<\/div>\r\n\t\t\t\t<\/div>\t\t\t\t\t<\/div>\r\n\t\t\t\t\t\t<div class=\"grid-item\">\r\n\t\t\t\t\t\t<div class=\"nuss-box\">\t\t<div class=\"nuss-image image\">\r\n\t\t\t<img decoding=\"async\"  src=\"https:\/\/crystalorangehotelshanghai.com\/wp-content\/uploads\/2025\/11\/Crystal-Orange-Hotel-Shanghai-3.webp\" alt=\"Hotel Crystal Orange Shanghai (3)\" \/>\t\t<\/div>\r\n\t\t\t\t<\/div>\t\t\t\t\t<\/div>\r\n\t\t\t\t\t\t<div class=\"grid-item\">\r\n\t\t\t\t\t\t<div class=\"nuss-box\">\t\t<div class=\"nuss-image image\">\r\n\t\t\t<img decoding=\"async\"  src=\"https:\/\/crystalorangehotelshanghai.com\/wp-content\/uploads\/2025\/11\/Crystal-Orange-Hotel-Shanghai-4.webp\" alt=\"Hotel Crystal Orange Shanghai (4)\" \/>\t\t<\/div>\r\n\t\t\t\t<\/div>\t\t\t\t\t<\/div>\r\n\t\t\t\t\t\t<div class=\"grid-item\">\r\n\t\t\t\t\t\t<div class=\"nuss-box\">\t\t<div class=\"nuss-image image\">\r\n\t\t\t<img decoding=\"async\"  src=\"https:\/\/crystalorangehotelshanghai.com\/wp-content\/uploads\/2025\/11\/Crystal-Orange-Hotel-Shanghai-13.webp\" alt=\"Crystal Orange Hotel Shanghai (13)\" \/>\t\t<\/div>\r\n\t\t\t\t<\/div>\t\t\t\t\t<\/div>\r\n\t\t\t\t\t\t\t\r\n\t\t\t<\/div>\r\n\t\t<\/div>\r\n\t\t\t\t\t\t<\/div>\n\t\t\t\t<\/div>\n\t\t\t\t\t<\/div>\n\t\t\t\t<\/div>\n\t\t<div class=\"elementor-element elementor-element-d05381b e-flex e-con-boxed e-con e-parent\" data-id=\"d05381b\" data-element_type=\"container\" data-e-type=\"container\">\n\t\t\t\t\t<div class=\"e-con-inner\">\n\t\t\t\t<div class=\"elementor-element elementor-element-53bd849 elementor-widget elementor-widget-text-editor\" data-id=\"53bd849\" data-element_type=\"widget\" data-e-type=\"widget\" data-widget_type=\"text-editor.default\">\n\t\t\t\t\t\t\t\t\t<h3 data-spm-anchor-id=\"a2ty_o01.29997173.0.i49.6bf2c9219dlanX\">\ud83c\udf73 Un buffet per la colazione che unisce Oriente e Occidente<\/h3><p>Inizia subito la tua avventura a Shanghai con il nostro <strong>colazione a buffet giornaliera<\/strong>, servito da <strong>06:30\u201310:00 (lun\u2013ven)<\/strong> E <strong>07:00\u201310:30 (sabato\u2013domenica)<\/strong> nella nostra luminosa e moderna sala da pranzo. Pensata per i viaggiatori che apprezzano la variet\u00e0, la praticit\u00e0 e il gusto autentico, la crema spalmabile unisce <strong data-spm-anchor-id=\"a2ty_o01.29997173.0.i48.6bf2c9219dlanX\">classici cinesi<\/strong> con <strong>I preferiti dell&#039;Occidente<\/strong> \u2014 perfetto per avventurieri solitari, coppie e famiglie.<\/p><div class=\"my-2\">\u00a0<\/div><p><strong>Cosa c&#039;\u00e8 nel piatto?<\/strong><\/p><ul dir=\"auto\"><li><strong>Stazioni calde<\/strong>: Panini appena cotti al vapore, saporito congee, noodles e verdure saltate in padella, il tutto preparato con cura dal nostro team di cucina.<\/li><li><strong>Selezioni occidentali<\/strong>: Uova preparate al momento, pancetta croccante, salsicce, pancake, waffle e pane tostato con burro e marmellata.<\/li><li><strong>Panetteria e pasticceria<\/strong>: Croissant sfogliati, dolci danesi, muffin e pane fatto in casa: ideali da abbinare al caff\u00e8 o al t\u00e8.<\/li><li><strong>Frutta e yogurt<\/strong>: Frutta fresca di stagione, granola e yogurt freddo per un inizio pi\u00f9 leggero.<\/li><li><strong>Bevande<\/strong>: Caff\u00e8 di prima qualit\u00e0, t\u00e8 caldo, latte, succo di frutta e acqua: tutto incluso nel tuo pasto.<\/li><\/ul><div class=\"my-2\">\u00a0<\/div><p>Gli ospiti lodano costantemente il <strong>qualit\u00e0, variet\u00e0 e calore<\/strong> della diffusione mattutina. Come ha osservato un viaggiatore: <em>\u201cIl buffet della colazione era discreto, a volte un po&#039; affollato, ma la qualit\u00e0 compensava la confusione.\u201d<\/em><\/p><div class=\"my-2\">\u00a0<\/div><p>E s\u00ec, se viaggi con i pi\u00f9 piccoli, mangiano <strong>gratuito sotto 1,3 m<\/strong>, mentre i bambini di altezza superiore pagano solo <strong>68 yuan<\/strong> \u2014 come per gli adulti. \u00c8 un modo economico per soddisfare tutti senza rinunciare al gusto.<\/p><div class=\"my-2\">\u00a0<\/div><div class=\"py-2 my-3\"><hr \/><\/div><div class=\"my-2\">\u00a0<\/div><h3>\u2615 Pi\u00f9 di una semplice colazione: un luogo accogliente per connettersi<\/h3><p>Oltre la fretta mattutina, il nostro <strong>bar e caffetteria della hall<\/strong> Un&#039;oasi di pace per un rapido rifornimento, tranquille sessioni di lavoro o incontri informali. Che abbiate bisogno di un espresso forte prima di andare al Bund, di un bicchiere di vino dopo una lunga giornata di visite turistiche o di uno spuntino tra una visita e l&#039;altra al museo, abbiamo quello che fa per voi.<\/p><div class=\"my-2\">\u00a0<\/div><p>Il nostro bar offre:<\/p><ul dir=\"auto\"><li><strong>Caff\u00e8 e t\u00e8<\/strong>: Fagioli di provenienza locale e selezioni di foglie sfuse di prima qualit\u00e0<\/li><li><strong>Spuntini leggeri<\/strong>: Panini, pasticcini e snack confezionati per viaggiatori in movimento<\/li><li><strong>Rinfreschi<\/strong>: Bibite analcoliche, succhi di frutta e acqua in bottiglia<\/li><li><strong>Drink serali<\/strong>: Birra, vino e cocktail analcolici per rilassarsi<\/li><\/ul><div class=\"my-2\">\u00a0<\/div><p>Non si tratta di grandiosit\u00e0, ma di comfort, coerenza e connessione. Rilassatevi nella nostra lounge elegante e minimalista, connettetevi al Wi-Fi gratuito e lasciate che il ritmo di Shanghai scorra intorno a voi.<\/p><div class=\"my-2\">\u00a0<\/div><div class=\"py-2 my-3\"><hr \/><\/div><div class=\"my-2\">\u00a0<\/div><h3>\ud83c\udf3f Perch\u00e9 i viaggiatori amano la nostra esperienza culinaria<\/h3><p>Sappiamo che non sei venuto a Shanghai per mangiare in un hotel, ma quando lo farai, vogliamo che sia parte del viaggio.<\/p><div class=\"my-2\">\u00a0<\/div><ul dir=\"auto\"><li><strong>La comodit\u00e0 prima di tutto<\/strong>: Dopo una notte trascorsa ad esplorare i vicoli illuminati dalle lanterne del Giardino Yu o a passeggiare lungo la passeggiata illuminata al neon del Bund, svegliarsi con un pasto caldo e appagante a pochi passi dalla propria camera non ha prezzo.<\/li><li><strong>Tocco locale<\/strong>: Sebbene offriamo piatti tipici occidentali, i nostri piatti cinesi riflettono i sapori regionali: pensate ai panini al vapore con maiale, alle uova brasate nella soia e al delicato porridge di riso, regalandovi un vero assaggio dell&#039;anima culinaria di Shanghai.<\/li><li><strong>Design intelligente<\/strong>: La disposizione del buffet \u00e8 intuitiva, pulita ed efficiente: niente attese in fila, a meno che non si sia nelle ore di punta. E con <strong>strumenti di traduzione disponibili in loco<\/strong>, gli ospiti internazionali possono navigare nel menu con facilit\u00e0.<\/li><\/ul><div class=\"my-2\">\u00a0<\/div><p>Un ospite ha riassunto tutto alla perfezione: <em>\u201cLa camera era pulita e la doccia aveva un&#039;ottima pressione dell&#039;acqua e un ottimo controllo della temperatura... la colazione era discreta, con una buona variet\u00e0.\u201d<\/em><\/p><div class=\"my-2\">\u00a0<\/div><div class=\"py-2 my-3\"><hr \/><\/div><div class=\"my-2\">\u00a0<\/div><h3>\ud83d\udccd Mangia come la gente del posto, poi esplora come un professionista<\/h3><p>La tua posizione \u00e8 tutto: grazie alla nostra posizione potrai raggiungere a piedi alcune delle esperienze gastronomiche pi\u00f9 iconiche di Shanghai:<\/p><div class=\"my-2\">\u00a0<\/div><ul dir=\"auto\"><li><strong>Bazar del Giardino Yu<\/strong>: A pochi minuti di distanza, potrete assaggiare xiaolongbao (ravioli ripieni di zuppa), frittelle di cipollotto e dolci torte all&#039;osmanto, acquistabili presso venditori ambulanti e storiche sale da t\u00e8.<\/li><li><strong>Il Bund<\/strong>: Dopo cena, sorseggiate un cocktail in un bar panoramico sul fiume, ammirando lo skyline di Pudong.<\/li><li><strong>Via Nanchino<\/strong>: Immergiti nei ristoranti stellati Michelin o scopri i tesori nascosti nei vicoli.<\/li><\/ul><div class=\"my-2\">\u00a0<\/div><p>Ma anche se scegli di restare a casa, che tu stia lavorando da remoto, riprendendoti dal jet lag o semplicemente godendoti un momento di tranquillit\u00e0, le nostre offerte per la colazione e la caffetteria ti assicurano di non essere mai lontano da qualcosa di delizioso.<\/p><div class=\"my-2\">\u00a0<\/div><div class=\"py-2 my-3\"><hr \/><\/div><div class=\"my-2\">\u00a0<\/div><h3>\u2705 Perfetto per ogni tipo di viaggiatore<\/h3><p>Che tu sia:<\/p><ul dir=\"auto\"><li>A <strong>viaggiatore d&#039;affari<\/strong> hai bisogno di un inizio di giornata affidabile ed energizzante<\/li><li>A <strong>famiglia<\/strong> alla ricerca di pasti adatti ai bambini e opzioni flessibili<\/li><li>A <strong>esploratore solitario<\/strong> alla ricerca di un posto tranquillo e pulito per pianificare il tuo prossimo trasloco<\/li><li>Oppure un <strong>coppia romantica<\/strong> godersi una mattinata tranquilla prima di andare in citt\u00e0<\/li><\/ul><div class=\"my-2\">\u00a0<\/div><p>La nostra esperienza culinaria \u00e8 pensata per adattarsi al tuo ritmo, al tuo palato e al tuo scopo.<\/p><div class=\"my-2\">\u00a0<\/div><div class=\"py-2 my-3\"><hr \/><\/div><div class=\"my-2\">\u00a0<\/div><h3>\ud83d\udccc Informazioni pratiche che devi sapere<\/h3><ul dir=\"auto\"><li><strong>Prezzo della colazione<\/strong>: 68 CNY per adulto \/ Gratuito per bambini sotto 1,3 m \/ 68 CNY per bambini sopra 1,3 m<\/li><li><strong>Ore<\/strong>: lun\u2013ven 06:30\u201310:00 | Sab-dom 07:00-10:30<\/li><li><strong>zona pranzo<\/strong>: Interno, climatizzato, accessibile alle sedie a rotelle<\/li><li><strong>Pagamento<\/strong>: Incluso come componente aggiuntivo durante la prenotazione o da pagare direttamente al momento del check-out<\/li><li><strong>Diete speciali<\/strong>: Sebbene non offriamo menu dedicati senza allergeni, il personale \u00e8 lieto di assistervi con richieste dietetiche di base su richiesta<\/li><\/ul><div class=\"my-2\">\u00a0<\/div><div class=\"py-2 my-3\"><hr \/><\/div><div class=\"my-2\">\u00a0<\/div><h3>\ud83c\udf7d\ufe0f La tua storia a Shanghai inizia qui: con la pancia piena<\/h3><p>Al Crystal Orange Hotel Shanghai Yu Garden On the Bund, crediamo che i viaggi migliori inizino con del buon cibo: non piatti elaborati, ma pasti genuini e nutrienti che diano il tono alla giornata che ci aspetta. Potremmo non avere un men\u00f9 degustazione di cinque portate o uno chef famoso, ma abbiamo cuore, ospitalit\u00e0 e un profondo rispetto per la citt\u00e0 che chiamiamo casa.<\/p><div class=\"my-2\">\u00a0<\/div><p>Quindi, che tu stia sorseggiando un caff\u00e8 ammirando l&#039;alba sul fiume Huangpu, preparando un dolcetto per il tuo viaggio in metropolitana verso il Tempio della citt\u00e0 o condividendo una risata con uova strapazzate con il tuo compagno di viaggio, lascia che siamo la prima tappa del tuo itinerario gastronomico a Shanghai.<\/p><div class=\"my-2\">\u00a0<\/div><p><strong>Arriva affamato. Parti ispirato.<\/strong><\/p><div class=\"my-2\">\u00a0<\/div><p>\u2014<\/p><div class=\"my-2\">\u00a0<\/div><p data-spm-anchor-id=\"a2ty_o01.29997173.0.i50.6bf2c9219dlanX\"><strong>Crystal Orange Hotel Shanghai Yu Garden On the Bund<\/strong><br \/><em>Dove ogni boccone racconta una storia, e ogni storia inizia con Shanghai.<\/em><\/p>\t\t\t\t\t\t\t\t<\/div>\n\t\t\t\t\t<\/div>\n\t\t\t\t<\/div>\n\t\t\t\t<section class=\"elementor-section elementor-top-section elementor-element elementor-element-16d681a4 elementor-section-stretched elementor-section-boxed elementor-section-gap-beside-yes elementor-section-height-default elementor-section-height-default elementor-section-column-vertical-align-stretch\" data-id=\"16d681a4\" data-element_type=\"section\" data-e-type=\"section\" data-settings=\"{&quot;background_background&quot;:&quot;classic&quot;,&quot;stretch_section&quot;:&quot;section-stretched&quot;}\">\n\t\t\t\t\t\t<div class=\"elementor-container elementor-column-gap-extended\">\n\t\t\t\t\t<div class=\"elementor-column elementor-col-100 elementor-top-column elementor-element elementor-element-38feae16\" data-id=\"38feae16\" data-element_type=\"column\" data-e-type=\"column\">\n\t\t\t<div class=\"elementor-widget-wrap elementor-element-populated\">\n\t\t\t\t\t\t<div class=\"elementor-element elementor-element-41e8eddd elementor-widget elementor-widget-nuss-heading\" data-id=\"41e8eddd\" data-element_type=\"widget\" data-e-type=\"widget\" data-widget_type=\"nuss-heading.default\">\n\t\t\t\t<div class=\"elementor-widget-container\">\n\t\t\t\t\t\t\t<div class=\"nuss-modern-heading\">\r\n\t\t\t\t\t\t<div class=\"heading-secondary-wrap\">\r\n\t\t\t\t<h3 class=\"heading-secondary elementor-heading-title\">Controlla disponibile <\/h3>\t\t\t<\/div>\r\n\t\t\r\n\t\t\t\r\n\t\t\t\r\n\t\t\t\t\t<\/div>\r\n\t\t\t\t\t<\/div>\n\t\t\t\t<\/div>\n\t\t\t\t<div class=\"elementor-element elementor-element-69881927 elementor-widget elementor-widget-text-editor\" data-id=\"69881927\" data-element_type=\"widget\" data-e-type=\"widget\" data-widget_type=\"text-editor.default\">\n\t\t\t\t\t\t\t\t\t<iframe border=\"0\" src=\"https:\/\/www.trip.com\/partners\/ad\/S6742899?Allianceid=4590391&#038;SID=275144745&#038;trip_sub1=\" style=\"width:1200px;height:200px\" frameborder=\"0\" scrolling=\"no\" id=\"S6742899\"><\/iframe>\t\t\t\t\t\t\t\t<\/div>\n\t\t\t\t\t<\/div>\n\t\t<\/div>\n\t\t\t\t\t<\/div>\n\t\t<\/section>\n\t\t\t\t<\/div>","protected":false},"excerpt":{"rendered":"<p>Crystal Orange Hotel Shanghai Yu Garden On the Bund: Savor Shanghai\u2019s Spirit \u2014 One Bite at a Time Nestled in the heart of Huangpu District at No. 399 Renmin Road, just steps from the ancient serenity of Yu Garden and the glittering waterfront of The Bund, the Crystal Orange Hotel Shanghai Yu Garden On the [&hellip;]<\/p>\n","protected":false},"author":1,"featured_media":0,"parent":0,"menu_order":0,"comment_status":"closed","ping_status":"closed","template":"","meta":{"footnotes":""},"class_list":["post-612","page","type-page","status-publish","hentry","post-no-thumbnail"],"_links":{"self":[{"href":"https:\/\/crystalorangehotelshanghai.com\/it\/wp-json\/wp\/v2\/pages\/612","targetHints":{"allow":["GET"]}}],"collection":[{"href":"https:\/\/crystalorangehotelshanghai.com\/it\/wp-json\/wp\/v2\/pages"}],"about":[{"href":"https:\/\/crystalorangehotelshanghai.com\/it\/wp-json\/wp\/v2\/types\/page"}],"author":[{"embeddable":true,"href":"https:\/\/crystalorangehotelshanghai.com\/it\/wp-json\/wp\/v2\/users\/1"}],"replies":[{"embeddable":true,"href":"https:\/\/crystalorangehotelshanghai.com\/it\/wp-json\/wp\/v2\/comments?post=612"}],"version-history":[{"count":0,"href":"https:\/\/crystalorangehotelshanghai.com\/it\/wp-json\/wp\/v2\/pages\/612\/revisions"}],"wp:attachment":[{"href":"https:\/\/crystalorangehotelshanghai.com\/it\/wp-json\/wp\/v2\/media?parent=612"}],"curies":[{"name":"parola chiave","href":"https:\/\/api.w.org\/{rel}","templated":true}]}}