{"id":5266,"date":"2021-07-18T08:03:35","date_gmt":"2021-07-18T08:03:35","guid":{"rendered":"https:\/\/nuss.uxper.co\/luxury-resort\/?page_id=5266"},"modified":"2025-11-16T09:14:56","modified_gmt":"2025-11-16T09:14:56","slug":"chi-siamo","status":"publish","type":"page","link":"https:\/\/crystalorangehotelshanghai.com\/it\/chi-siamo\/","title":{"rendered":"Chi siamo"},"content":{"rendered":"<div data-elementor-type=\"wp-page\" data-elementor-id=\"5266\" class=\"elementor elementor-5266\">\n\t\t\t\t\t\t<section class=\"elementor-section elementor-top-section elementor-element elementor-element-10416953 elementor-section-boxed elementor-section-gap-beside-yes elementor-section-height-default elementor-section-height-default elementor-section-column-vertical-align-stretch\" data-id=\"10416953\" data-element_type=\"section\" data-e-type=\"section\">\n\t\t\t\t\t\t<div class=\"elementor-container elementor-column-gap-extended\">\n\t\t\t\t\t<div class=\"elementor-column elementor-col-100 elementor-top-column elementor-element elementor-element-29c6aa8\" data-id=\"29c6aa8\" data-element_type=\"column\" data-e-type=\"column\">\n\t\t\t<div class=\"elementor-widget-wrap elementor-element-populated\">\n\t\t\t\t\t\t<div class=\"elementor-element elementor-element-7be18fe7 elementor-widget__width-initial elementor-invisible elementor-widget elementor-widget-text-editor\" data-id=\"7be18fe7\" data-element_type=\"widget\" data-e-type=\"widget\" data-settings=\"{&quot;_animation&quot;:&quot;nussFadeInUp&quot;}\" data-widget_type=\"text-editor.default\">\n\t\t\t\t\t\t\t\t\t<div class=\"svelte-1c06zsf\" data-lang-code=\"\"><p><strong data-spm-anchor-id=\"a2ty_o01.29997173.0.i6.6bf2c9219dlanX\">Crystal Orange Hotel Shanghai Yu Garden On the Bund: il tuo punto di accesso elegante e raffinato alla vecchia e alla nuova Shanghai<\/strong><\/p><\/div>\t\t\t\t\t\t\t\t<\/div>\n\t\t\t\t\t<\/div>\n\t\t<\/div>\n\t\t\t\t\t<\/div>\n\t\t<\/section>\n\t\t\t\t<section class=\"elementor-section elementor-top-section elementor-element elementor-element-7d18327f elementor-section-boxed elementor-section-gap-beside-yes elementor-section-height-default elementor-section-height-default elementor-section-column-vertical-align-stretch\" data-id=\"7d18327f\" data-element_type=\"section\" data-e-type=\"section\">\n\t\t\t\t\t\t<div class=\"elementor-container elementor-column-gap-extended\">\n\t\t\t\t\t<div class=\"elementor-column elementor-col-50 elementor-top-column elementor-element elementor-element-56533670\" data-id=\"56533670\" data-element_type=\"column\" data-e-type=\"column\">\n\t\t\t<div class=\"elementor-widget-wrap elementor-element-populated\">\n\t\t\t\t\t\t<div class=\"elementor-element elementor-element-19c3f543 elementor-drop-cap-yes elementor-drop-cap-view-default elementor-invisible elementor-widget elementor-widget-text-editor\" data-id=\"19c3f543\" data-element_type=\"widget\" data-e-type=\"widget\" data-settings=\"{&quot;_animation&quot;:&quot;nussFadeInUp&quot;,&quot;drop_cap&quot;:&quot;yes&quot;}\" data-widget_type=\"text-editor.default\">\n\t\t\t\t\t\t\t\t\t<p>Situato nel cuore vibrante del distretto di Huangpu al n. 399 di Renmin Road, il <strong>Crystal Orange Hotel Shanghai Yu Garden On the Bund<\/strong> Offre una base unica, moderna e comoda per esplorare i luoghi pi\u00f9 iconici della citt\u00e0. Questo hotel a 4 stelle \u00e8 pi\u00f9 di un semplice luogo di riposo: \u00e8 un&#039;oasi urbana dal design elegante che coniuga comfort contemporaneo con un accesso senza pari alla ricca storia e all&#039;energia dinamica di Shanghai.<\/p>\t\t\t\t\t\t\t\t<\/div>\n\t\t\t\t\t<\/div>\n\t\t<\/div>\n\t\t\t\t<div class=\"elementor-column elementor-col-50 elementor-top-column elementor-element elementor-element-30f14127\" data-id=\"30f14127\" data-element_type=\"column\" data-e-type=\"column\">\n\t\t\t<div class=\"elementor-widget-wrap elementor-element-populated\">\n\t\t\t\t\t\t<div class=\"elementor-element elementor-element-59aea08 elementor-widget elementor-widget-image\" data-id=\"59aea08\" data-element_type=\"widget\" data-e-type=\"widget\" data-widget_type=\"image.default\">\n\t\t\t\t\t\t\t\t\t\t\t\t\t\t\t<img fetchpriority=\"high\" decoding=\"async\" width=\"1024\" height=\"682\" src=\"https:\/\/crystalorangehotelshanghai.com\/wp-content\/uploads\/2025\/11\/Crystal-Orange-Hotel-Shanghai-44-1024x682.webp\" class=\"attachment-large size-large wp-image-7230\" alt=\"\" srcset=\"https:\/\/crystalorangehotelshanghai.com\/wp-content\/uploads\/2025\/11\/Crystal-Orange-Hotel-Shanghai-44-1024x682.webp 1024w, https:\/\/crystalorangehotelshanghai.com\/wp-content\/uploads\/2025\/11\/Crystal-Orange-Hotel-Shanghai-44-300x200.webp 300w, https:\/\/crystalorangehotelshanghai.com\/wp-content\/uploads\/2025\/11\/Crystal-Orange-Hotel-Shanghai-44-768x512.webp 768w, https:\/\/crystalorangehotelshanghai.com\/wp-content\/uploads\/2025\/11\/Crystal-Orange-Hotel-Shanghai-44-18x12.webp 18w, https:\/\/crystalorangehotelshanghai.com\/wp-content\/uploads\/2025\/11\/Crystal-Orange-Hotel-Shanghai-44.webp 1280w\" sizes=\"(max-width: 1024px) 100vw, 1024px\" \/>\t\t\t\t\t\t\t\t\t\t\t\t\t\t\t<\/div>\n\t\t\t\t\t<\/div>\n\t\t<\/div>\n\t\t\t\t\t<\/div>\n\t\t<\/section>\n\t\t\t\t<section class=\"elementor-section elementor-top-section elementor-element elementor-element-29fb8578 elementor-section-height-min-height elementor-section-stretched elementor-section-full_width elementor-section-items-stretch elementor-section-height-default elementor-section-column-vertical-align-stretch\" data-id=\"29fb8578\" data-element_type=\"section\" data-e-type=\"section\" data-settings=\"{&quot;stretch_section&quot;:&quot;section-stretched&quot;}\">\n\t\t\t\t\t\t<div class=\"elementor-container elementor-column-gap-no\">\n\t\t\t\t\t<div class=\"elementor-column elementor-col-50 elementor-top-column elementor-element elementor-element-40ac270b\" data-id=\"40ac270b\" data-element_type=\"column\" data-e-type=\"column\">\n\t\t\t<div class=\"elementor-widget-wrap elementor-element-populated\">\n\t\t\t\t\t\t<div class=\"elementor-element elementor-element-20872773 elementor-widget__width-initial elementor-widget-mobile__width-inherit elementor-invisible nuss-elementor-loading nuss-slide-in-right elementor-widget elementor-widget-image\" data-id=\"20872773\" data-element_type=\"widget\" data-e-type=\"widget\" data-settings=\"{&quot;_animation&quot;:&quot;nussSlideInRight&quot;}\" data-widget_type=\"image.default\">\n\t\t\t\t\t\t\t\t\t\t\t\t\t\t\t<img decoding=\"async\" width=\"1137\" height=\"853\" src=\"https:\/\/crystalorangehotelshanghai.com\/wp-content\/uploads\/2025\/11\/Crystal-Orange-Hotel-Shanghai-99.webp\" class=\"attachment-full size-full wp-image-7285\" alt=\"\" srcset=\"https:\/\/crystalorangehotelshanghai.com\/wp-content\/uploads\/2025\/11\/Crystal-Orange-Hotel-Shanghai-99.webp 1137w, https:\/\/crystalorangehotelshanghai.com\/wp-content\/uploads\/2025\/11\/Crystal-Orange-Hotel-Shanghai-99-300x225.webp 300w, https:\/\/crystalorangehotelshanghai.com\/wp-content\/uploads\/2025\/11\/Crystal-Orange-Hotel-Shanghai-99-1024x768.webp 1024w, https:\/\/crystalorangehotelshanghai.com\/wp-content\/uploads\/2025\/11\/Crystal-Orange-Hotel-Shanghai-99-768x576.webp 768w, https:\/\/crystalorangehotelshanghai.com\/wp-content\/uploads\/2025\/11\/Crystal-Orange-Hotel-Shanghai-99-16x12.webp 16w\" sizes=\"(max-width: 1137px) 100vw, 1137px\" \/>\t\t\t\t\t\t\t\t\t\t\t\t\t\t\t<\/div>\n\t\t\t\t\t<\/div>\n\t\t<\/div>\n\t\t\t\t<div class=\"elementor-column elementor-col-50 elementor-top-column elementor-element elementor-element-2dac103\" data-id=\"2dac103\" data-element_type=\"column\" data-e-type=\"column\">\n\t\t\t<div class=\"elementor-widget-wrap elementor-element-populated\">\n\t\t\t\t\t\t<div class=\"elementor-element elementor-element-6f1b8966 elementor-invisible elementor-widget elementor-widget-text-editor\" data-id=\"6f1b8966\" data-element_type=\"widget\" data-e-type=\"widget\" data-settings=\"{&quot;_animation&quot;:&quot;nussFadeInUp&quot;}\" data-widget_type=\"text-editor.default\">\n\t\t\t\t\t\t\t\t\t<p data-spm-anchor-id=\"a2ty_o01.29997173.0.i9.6bf2c9219dlanX\">Perfettamente posizionato a pochi passi dall&#039;antica serenit\u00e0 di <strong>Giardino Yu<\/strong> e l&#039;abbagliante lungomare di <strong>Il Bund<\/strong>, puoi passare senza sforzo dai tranquilli giardini classici allo scintillante skyline di Pudong. La posizione privilegiata dell&#039;hotel significa che sei anche a pochi minuti dal <strong>Stazione della metropolitana Yuyuan Garden<\/strong>, rendendo incredibilmente facile navigare in tutta la citt\u00e0, sia che tu stia andando verso <strong>Acquario oceanico di Shanghai<\/strong>, lo storico <strong>Tempio della citt\u00e0<\/strong>, o i vivaci quartieri dello shopping di Nanjing Road.<\/p><div class=\"my-2\">\u00a0<\/div><p>Progettato per il viaggiatore moderno e attento, il Crystal Orange Hotel combina un design elegante e minimalista con servizi tecnologici all&#039;avanguardia. Dai chioschi per il check-in automatico ai robot di servizio, dagli strumenti di traduzione ai pannelli intelligenti per le camere, ogni dettaglio \u00e8 progettato per garantire efficienza e semplicit\u00e0. Che siate in viaggio d&#039;affari o in vacanza, apprezzerete l&#039;esperienza impeccabile, dal momento dell&#039;arrivo fino al momento del saluto finale.<\/p>\t\t\t\t\t\t\t\t<\/div>\n\t\t\t\t\t<\/div>\n\t\t<\/div>\n\t\t\t\t\t<\/div>\n\t\t<\/section>\n\t\t\t\t<section class=\"elementor-section elementor-top-section elementor-element elementor-element-6f312d6 elementor-section-height-min-height elementor-section-stretched elementor-section-full_width elementor-section-items-stretch elementor-section-height-default elementor-section-column-vertical-align-stretch\" data-id=\"6f312d6\" data-element_type=\"section\" data-e-type=\"section\" data-settings=\"{&quot;stretch_section&quot;:&quot;section-stretched&quot;}\">\n\t\t\t\t\t\t<div class=\"elementor-container elementor-column-gap-no\">\n\t\t\t\t\t<div class=\"elementor-column elementor-col-50 elementor-top-column elementor-element elementor-element-e7e7207\" data-id=\"e7e7207\" data-element_type=\"column\" data-e-type=\"column\">\n\t\t\t<div class=\"elementor-widget-wrap elementor-element-populated\">\n\t\t\t\t\t\t<div class=\"elementor-element elementor-element-dbbb4fe elementor-invisible elementor-widget elementor-widget-text-editor\" data-id=\"dbbb4fe\" data-element_type=\"widget\" data-e-type=\"widget\" data-settings=\"{&quot;_animation&quot;:&quot;nussFadeInUp&quot;}\" data-widget_type=\"text-editor.default\">\n\t\t\t\t\t\t\t\t\t<p data-spm-anchor-id=\"a2ty_o01.29997173.0.i10.6bf2c9219dlanX\">Gli ospiti sono entusiasti delle camere pulite e ben attrezzate, che spaziano dalle accoglienti Superior Queen Room di 22 m\u00b2 alle spaziose Executive King Suite di 42 m\u00b2, tutte dotate di biancheria da letto di alta qualit\u00e0, finestre insonorizzate e bagni moderni. Iniziate la giornata con una ricca colazione a buffet con opzioni cinesi e occidentali, per poi rilassarvi dopo le visite turistiche nel centro fitness compatto ma funzionale. Grazie al deposito bagagli gratuito, al servizio di reception 24 ore su 24, 7 giorni su 7 e persino al servizio di parcheggio e riconsegna auto, ogni esigenza \u00e8 prevista e soddisfatta.<\/p><div class=\"my-2\">\u00a0<\/div><p>Ideale per famiglie, coppie e avventurieri solitari, questo hotel si guadagna costantemente recensioni eccellenti per la sua posizione, la pulizia e il rapporto qualit\u00e0-prezzo. \u00c8 uno dei preferiti dai viaggiatori che cercano un soggiorno confortevole e senza pretese, senza rinunciare alla vicinanza alle attrazioni imperdibili di Shanghai. Prenota il tuo soggiorno al Crystal Orange Hotel Shanghai Yu Garden On the Bund e scopri il perfetto equilibrio tra servizio impeccabile, posizione centrale e autentico fascino di Shanghai, il tutto a pochi passi dalle attrazioni pi\u00f9 leggendarie della citt\u00e0.<\/p>\t\t\t\t\t\t\t\t<\/div>\n\t\t\t\t\t<\/div>\n\t\t<\/div>\n\t\t\t\t<div class=\"elementor-column elementor-col-50 elementor-top-column elementor-element elementor-element-ae4a27d\" data-id=\"ae4a27d\" data-element_type=\"column\" data-e-type=\"column\">\n\t\t\t<div class=\"elementor-widget-wrap elementor-element-populated\">\n\t\t\t\t\t\t<div class=\"elementor-element elementor-element-886487a elementor-widget__width-initial elementor-widget-mobile__width-inherit elementor-invisible nuss-elementor-loading nuss-slide-in-right elementor-widget elementor-widget-image\" data-id=\"886487a\" data-element_type=\"widget\" data-e-type=\"widget\" data-settings=\"{&quot;_animation&quot;:&quot;nussSlideInRight&quot;}\" data-widget_type=\"image.default\">\n\t\t\t\t\t\t\t\t\t\t\t\t\t\t\t<img decoding=\"async\" width=\"1280\" height=\"853\" src=\"https:\/\/crystalorangehotelshanghai.com\/wp-content\/uploads\/2025\/11\/Crystal-Orange-Hotel-Shanghai-27.webp\" class=\"attachment-full size-full wp-image-7213\" alt=\"\" srcset=\"https:\/\/crystalorangehotelshanghai.com\/wp-content\/uploads\/2025\/11\/Crystal-Orange-Hotel-Shanghai-27.webp 1280w, https:\/\/crystalorangehotelshanghai.com\/wp-content\/uploads\/2025\/11\/Crystal-Orange-Hotel-Shanghai-27-300x200.webp 300w, https:\/\/crystalorangehotelshanghai.com\/wp-content\/uploads\/2025\/11\/Crystal-Orange-Hotel-Shanghai-27-1024x682.webp 1024w, https:\/\/crystalorangehotelshanghai.com\/wp-content\/uploads\/2025\/11\/Crystal-Orange-Hotel-Shanghai-27-768x512.webp 768w, https:\/\/crystalorangehotelshanghai.com\/wp-content\/uploads\/2025\/11\/Crystal-Orange-Hotel-Shanghai-27-18x12.webp 18w\" sizes=\"(max-width: 1280px) 100vw, 1280px\" \/>\t\t\t\t\t\t\t\t\t\t\t\t\t\t\t<\/div>\n\t\t\t\t\t<\/div>\n\t\t<\/div>\n\t\t\t\t\t<\/div>\n\t\t<\/section>\n\t\t\t\t<section class=\"elementor-section elementor-top-section elementor-element elementor-element-2092b7d0 elementor-section-stretched elementor-section-boxed elementor-section-gap-beside-yes elementor-section-height-default elementor-section-height-default elementor-section-column-vertical-align-stretch\" data-id=\"2092b7d0\" data-element_type=\"section\" data-e-type=\"section\" data-settings=\"{&quot;background_background&quot;:&quot;classic&quot;,&quot;stretch_section&quot;:&quot;section-stretched&quot;}\">\n\t\t\t\t\t\t<div class=\"elementor-container elementor-column-gap-extended\">\n\t\t\t\t\t<div class=\"elementor-column elementor-col-100 elementor-top-column elementor-element elementor-element-be69d75\" data-id=\"be69d75\" data-element_type=\"column\" data-e-type=\"column\">\n\t\t\t<div class=\"elementor-widget-wrap elementor-element-populated\">\n\t\t\t\t\t\t<div class=\"elementor-element elementor-element-320c022 elementor-widget elementor-widget-nuss-heading\" data-id=\"320c022\" data-element_type=\"widget\" data-e-type=\"widget\" data-widget_type=\"nuss-heading.default\">\n\t\t\t\t<div class=\"elementor-widget-container\">\n\t\t\t\t\t\t\t<div class=\"nuss-modern-heading\">\r\n\t\t\t\t\t\t<div class=\"heading-secondary-wrap\">\r\n\t\t\t\t<h3 class=\"heading-secondary elementor-heading-title\">Controlla disponibile <\/h3>\t\t\t<\/div>\r\n\t\t\r\n\t\t\t\r\n\t\t\t\r\n\t\t\t\t\t<\/div>\r\n\t\t\t\t\t<\/div>\n\t\t\t\t<\/div>\n\t\t\t\t<div class=\"elementor-element elementor-element-fe69a93 elementor-widget elementor-widget-text-editor\" data-id=\"fe69a93\" data-element_type=\"widget\" data-e-type=\"widget\" data-widget_type=\"text-editor.default\">\n\t\t\t\t\t\t\t\t\t<iframe border=\"0\" src=\"https:\/\/www.trip.com\/partners\/ad\/S6742899?Allianceid=4590391&#038;SID=275144745&#038;trip_sub1=\" style=\"width:1200px;height:200px\" frameborder=\"0\" scrolling=\"no\" id=\"S6742899\"><\/iframe>\t\t\t\t\t\t\t\t<\/div>\n\t\t\t\t\t<\/div>\n\t\t<\/div>\n\t\t\t\t\t<\/div>\n\t\t<\/section>\n\t\t\t\t<\/div>","protected":false},"excerpt":{"rendered":"<p>Crystal Orange Hotel Shanghai Yu Garden On the Bund: Your Smart, Stylish Gateway to Old &amp; New Shanghai Nestled in the vibrant heart of Huangpu District at No. 399 Renmin Road, the Crystal Orange Hotel Shanghai Yu Garden On the Bund offers a uniquely modern and convenient base for exploring the city\u2019s most iconic landmarks. [&hellip;]<\/p>\n","protected":false},"author":1,"featured_media":0,"parent":0,"menu_order":0,"comment_status":"closed","ping_status":"closed","template":"","meta":{"footnotes":""},"class_list":["post-5266","page","type-page","status-publish","hentry","post-no-thumbnail"],"_links":{"self":[{"href":"https:\/\/crystalorangehotelshanghai.com\/it\/wp-json\/wp\/v2\/pages\/5266","targetHints":{"allow":["GET"]}}],"collection":[{"href":"https:\/\/crystalorangehotelshanghai.com\/it\/wp-json\/wp\/v2\/pages"}],"about":[{"href":"https:\/\/crystalorangehotelshanghai.com\/it\/wp-json\/wp\/v2\/types\/page"}],"author":[{"embeddable":true,"href":"https:\/\/crystalorangehotelshanghai.com\/it\/wp-json\/wp\/v2\/users\/1"}],"replies":[{"embeddable":true,"href":"https:\/\/crystalorangehotelshanghai.com\/it\/wp-json\/wp\/v2\/comments?post=5266"}],"version-history":[{"count":0,"href":"https:\/\/crystalorangehotelshanghai.com\/it\/wp-json\/wp\/v2\/pages\/5266\/revisions"}],"wp:attachment":[{"href":"https:\/\/crystalorangehotelshanghai.com\/it\/wp-json\/wp\/v2\/media?parent=5266"}],"curies":[{"name":"parola chiave","href":"https:\/\/api.w.org\/{rel}","templated":true}]}}