{"id":2106,"date":"2021-03-25T04:08:26","date_gmt":"2021-03-25T04:08:26","guid":{"rendered":"http:\/\/localhost\/nuss\/?page_id=298"},"modified":"2025-11-16T09:39:51","modified_gmt":"2025-11-16T09:39:51","slug":"esperienze","status":"publish","type":"page","link":"https:\/\/crystalorangehotelshanghai.com\/it\/esperienze\/","title":{"rendered":"Recensioni del Crystal Orange Hotel Shanghai Yu Garden On the Bund"},"content":{"rendered":"<div data-elementor-type=\"wp-page\" data-elementor-id=\"2106\" class=\"elementor elementor-2106\">\n\t\t\t\t\t\t<section class=\"elementor-section elementor-top-section elementor-element elementor-element-1954ffc elementor-section-boxed elementor-section-gap-beside-yes elementor-section-height-default elementor-section-height-default elementor-section-column-vertical-align-stretch\" data-id=\"1954ffc\" data-element_type=\"section\" data-e-type=\"section\">\n\t\t\t\t\t\t<div class=\"elementor-container elementor-column-gap-extended\">\n\t\t\t\t\t<div class=\"elementor-column elementor-col-100 elementor-top-column elementor-element elementor-element-86aebc5\" data-id=\"86aebc5\" data-element_type=\"column\" data-e-type=\"column\">\n\t\t\t<div class=\"elementor-widget-wrap elementor-element-populated\">\n\t\t\t\t\t\t<div class=\"elementor-element elementor-element-11803d1 elementor-widget__width-initial elementor-invisible elementor-widget elementor-widget-text-editor\" data-id=\"11803d1\" data-element_type=\"widget\" data-e-type=\"widget\" data-settings=\"{&quot;_animation&quot;:&quot;nussFadeInUp&quot;}\" data-widget_type=\"text-editor.default\">\n\t\t\t\t\t\t\t\t\t<div class=\"svelte-1c06zsf\" data-lang-code=\"\"><p><strong data-spm-anchor-id=\"a2ty_o01.29997173.0.i25.6bf2c9219dlanX\">Crystal Orange Hotel Shanghai Yu Garden On the Bund: recensioni reali degli ospiti ed esperienze non filtrate da oltre 6.274 viaggiatori<\/strong><\/p><\/div>\t\t\t\t\t\t\t\t<\/div>\n\t\t\t\t\t<\/div>\n\t\t<\/div>\n\t\t\t\t\t<\/div>\n\t\t<\/section>\n\t\t<div class=\"elementor-element elementor-element-95e7268 e-flex e-con-boxed e-con e-parent\" data-id=\"95e7268\" data-element_type=\"container\" data-e-type=\"container\">\n\t\t\t\t\t<div class=\"e-con-inner\">\n\t\t\t\t<div class=\"elementor-element elementor-element-bd47571 elementor-widget elementor-widget-image\" data-id=\"bd47571\" data-element_type=\"widget\" data-e-type=\"widget\" data-widget_type=\"image.default\">\n\t\t\t\t\t\t\t\t\t\t\t\t\t\t\t\t<a href=\"https:\/\/www.trip.com\/hotels\/shanghai-hotel-detail-6275850\/crystal-orange-shanghai-bund-yuyuan-hotel\/?Allianceid=4590391&#038;SID=275144745&#038;trip_sub1=&#038;trip_sub3=D6742633\" target=\"_blank\" rel=\"noopener\">\n\t\t\t\t\t\t\t<img fetchpriority=\"high\" decoding=\"async\" width=\"1714\" height=\"1144\" src=\"https:\/\/crystalorangehotelshanghai.com\/wp-content\/uploads\/2025\/11\/reviews.jpg\" class=\"attachment-full size-full wp-image-7332\" alt=\"\" srcset=\"https:\/\/crystalorangehotelshanghai.com\/wp-content\/uploads\/2025\/11\/reviews.jpg 1714w, https:\/\/crystalorangehotelshanghai.com\/wp-content\/uploads\/2025\/11\/reviews-300x200.jpg 300w, https:\/\/crystalorangehotelshanghai.com\/wp-content\/uploads\/2025\/11\/reviews-1024x683.jpg 1024w, https:\/\/crystalorangehotelshanghai.com\/wp-content\/uploads\/2025\/11\/reviews-768x513.jpg 768w, https:\/\/crystalorangehotelshanghai.com\/wp-content\/uploads\/2025\/11\/reviews-1536x1025.jpg 1536w, https:\/\/crystalorangehotelshanghai.com\/wp-content\/uploads\/2025\/11\/reviews-18x12.jpg 18w\" sizes=\"(max-width: 1714px) 100vw, 1714px\" \/>\t\t\t\t\t\t\t\t<\/a>\n\t\t\t\t\t\t\t\t\t\t\t\t\t\t\t<\/div>\n\t\t\t\t\t<\/div>\n\t\t\t\t<\/div>\n\t\t<div class=\"elementor-element elementor-element-3e39171 e-flex e-con-boxed e-con e-parent\" data-id=\"3e39171\" data-element_type=\"container\" data-e-type=\"container\">\n\t\t\t\t\t<div class=\"e-con-inner\">\n\t\t\t\t<div class=\"elementor-element elementor-element-7761d0c elementor-widget elementor-widget-text-editor\" data-id=\"7761d0c\" data-element_type=\"widget\" data-e-type=\"widget\" data-widget_type=\"text-editor.default\">\n\t\t\t\t\t\t\t\t\t<p>Quando si pianifica un viaggio a Shanghai, la scelta dell&#039;hotel giusto pu\u00f2 fare la differenza. Per i viaggiatori che cercano un mix perfetto di <strong>posizione centrale, comfort moderno e servizio intelligente<\/strong>, IL <strong>Crystal Orange Hotel Shanghai Yu Garden On the Bund<\/strong> al n. 399 di Renmin Road \u00e8 emerso come un gioiello di prima qualit\u00e0, supportato da oltre <strong>6.274 recensioni verificate degli ospiti<\/strong> su Trip.com con un eccezionale <strong>Valutazione 9,4\/10<\/strong>.<\/p><div class=\"my-2\">\u00a0<\/div><p>Ecco cosa dicono i veri ospiti dei loro soggiorni, suddivisi nelle categorie chiave pi\u00f9 importanti per i viaggiatori esigenti di oggi.<\/p><div class=\"my-2\">\u00a0<\/div><div class=\"py-2 my-3\"><hr \/><\/div><div class=\"my-2\">\u00a0<\/div><h3>\ud83c\udf1f <strong>Verdetto degli ospiti: &quot;Accogliente, pulito e in posizione perfetta&quot;\u201c<\/strong><\/h3><p>Il giudizio unanime? Questo hotel offre un rapporto qualit\u00e0-prezzo eccezionale per la sua posizione privilegiata. Un recensore lo ha riassunto perfettamente: <em>\u201cCamera accogliente e posizione comoda. A pochi minuti a piedi dalla stazione della metropolitana. Ottima scelta per un breve viaggio.\u201d<\/em><\/p><div class=\"my-2\">\u00a0<\/div><p>Grazie alla sua posizione nel cuore del distretto di Huangpu, gli ospiti sono entusiasti di essere a pochi passi da <strong>Giardino Yu<\/strong>, a due passi da <strong>Il Bund<\/strong>, e solo <strong>210 metri (3 minuti a piedi)<\/strong> dal <strong>Stazione della metropolitana Yuyuan Garden<\/strong>. Che siate alla ricerca di monumenti culturali, quartieri dello shopping come Nanjing Road o viste sul fiume dello skyline di Pudong, tutto \u00e8 facilmente raggiungibile.<\/p><div class=\"my-2\">\u00a0<\/div><div class=\"py-2 my-3\"><hr \/><\/div><div class=\"my-2\">\u00a0<\/div><h3>\ud83d\udecf\ufe0f <strong>Esperienza in camera: pulita, moderna ed elegante, ma le dimensioni variano<\/strong><\/h3><p>Gli ospiti lodano costantemente il <strong>pulizia (9,5\/10)<\/strong> E <strong>comfort moderni<\/strong> delle stanze. Molti sottolineano l&#039;inclusione di <strong>pannelli di controllo intelligenti<\/strong> per l&#039;illuminazione, la temperatura e le tende: un tocco gradito per i viaggiatori esperti di tecnologia.<\/p><div class=\"my-2\">\u00a0<\/div><ul dir=\"auto\"><li><strong>Camere Superior Queen (22 m\u00b2)<\/strong>: Compatto ma ben progettato, ideale per viaggiatori singoli o coppie in soggiorno breve.<\/li><li><strong>Camere Executive Deluxe King (42 m\u00b2)<\/strong>: Spazioso e luminoso, spesso consigliato a chi cerca maggiore comfort o alle famiglie.<\/li><li><strong>Camere Deluxe con Balcone<\/strong>: Una delle preferite dagli ospiti che vogliono godersi l&#039;aria fresca e la vista sulla citt\u00e0.<\/li><\/ul><div class=\"my-2\">\u00a0<\/div><p>Un viaggiatore ha segnalato di aver ricevuto un upgrade gratuito a una camera pi\u00f9 spaziosa durante i lavori di ristrutturazione e, nonostante il rumore diurno dovuto ai lavori, il sonno notturno \u00e8 stato indisturbato grazie a <strong>finestre insonorizzate<\/strong>.<\/p><div class=\"my-2\">\u00a0<\/div><p><em>\u201cLa camera era pulita e la doccia aveva un&#039;ottima pressione dell&#039;acqua e un ottimo controllo della temperatura,\u201d<\/em> ha condiviso un ospite, riecheggiando i sentimenti espressi in centinaia di recensioni.<\/p><div class=\"my-2\">\u00a0<\/div><div class=\"py-2 my-3\"><hr \/><\/div><div class=\"my-2\">\u00a0<\/div><h3>\ud83c\udf7d\ufe0f <strong>Colazione a buffet: discreta variet\u00e0, orari di punta affollati<\/strong><\/h3><p>La colazione a buffet dell&#039;hotel si distingue per variet\u00e0 e praticit\u00e0. Viene servita tutti i giorni dalle <strong>06:30\u201310:00 (lun\u2013ven)<\/strong> E <strong>07:00\u201310:30 (sabato\u2013domenica)<\/strong>, offre un mix di <strong>Opzioni cinesi e occidentali<\/strong>, tra cui dolci, uova, pasta e specialit\u00e0 locali.<\/p><div class=\"my-2\">\u00a0<\/div><p>Sebbene molti ospiti lo trovino &quot;decente&quot; e &quot;sufficiente&quot; per una giornata di visite turistiche, alcuni notano che pu\u00f2 essere affollato nelle ore di punta. I prezzi sono chiari:<\/p><ul dir=\"auto\"><li><strong>Adulti<\/strong>: 68 CNY (~$9.58)<\/li><li><strong>Bambini sotto 1,3 m<\/strong>: Gratuito<\/li><li><strong>Bambini di altezza superiore a 1,3 m<\/strong>: 68 yuan<\/li><\/ul><div class=\"my-2\">\u00a0<\/div><p><em>\u201c&quot;Il buffet della colazione era decente, pu\u00f2 essere piuttosto affollato&quot;,\u201d<\/em> ha ammesso un recensore, aggiungendo per\u00f2 che la qualit\u00e0 compensava il trambusto.<\/p><div class=\"my-2\">\u00a0<\/div><div class=\"py-2 my-3\"><hr \/><\/div><div class=\"my-2\">\u00a0<\/div><h3>\ud83d\udcbc <strong>Servizi aziendali e tecnologici: progettati per l&#039;efficienza<\/strong><\/h3><p>Per i viaggiatori d&#039;affari, l&#039;hotel offre un alto livello di praticit\u00e0. Caratteristiche come <strong>chioschi self-check-in<\/strong>, <strong>strumenti di traduzione<\/strong>, <strong>Wi-Fi gratuito<\/strong> in tutto, e <strong>accesso al centro commerciale<\/strong> (con fax\/fotocopie gratuiti) ne fanno una base di lavoro perfetta.<\/p><div class=\"my-2\">\u00a0<\/div><p>Gli ospiti apprezzano anche la disponibilit\u00e0 di <strong>spazi di coworking<\/strong> E <strong>sale polifunzionali<\/strong> (disponibile a un costo aggiuntivo), perfetto per piccole riunioni o momenti di concentrazione tranquilla. <strong>reception aperta 24 ore su 24<\/strong> E <strong>check-in\/out espresso<\/strong> garantire flessibilit\u00e0 per i voli in anticipo o in ritardo.<\/p><div class=\"my-2\">\u00a0<\/div><div class=\"py-2 my-3\"><hr \/><\/div><div class=\"my-2\">\u00a0<\/div><h3>\ud83e\uddf3 <strong>Servizio e personale: per lo pi\u00f9 cordiali, con margini di miglioramento<\/strong><\/h3><p>Valutazioni medie del servizio <strong>9.4\/10<\/strong>, con molti ospiti che hanno elogiato il <strong>personale disponibile addetto alle pulizie e al ristorante<\/strong>. Tuttavia, alcuni recensori hanno segnalato esperienze incoerenti alla reception, in particolare nei periodi di maggiore affluenza.<\/p><div class=\"my-2\">\u00a0<\/div><p><em>\u201cIl personale alla reception durante il check-in non \u00e8 stato molto cordiale, ma il personale delle pulizie e del ristorante \u00e8 stato gentile,\u201d<\/em> ha scritto un ospite, un&#039;osservazione condivisa da altri che hanno ritenuto che le interazioni iniziali avrebbero potuto essere pi\u00f9 accoglienti.<\/p><div class=\"my-2\">\u00a0<\/div><p>Detto questo, la maggior parte concorda sul fatto che l&#039;hotel <strong>deposito bagagli (gratuito)<\/strong>, <strong>servizio di prenotazione taxi<\/strong>, E <strong>servizio di parcheggio e riconsegna auto (gratuito)<\/strong> aggiungono notevole comodit\u00e0, soprattutto quando ci si muove nelle trafficate strade di Shanghai.<\/p><div class=\"my-2\">\u00a0<\/div><div class=\"py-2 my-3\"><hr \/><\/div><div class=\"my-2\">\u00a0<\/div><h3>\u26a0\ufe0f <strong>Suggerimenti degli ospiti: rumore, odore e coerenza<\/strong><\/h3><p>Nessun hotel \u00e8 perfetto, e il Crystal Orange non fa eccezione. Sulla base di riepiloghi delle recensioni basati sull&#039;intelligenza artificiale e feedback diretto, ecco i suggerimenti di miglioramento pi\u00f9 comuni:<\/p><div class=\"my-2\">\u00a0<\/div><ul dir=\"auto\"><li><strong>Rumore di ristrutturazione<\/strong>: Diversi ospiti hanno segnalato rumori di lavori in corso durante le ore diurne. Sebbene non abbiano disturbato il sonno, vale la pena segnalarlo a chi \u00e8 sensibile ai rumori.<\/li><li><strong>Odori della stanza<\/strong>: Un piccolo numero di recensori ha segnalato odori persistenti in alcune stanze, il che suggerisce potenziali problemi di ventilazione.<\/li><li><strong>Coerenza del servizio<\/strong>: Alcuni hanno ritenuto che la qualit\u00e0 del servizio variasse a seconda del reparto o del turno.<\/li><\/ul><div class=\"my-2\">\u00a0<\/div><p>Nonostante queste piccole critiche, la stragrande maggioranza continua a valutare il proprio soggiorno come <strong>\u201ceccezionale\u201d o \u201cmolto buono\u201d,\u201d<\/strong> evidenziando la capacit\u00e0 dell&#039;hotel di mantenere le promesse fondamentali: <strong>camere pulite, ottima posizione e servizi affidabili<\/strong>.<\/p><div class=\"my-2\">\u00a0<\/div><div class=\"py-2 my-3\"><hr \/><\/div><div class=\"my-2\">\u00a0<\/div><h3>\ud83d\udcc8 <strong>Perch\u00e9 si classifica #8 tra gli hotel a 4 stelle di Shanghai<\/strong><\/h3><p>Con un <strong>Punteggio complessivo 9,4<\/strong>, il Crystal Orange Hotel si distingue nel competitivo segmento a 4 stelle di Shanghai, non solo per la sua posizione, ma anche per la sua <strong>design intelligente, pulizia costante e tocchi premurosi<\/strong> come i robot di servizio e il check-in digitale.<\/p><div class=\"my-2\">\u00a0<\/div><p>\u00c8 particolarmente apprezzato da:<\/p><ul dir=\"auto\"><li><strong>Viaggiatori solitari<\/strong> ricerca di efficienza e sicurezza<\/li><li><strong>Coppie<\/strong> desiderando la vicinanza a luoghi romantici come il Bund<\/li><li><strong>Famiglie<\/strong> apprezzando le politiche a misura di bambino (i bambini sotto i 18 anni soggiornano gratuitamente senza letti supplementari)<\/li><li><strong>Ospiti d&#039;affari<\/strong> bisogno di connettivit\u00e0 e supporto per riunioni<\/li><\/ul><div class=\"my-2\">\u00a0<\/div><div class=\"py-2 my-3\"><hr \/><\/div><div class=\"my-2\">\u00a0<\/div><h3>\u2705 <strong>Conclusione: una scelta intelligente e centrale per gli esploratori di Shanghai<\/strong><\/h3><p>Se stai cercando un hotel che ti immerga nel cuore della magia di Shanghai, con <strong>L&#039;antico fascino del Giardino Yu<\/strong> E <strong>Lo scintillante skyline del Bund<\/strong> Letteralmente dietro l&#039;angolo: il Crystal Orange Hotel Shanghai Yu Garden On the Bund \u00e8 la risposta. Non avr\u00e0 una piscina o servizi di lusso, ma eccelle dove serve: <strong>posizione, pulizia, integrazione tecnologica e valore<\/strong>.<\/p><div class=\"my-2\">\u00a0<\/div><p>Come ha affermato un ospite recente: <em>\u201cCamera bella e spaziosa. Personale cordiale, check-in facile. Ottima posizione, vicino alla stazione ferroviaria, a meno di 5 minuti a piedi.\u201d<\/em><\/p><div class=\"my-2\">\u00a0<\/div><p>Prenota il tuo soggiorno, immergiti nell&#039;energia della vecchia e nuova Shanghai e lascia che Crystal Orange sia la tua base elegante e raffinata per avventure indimenticabili.<\/p><div class=\"my-2\">\u00a0<\/div><div class=\"py-2 my-3\"><hr \/><\/div><div class=\"my-2\">\u00a0<\/div><p><strong>Suggerimento professionale<\/strong>: Controlla gli aggiornamenti sui lavori di ristrutturazione prima di prenotare: se sei sensibile al rumore, valuta la possibilit\u00e0 di richiedere un piano pi\u00f9 alto o di chiedere informazioni sulle ali pi\u00f9 silenziose. E non dimenticare di approfittare del <strong>deposito bagagli gratuito<\/strong> E <strong>Reception aperta 24 ore su 24, 7 giorni su 7<\/strong> per massimizzare il tuo tempo di esplorazione!<\/p><div class=\"my-2\">\u00a0<\/div><p data-spm-anchor-id=\"a2ty_o01.29997173.0.i27.6bf2c9219dlanX\"><strong>Pronti a vivere Shanghai come la gente del posto?<\/strong> Prenota oggi stesso il tuo soggiorno al Crystal Orange Hotel Shanghai Yu Garden On the Bund e unisciti alle migliaia di ospiti soddisfatti che hanno scoperto perch\u00e9 questo hotel \u00e8 una stella nascosta nel vivace panorama alberghiero della citt\u00e0.<\/p>\t\t\t\t\t\t\t\t<\/div>\n\t\t\t\t\t<\/div>\n\t\t\t\t<\/div>\n\t\t\t\t<section class=\"elementor-section elementor-top-section elementor-element elementor-element-bd1905a elementor-section-stretched elementor-section-boxed elementor-section-gap-beside-yes elementor-section-height-default elementor-section-height-default elementor-section-column-vertical-align-stretch\" data-id=\"bd1905a\" data-element_type=\"section\" data-e-type=\"section\" data-settings=\"{&quot;background_background&quot;:&quot;classic&quot;,&quot;stretch_section&quot;:&quot;section-stretched&quot;}\">\n\t\t\t\t\t\t<div class=\"elementor-container elementor-column-gap-extended\">\n\t\t\t\t\t<div class=\"elementor-column elementor-col-100 elementor-top-column elementor-element elementor-element-11f17a64\" data-id=\"11f17a64\" data-element_type=\"column\" data-e-type=\"column\">\n\t\t\t<div class=\"elementor-widget-wrap elementor-element-populated\">\n\t\t\t\t\t\t<div class=\"elementor-element elementor-element-6a5126f1 elementor-widget elementor-widget-nuss-heading\" data-id=\"6a5126f1\" data-element_type=\"widget\" data-e-type=\"widget\" data-widget_type=\"nuss-heading.default\">\n\t\t\t\t<div class=\"elementor-widget-container\">\n\t\t\t\t\t\t\t<div class=\"nuss-modern-heading\">\r\n\t\t\t\t\t\t<div class=\"heading-secondary-wrap\">\r\n\t\t\t\t<h3 class=\"heading-secondary elementor-heading-title\">Controlla disponibile <\/h3>\t\t\t<\/div>\r\n\t\t\r\n\t\t\t\r\n\t\t\t\r\n\t\t\t\t\t<\/div>\r\n\t\t\t\t\t<\/div>\n\t\t\t\t<\/div>\n\t\t\t\t<div class=\"elementor-element elementor-element-59221db0 elementor-widget elementor-widget-text-editor\" data-id=\"59221db0\" data-element_type=\"widget\" data-e-type=\"widget\" data-widget_type=\"text-editor.default\">\n\t\t\t\t\t\t\t\t\t<iframe border=\"0\" src=\"https:\/\/www.trip.com\/partners\/ad\/S6742899?Allianceid=4590391&#038;SID=275144745&#038;trip_sub1=\" style=\"width:1200px;height:200px\" frameborder=\"0\" scrolling=\"no\" id=\"S6742899\"><\/iframe>\t\t\t\t\t\t\t\t<\/div>\n\t\t\t\t\t<\/div>\n\t\t<\/div>\n\t\t\t\t\t<\/div>\n\t\t<\/section>\n\t\t\t\t<\/div>","protected":false},"excerpt":{"rendered":"<p>Crystal Orange Hotel Shanghai Yu Garden On the Bund: Real Guest Reviews &amp; Unfiltered Experiences from 6,274+ Travelers When planning a trip to Shanghai, choosing the right hotel can make or break your experience. For travelers seeking a perfect blend of central location, modern comfort, and smart service, the Crystal Orange Hotel Shanghai Yu Garden [&hellip;]<\/p>\n","protected":false},"author":1,"featured_media":0,"parent":0,"menu_order":0,"comment_status":"closed","ping_status":"closed","template":"","meta":{"footnotes":""},"class_list":["post-2106","page","type-page","status-publish","hentry","post-no-thumbnail"],"_links":{"self":[{"href":"https:\/\/crystalorangehotelshanghai.com\/it\/wp-json\/wp\/v2\/pages\/2106","targetHints":{"allow":["GET"]}}],"collection":[{"href":"https:\/\/crystalorangehotelshanghai.com\/it\/wp-json\/wp\/v2\/pages"}],"about":[{"href":"https:\/\/crystalorangehotelshanghai.com\/it\/wp-json\/wp\/v2\/types\/page"}],"author":[{"embeddable":true,"href":"https:\/\/crystalorangehotelshanghai.com\/it\/wp-json\/wp\/v2\/users\/1"}],"replies":[{"embeddable":true,"href":"https:\/\/crystalorangehotelshanghai.com\/it\/wp-json\/wp\/v2\/comments?post=2106"}],"version-history":[{"count":0,"href":"https:\/\/crystalorangehotelshanghai.com\/it\/wp-json\/wp\/v2\/pages\/2106\/revisions"}],"wp:attachment":[{"href":"https:\/\/crystalorangehotelshanghai.com\/it\/wp-json\/wp\/v2\/media?parent=2106"}],"curies":[{"name":"parola chiave","href":"https:\/\/api.w.org\/{rel}","templated":true}]}}