{"id":2104,"date":"2021-03-23T09:33:48","date_gmt":"2021-03-23T09:33:48","guid":{"rendered":"http:\/\/localhost\/nuss\/?page_id=167"},"modified":"2025-11-16T09:48:27","modified_gmt":"2025-11-16T09:48:27","slug":"la-nostra-storia","status":"publish","type":"page","link":"https:\/\/crystalorangehotelshanghai.com\/it\/la-nostra-storia\/","title":{"rendered":"La nostra storia"},"content":{"rendered":"<div data-elementor-type=\"wp-page\" data-elementor-id=\"2104\" class=\"elementor elementor-2104\">\n\t\t\t\t\t\t<section class=\"elementor-section elementor-top-section elementor-element elementor-element-8f5bb9d elementor-section-boxed elementor-section-gap-beside-yes elementor-section-height-default elementor-section-height-default elementor-section-column-vertical-align-stretch\" data-id=\"8f5bb9d\" data-element_type=\"section\" data-e-type=\"section\">\n\t\t\t\t\t\t<div class=\"elementor-container elementor-column-gap-extended\">\n\t\t\t\t\t<div class=\"elementor-column elementor-col-100 elementor-top-column elementor-element elementor-element-7ec4215\" data-id=\"7ec4215\" data-element_type=\"column\" data-e-type=\"column\">\n\t\t\t<div class=\"elementor-widget-wrap elementor-element-populated\">\n\t\t\t\t\t\t<div class=\"elementor-element elementor-element-edd9d03 elementor-widget__width-initial elementor-invisible elementor-widget elementor-widget-text-editor\" data-id=\"edd9d03\" data-element_type=\"widget\" data-e-type=\"widget\" data-settings=\"{&quot;_animation&quot;:&quot;nussFadeInUp&quot;}\" data-widget_type=\"text-editor.default\">\n\t\t\t\t\t\t\t\t\t<p><strong data-spm-anchor-id=\"a2ty_o01.29997173.0.i39.6bf2c9219dlanX\">La nostra storia: dove la semplicit\u00e0 moderna incontra l&#039;anima senza tempo di Shanghai<\/strong><\/p>\t\t\t\t\t\t\t\t<\/div>\n\t\t\t\t\t<\/div>\n\t\t<\/div>\n\t\t\t\t\t<\/div>\n\t\t<\/section>\n\t\t<div class=\"elementor-element elementor-element-ae7e42f e-flex e-con-boxed e-con e-parent\" data-id=\"ae7e42f\" data-element_type=\"container\" data-e-type=\"container\">\n\t\t\t\t\t<div class=\"e-con-inner\">\n\t\t\t\t<div class=\"elementor-element elementor-element-136c3a3 elementor-widget elementor-widget-text-editor\" data-id=\"136c3a3\" data-element_type=\"widget\" data-e-type=\"widget\" data-widget_type=\"text-editor.default\">\n\t\t\t\t\t\t\t\t\t<p data-spm-anchor-id=\"a2ty_o01.29997173.0.i40.6bf2c9219dlanX\">Nel cuore del quartiere pi\u00f9 storico di Shanghai, dove antichi giardini sussurrano storie di dinastie passate e lo scintillante Bund pulsa al ritmo del futuro, sorge una silenziosa rivoluzione nell&#039;ospitalit\u00e0: <strong>Crystal Orange Hotel Shanghai Yu Garden On the Bund<\/strong>.<\/p><p>Non siamo solo un altro hotel. Siamo una storia plasmata dal luogo, dallo scopo e dalle persone, nata dalla visione di offrire ai viaggiatori pi\u00f9 di una semplice camera, ma un&#039;esperienza che armonizzi la praticit\u00e0 intelligente con l&#039;immersione culturale. Il nostro viaggio non \u00e8 iniziato con un&#039;architettura grandiosa o hall opulente, ma con una semplice domanda: <em>Come possiamo rendere il tuo soggiorno a Shanghai semplice, autentico e unicamente tuo?<\/em><\/p><div class=\"py-2 my-3\"><hr \/><\/div><h3>\ud83c\udfd9\ufe0f Un luogo che racconta mille storie<\/h3><p>Il nostro indirizzo \u2014 <strong>N. 399 Renmin Road, distretto di Huangpu<\/strong> \u2014 non \u00e8 un caso. \u00c8 qui che converge l&#039;anima di Shanghai. A pochi passi si trova <strong>Giardino Yu<\/strong>, un capolavoro della dinastia Ming con padiglioni, giardini rocciosi e stagni di koi che ha accolto imperatori, studiosi e sognatori per oltre 400 anni. E oltre i suoi cancelli, il <strong>Bund<\/strong> si estende come un museo vivente: facciate Art D\u00e9co illuminate sul fiume Huangpu, dove il passato coloniale della citt\u00e0 incontra il suo skyline futuristico.<\/p><p>Abbiamo scelto questa location perch\u00e9 crediamo che il viaggio debba essere un&#039;esperienza di connessione: con la storia, con la cultura, con il cuore pulsante della citt\u00e0. Partendo da qui, potrete passeggiare per vicoli secolari, sorseggiare un t\u00e8 in una sala da t\u00e8 accanto a una porta della luna, poi passeggiare sul lungomare mentre i grattacieli di Pudong si illuminano al tramonto. Non state solo visitando Shanghai: la state vivendo.<\/p><div class=\"py-2 my-3\"><hr \/><\/div><h3>\ud83e\udded La nascita di Crystal Orange: elegante, raffinato, senza soluzione di continuit\u00e0<\/h3><p>Lanciato nel 2020, il Crystal Orange Hotel Shanghai Yu Garden On the Bund \u00e8 stato concepito come parte di un marchio lungimirante, dedicato a ridefinire il soggiorno urbano per il viaggiatore moderno. Non ci siamo prefissati di competere con palazzi di lusso o ostelli economici: il nostro obiettivo era creare una via di mezzo: <strong>un santuario di design intelligente, servizio attento e comfort senza pretese<\/strong>.<\/p><p>Le nostre camere riflettono questa filosofia: spazi minimalisti e dalle linee pulite, arricchiti da tocchi tecnologici: pannelli di controllo intelligenti che consentono di regolare l&#039;illuminazione, la temperatura e le tende con un tocco; finestre insonorizzate che attutiscono il trambusto della citt\u00e0 lasciando entrare la luce naturale; e layout compatti ma efficienti che massimizzano il comfort senza sacrificare lo stile.<\/p><p>Ma la nostra &quot;intelligenza&quot; non si ferma ai gadget. \u00c8 nei dettagli:<br \/>\u2192 <strong>Chioschi self-check-in<\/strong> per gli ospiti che arrivano tardi o presto<br \/>\u2192 <strong>Robot di servizio<\/strong> offrire servizi con un sorriso (e un segnale acustico)<br \/>\u2192 <strong>Strumenti di traduzione<\/strong> disponibile in loco per gli ospiti internazionali<br \/>\u2192 <strong>Wi-Fi gratuito<\/strong> che ti tiene connesso sia che tu stia lavorando da remoto o condividendo foto del tuo tramonto sul Bund<\/p><p>Sappiamo che il viaggiatore di oggi attribuisce importanza al tempo, alla chiarezza e al controllo, per questo abbiamo creato un hotel che offre tutti e tre.<\/p><div class=\"py-2 my-3\"><hr \/><\/div><h3>\ud83c\udf3f Progettato per persone vere, viaggi veri<\/h3><p>Che siate esploratori solitari alla ricerca di templi nascosti, una coppia che festeggia un anniversario sotto le luci al neon del Bund o un viaggiatore d&#039;affari che corre da una riunione all&#039;altra, abbiamo progettato ogni elemento del vostro soggiorno tenendo conto del vostro ritmo.<\/p><ul dir=\"auto\"><li><strong>Per le famiglie<\/strong>: I bambini sotto i 18 anni soggiornano gratuitamente e forniamo accappatoi, pantofole, spazzolini da denti, giocattoli e giochi da tavolo, perch\u00e9 bambini felici significano genitori rilassati.<\/li><li><strong>Per i professionisti<\/strong>: Spazi di coworking, un business center con servizio fax\/fotocopie gratuito e sale multifunzionali per piccole riunioni garantiscono che la produttivit\u00e0 non passi mai in secondo piano.<\/li><li><strong>Per chi cerca il tempo libero<\/strong>: Iniziate la giornata con una ricca colazione a buffet che unisce sapori cinesi e occidentali, rilassatevi nella nostra piccola palestra o semplicemente sedetevi sul balcone (in alcune camere) a guardare il mondo che passa.<\/li><\/ul><p>E s\u00ec, sappiamo che vuoi esplorare. Ecco perch\u00e9 ci siamo assicurati che tu sia solo <strong>210 metri (3 minuti a piedi)<\/strong> dal <strong>Stazione della metropolitana Yuyuan Garden<\/strong>, mettendo l&#039;intera rete metropolitana di Shanghai e tutte le sue meraviglie a portata di mano.<\/p><div class=\"py-2 my-3\"><hr \/><\/div><h3>\ud83e\udd1d La nostra promessa: calore senza fronzoli<\/h3><p>Non pretendiamo di essere impeccabili, e non ne abbiamo bisogno. Quello che offriamo invece \u00e8 <strong>cura genuina, esecuzione coerente e impegno per rendere il tuo soggiorno senza intoppi<\/strong>. Il nostro personale non sempre indossa uniformi formali o si inchina in modo formale, ma vi accoglier\u00e0 con un sorriso sincero, vi aiuter\u00e0 a prenotare un taxi, a depositare i vostri bagagli mentre visitate la citt\u00e0 e risolver\u00e0 silenziosamente qualsiasi inconveniente prima ancora che ve ne accorgiate.<\/p><p>Gli ospiti ci hanno detto che siamo &quot;accoglienti&quot;, &quot;comodi&quot; e &quot;perfetti per un breve viaggio&quot;. Un recensore ha detto:, <em>\u201cCamera bella e spaziosa. Personale cordiale, check-in facile. Ottima posizione, vicino alla stazione ferroviaria, a meno di 5 minuti a piedi.\u201d<\/em> Un altro ha aggiunto:, <em>\u201cHo ricevuto un upgrade gratuito... per fortuna non c&#039;era rumore durante la notte, quindi non ha influito sul mio sonno.\u201d<\/em><\/p><p>Queste non sono linee di marketing: sono le voci di veri viaggiatori che ci hanno scelto pi\u00f9 e pi\u00f9 volte. Con oltre <strong>6.274 recensioni verificate e una valutazione di 9,4\/10<\/strong>, Siamo orgogliosi di essere annoverati tra i migliori hotel a 4 stelle di Shanghai, non per lo sfarzo, ma per la grinta, la grazia e la cura dei piccoli dettagli.<\/p><div class=\"py-2 my-3\"><hr \/><\/div><h3>\ud83d\udcc8 Pi\u00f9 di un soggiorno: un capitolo della tua avventura a Shanghai<\/h3><p>La nostra storia non \u00e8 scritta nel marmo o nella foglia d&#039;oro, ma \u00e8 incisa nei passi di migliaia di persone che hanno varcato le nostre porte, lasciandosi dietro un ricordo: il primo sguardo allo stagno dei loti del Giardino Yu, il sapore degli xiaolongbao al vapore dopo una lunga giornata, la tranquilla soddisfazione di fare il check-in in una stanza pulita e moderna dopo aver esplorato l&#039;energia della citt\u00e0.<\/p><p>Siamo qui per essere la vostra ancora: un punto di riferimento tranquillo e affidabile da cui partire per le vostre esplorazioni. Che sorseggiate un caff\u00e8 nella nostra caffetteria nella hall prima di dirigervi al Tempio della Citt\u00e0, scattiate foto del Bund all&#039;ora d&#039;oro o semplicemente vi rilassiate dopo una giornata trascorsa a passeggiare per Nanjing Road, vogliamo che vi sentiate come se aveste trovato il vostro angolo di Shanghai.<\/p><div class=\"py-2 my-3\"><hr \/><\/div><h3>\ud83c\udf05 Guardando avanti: evolvendo con te<\/h3><p>Shanghai continua a crescere, cambiare e stupire, e lo facciamo anche noi. Ascoltiamo i nostri ospiti \u2013 i loro suggerimenti, i loro elogi, le loro critiche \u2013 e li utilizziamo per perfezionare, migliorare e innovare. Ristrutturazioni in corso? Vi terremo informati. Nuove funzionalit\u00e0 tecnologiche? Le implementeremo con facilit\u00e0. Migliori opzioni per la colazione? Le stiamo gi\u00e0 assaggiando.<\/p><p>Perch\u00e9 al Crystal Orange Hotel Shanghai Yu Garden On the Bund, <strong>il tuo viaggio \u00e8 la nostra missione<\/strong>. Non ci limitiamo a raccontare la nostra storia: ti aiutiamo a scrivere la tua.<\/p><p>Benvenuti nella vostra nuova base preferita a Shanghai.<br \/>Cominciamo.<\/p><p>\u2014<\/p><p data-spm-anchor-id=\"a2ty_o01.29997173.0.i41.6bf2c9219dlanX\"><strong>Crystal Orange Hotel Shanghai Yu Garden On the Bund<\/strong><br \/><em>Dove la tradizione incontra la tecnologia. Dove la location diventa eredit\u00e0. Dove inizia la tua storia.<\/em><\/p>\t\t\t\t\t\t\t\t<\/div>\n\t\t\t\t\t<\/div>\n\t\t\t\t<\/div>\n\t\t\t\t<section class=\"elementor-section elementor-top-section elementor-element elementor-element-6a5f4578 elementor-section-stretched elementor-section-boxed elementor-section-gap-beside-yes elementor-section-height-default elementor-section-height-default elementor-section-column-vertical-align-stretch\" data-id=\"6a5f4578\" data-element_type=\"section\" data-e-type=\"section\" data-settings=\"{&quot;background_background&quot;:&quot;classic&quot;,&quot;stretch_section&quot;:&quot;section-stretched&quot;}\">\n\t\t\t\t\t\t<div class=\"elementor-container elementor-column-gap-extended\">\n\t\t\t\t\t<div class=\"elementor-column elementor-col-100 elementor-top-column elementor-element elementor-element-4dfc946a\" data-id=\"4dfc946a\" data-element_type=\"column\" data-e-type=\"column\">\n\t\t\t<div class=\"elementor-widget-wrap elementor-element-populated\">\n\t\t\t\t\t\t<div class=\"elementor-element elementor-element-1476343b elementor-widget elementor-widget-nuss-heading\" data-id=\"1476343b\" data-element_type=\"widget\" data-e-type=\"widget\" data-widget_type=\"nuss-heading.default\">\n\t\t\t\t<div class=\"elementor-widget-container\">\n\t\t\t\t\t\t\t<div class=\"nuss-modern-heading\">\r\n\t\t\t\t\t\t<div class=\"heading-secondary-wrap\">\r\n\t\t\t\t<h3 class=\"heading-secondary elementor-heading-title\">Controlla disponibile <\/h3>\t\t\t<\/div>\r\n\t\t\r\n\t\t\t\r\n\t\t\t\r\n\t\t\t\t\t<\/div>\r\n\t\t\t\t\t<\/div>\n\t\t\t\t<\/div>\n\t\t\t\t<div class=\"elementor-element elementor-element-6337c33e elementor-widget elementor-widget-text-editor\" data-id=\"6337c33e\" data-element_type=\"widget\" data-e-type=\"widget\" data-widget_type=\"text-editor.default\">\n\t\t\t\t\t\t\t\t\t<iframe border=\"0\" src=\"https:\/\/www.trip.com\/partners\/ad\/S6742899?Allianceid=4590391&#038;SID=275144745&#038;trip_sub1=\" style=\"width:1200px;height:200px\" frameborder=\"0\" scrolling=\"no\" id=\"S6742899\"><\/iframe>\t\t\t\t\t\t\t\t<\/div>\n\t\t\t\t\t<\/div>\n\t\t<\/div>\n\t\t\t\t\t<\/div>\n\t\t<\/section>\n\t\t\t\t<\/div>","protected":false},"excerpt":{"rendered":"<p>Our Story: Where Modern Simplicity Meets Shanghai\u2019s Timeless Soul At the heart of Shanghai\u2019s most historic district, where ancient gardens whisper tales of dynasties past and the glittering Bund pulses with the rhythm of tomorrow, stands a quiet revolution in hospitality \u2014 Crystal Orange Hotel Shanghai Yu Garden On the Bund. We are not just [&hellip;]<\/p>\n","protected":false},"author":1,"featured_media":0,"parent":0,"menu_order":0,"comment_status":"closed","ping_status":"closed","template":"","meta":{"footnotes":""},"class_list":["post-2104","page","type-page","status-publish","hentry","post-no-thumbnail"],"_links":{"self":[{"href":"https:\/\/crystalorangehotelshanghai.com\/it\/wp-json\/wp\/v2\/pages\/2104","targetHints":{"allow":["GET"]}}],"collection":[{"href":"https:\/\/crystalorangehotelshanghai.com\/it\/wp-json\/wp\/v2\/pages"}],"about":[{"href":"https:\/\/crystalorangehotelshanghai.com\/it\/wp-json\/wp\/v2\/types\/page"}],"author":[{"embeddable":true,"href":"https:\/\/crystalorangehotelshanghai.com\/it\/wp-json\/wp\/v2\/users\/1"}],"replies":[{"embeddable":true,"href":"https:\/\/crystalorangehotelshanghai.com\/it\/wp-json\/wp\/v2\/comments?post=2104"}],"version-history":[{"count":0,"href":"https:\/\/crystalorangehotelshanghai.com\/it\/wp-json\/wp\/v2\/pages\/2104\/revisions"}],"wp:attachment":[{"href":"https:\/\/crystalorangehotelshanghai.com\/it\/wp-json\/wp\/v2\/media?parent=2104"}],"curies":[{"name":"parola chiave","href":"https:\/\/api.w.org\/{rel}","templated":true}]}}