{"id":612,"date":"2021-03-26T10:04:13","date_gmt":"2021-03-26T10:04:13","guid":{"rendered":"http:\/\/localhost\/nuss\/?page_id=612"},"modified":"2025-11-16T09:51:45","modified_gmt":"2025-11-16T09:51:45","slug":"restaurant","status":"publish","type":"page","link":"https:\/\/crystalorangehotelshanghai.com\/fr\/restaurant\/","title":{"rendered":"Restaurant"},"content":{"rendered":"<div data-elementor-type=\"wp-page\" data-elementor-id=\"612\" class=\"elementor elementor-612\">\n\t\t\t\t\t\t<section class=\"elementor-section elementor-top-section elementor-element elementor-element-e2effe8 elementor-section-boxed elementor-section-gap-beside-yes elementor-section-height-default elementor-section-height-default elementor-section-column-vertical-align-stretch\" data-id=\"e2effe8\" data-element_type=\"section\" data-e-type=\"section\">\n\t\t\t\t\t\t<div class=\"elementor-container elementor-column-gap-extended\">\n\t\t\t\t\t<div class=\"elementor-column elementor-col-100 elementor-top-column elementor-element elementor-element-e18f688\" data-id=\"e18f688\" data-element_type=\"column\" data-e-type=\"column\">\n\t\t\t<div class=\"elementor-widget-wrap elementor-element-populated\">\n\t\t\t\t\t\t<div class=\"elementor-element elementor-element-6db146d elementor-widget__width-initial elementor-invisible elementor-widget elementor-widget-text-editor\" data-id=\"6db146d\" data-element_type=\"widget\" data-e-type=\"widget\" data-settings=\"{&quot;_animation&quot;:&quot;nussFadeInUp&quot;}\" data-widget_type=\"text-editor.default\">\n\t\t\t\t\t\t\t\t\t<div class=\"svelte-1c06zsf\" data-lang-code=\"\"><p data-spm-anchor-id=\"a2ty_o01.29997173.0.i45.6bf2c9219dlanX\"><strong data-spm-anchor-id=\"a2ty_o01.29997173.0.i46.6bf2c9219dlanX\">H\u00f4tel Crystal Orange Shanghai Yu Garden sur le Bund\u00a0: Savourez l\u2019esprit de Shanghai, une bouch\u00e9e \u00e0 la fois<\/strong><\/p><\/div>\t\t\t\t\t\t\t\t<\/div>\n\t\t\t\t\t<\/div>\n\t\t<\/div>\n\t\t\t\t\t<\/div>\n\t\t<\/section>\n\t\t<div class=\"elementor-element elementor-element-764955e e-flex e-con-boxed e-con e-parent\" data-id=\"764955e\" data-element_type=\"container\" data-e-type=\"container\">\n\t\t\t\t\t<div class=\"e-con-inner\">\n\t\t<div class=\"elementor-element elementor-element-3a71d84 e-con-full e-flex e-con e-child\" data-id=\"3a71d84\" data-element_type=\"container\" data-e-type=\"container\">\n\t\t\t\t<div class=\"elementor-element elementor-element-81a00fb elementor-widget elementor-widget-text-editor\" data-id=\"81a00fb\" data-element_type=\"widget\" data-e-type=\"widget\" data-widget_type=\"text-editor.default\">\n\t\t\t\t\t\t\t\t\t<p data-spm-anchor-id=\"a2ty_o01.29997173.0.i47.6bf2c9219dlanX\">Nich\u00e9 au c\u0153ur du district de Huangpu \u00e0 <strong>N\u00b0 399, route Renmin<\/strong>, \u00e0 quelques pas de la s\u00e9r\u00e9nit\u00e9 ancestrale de <strong>Jardin Yu<\/strong> et le front de mer scintillant de <strong>Le Bund<\/strong>, le <strong>H\u00f4tel Crystal Orange Shanghai Yu Garden sur le Bund<\/strong> Il offre bien plus qu&#039;un simple lieu de repos : il vous invite \u00e0 commencer votre journ\u00e9e avec saveur, \u00e9nergie et charme local.<\/p><div class=\"my-2\">\u00a0<\/div><p>Bien que l&#039;h\u00f4tel ne dispose pas d&#039;un restaurant gastronomique \u00e0 service complet ni d&#039;une carte vari\u00e9e, son <strong>buffet du petit-d\u00e9jeuner<\/strong> est une exp\u00e9rience soigneusement con\u00e7ue pour enrichir votre exploration de Shanghai, que vous soyez \u00e0 la recherche de sites culturels embl\u00e9matiques, que vous naviguiez dans des march\u00e9s anim\u00e9s ou que vous vous impr\u00e9gniez simplement du pouls vibrant de la ville.<\/p>\t\t\t\t\t\t\t\t<\/div>\n\t\t\t\t<\/div>\n\t\t<div class=\"elementor-element elementor-element-bb76a06 e-con-full e-flex e-con e-child\" data-id=\"bb76a06\" data-element_type=\"container\" data-e-type=\"container\">\n\t\t\t\t<div class=\"elementor-element elementor-element-636ac5f elementor-widget elementor-widget-image\" data-id=\"636ac5f\" data-element_type=\"widget\" data-e-type=\"widget\" data-widget_type=\"image.default\">\n\t\t\t\t\t\t\t\t\t\t\t\t\t\t\t<img fetchpriority=\"high\" decoding=\"async\" width=\"1024\" height=\"682\" src=\"https:\/\/crystalorangehotelshanghai.com\/wp-content\/uploads\/2025\/11\/Crystal-Orange-Hotel-Shanghai-61-1024x682.webp\" class=\"attachment-large size-large wp-image-7247\" alt=\"\" srcset=\"https:\/\/crystalorangehotelshanghai.com\/wp-content\/uploads\/2025\/11\/Crystal-Orange-Hotel-Shanghai-61-1024x682.webp 1024w, https:\/\/crystalorangehotelshanghai.com\/wp-content\/uploads\/2025\/11\/Crystal-Orange-Hotel-Shanghai-61-300x200.webp 300w, https:\/\/crystalorangehotelshanghai.com\/wp-content\/uploads\/2025\/11\/Crystal-Orange-Hotel-Shanghai-61-768x512.webp 768w, https:\/\/crystalorangehotelshanghai.com\/wp-content\/uploads\/2025\/11\/Crystal-Orange-Hotel-Shanghai-61-18x12.webp 18w, https:\/\/crystalorangehotelshanghai.com\/wp-content\/uploads\/2025\/11\/Crystal-Orange-Hotel-Shanghai-61.webp 1280w\" sizes=\"(max-width: 1024px) 100vw, 1024px\" \/>\t\t\t\t\t\t\t\t\t\t\t\t\t\t\t<\/div>\n\t\t\t\t<\/div>\n\t\t\t\t\t<\/div>\n\t\t\t\t<\/div>\n\t\t<div class=\"elementor-element elementor-element-e5626a7 e-flex e-con-boxed e-con e-parent\" data-id=\"e5626a7\" data-element_type=\"container\" data-e-type=\"container\">\n\t\t\t\t\t<div class=\"e-con-inner\">\n\t\t\t\t<div class=\"elementor-element elementor-element-4ac24e6 elementor-widget elementor-widget-nuss-image-gallery\" data-id=\"4ac24e6\" data-element_type=\"widget\" data-e-type=\"widget\" data-widget_type=\"nuss-image-gallery.default\">\n\t\t\t\t<div class=\"elementor-widget-container\">\n\t\t\t\t\t\t\t<div class=\"nuss-grid-wrapper\" data-grid=\"{&quot;type&quot;:&quot;grid&quot;,&quot;ratio&quot;:null,&quot;columns&quot;:3,&quot;gutter&quot;:30}\">\r\n\t\t\t<div class=\"nuss-grid lazy-grid\">\r\n\t\t\t\t<div class=\"grid-sizer\"><\/div>\r\n\r\n\t\t\t\t\t\t\t\t\t\t\t\t<div class=\"grid-item\">\r\n\t\t\t\t\t\t<div class=\"nuss-box\">\t\t<div class=\"nuss-image image\">\r\n\t\t\t<img decoding=\"async\"  src=\"https:\/\/crystalorangehotelshanghai.com\/wp-content\/uploads\/2025\/11\/Crystal-Orange-Hotel-Shanghai-64.webp\" alt=\"H\u00f4tel Crystal Orange Shanghai (64)\" \/>\t\t<\/div>\r\n\t\t\t\t<\/div>\t\t\t\t\t<\/div>\r\n\t\t\t\t\t\t<div class=\"grid-item\">\r\n\t\t\t\t\t\t<div class=\"nuss-box\">\t\t<div class=\"nuss-image image\">\r\n\t\t\t<img decoding=\"async\"  src=\"https:\/\/crystalorangehotelshanghai.com\/wp-content\/uploads\/2025\/11\/Crystal-Orange-Hotel-Shanghai-47.webp\" alt=\"H\u00f4tel Crystal Orange Shanghai (47)\" \/>\t\t<\/div>\r\n\t\t\t\t<\/div>\t\t\t\t\t<\/div>\r\n\t\t\t\t\t\t<div class=\"grid-item\">\r\n\t\t\t\t\t\t<div class=\"nuss-box\">\t\t<div class=\"nuss-image image\">\r\n\t\t\t<img decoding=\"async\"  src=\"https:\/\/crystalorangehotelshanghai.com\/wp-content\/uploads\/2025\/11\/Crystal-Orange-Hotel-Shanghai-46.webp\" alt=\"H\u00f4tel Crystal Orange Shanghai (46)\" \/>\t\t<\/div>\r\n\t\t\t\t<\/div>\t\t\t\t\t<\/div>\r\n\t\t\t\t\t\t<div class=\"grid-item\">\r\n\t\t\t\t\t\t<div class=\"nuss-box\">\t\t<div class=\"nuss-image image\">\r\n\t\t\t<img decoding=\"async\"  src=\"https:\/\/crystalorangehotelshanghai.com\/wp-content\/uploads\/2025\/11\/Crystal-Orange-Hotel-Shanghai-45.webp\" alt=\"H\u00f4tel Crystal Orange Shanghai (45)\" \/>\t\t<\/div>\r\n\t\t\t\t<\/div>\t\t\t\t\t<\/div>\r\n\t\t\t\t\t\t<div class=\"grid-item\">\r\n\t\t\t\t\t\t<div class=\"nuss-box\">\t\t<div class=\"nuss-image image\">\r\n\t\t\t<img decoding=\"async\"  src=\"https:\/\/crystalorangehotelshanghai.com\/wp-content\/uploads\/2025\/11\/Crystal-Orange-Hotel-Shanghai-31.webp\" alt=\"H\u00f4tel Crystal Orange Shanghai (31)\" \/>\t\t<\/div>\r\n\t\t\t\t<\/div>\t\t\t\t\t<\/div>\r\n\t\t\t\t\t\t<div class=\"grid-item\">\r\n\t\t\t\t\t\t<div class=\"nuss-box\">\t\t<div class=\"nuss-image image\">\r\n\t\t\t<img decoding=\"async\"  src=\"https:\/\/crystalorangehotelshanghai.com\/wp-content\/uploads\/2025\/11\/Crystal-Orange-Hotel-Shanghai-22.webp\" alt=\"H\u00f4tel Crystal Orange Shanghai (22)\" \/>\t\t<\/div>\r\n\t\t\t\t<\/div>\t\t\t\t\t<\/div>\r\n\t\t\t\t\t\t<div class=\"grid-item\">\r\n\t\t\t\t\t\t<div class=\"nuss-box\">\t\t<div class=\"nuss-image image\">\r\n\t\t\t<img decoding=\"async\"  src=\"https:\/\/crystalorangehotelshanghai.com\/wp-content\/uploads\/2025\/11\/Crystal-Orange-Hotel-Shanghai-3.webp\" alt=\"H\u00f4tel Crystal Orange Shanghai (3)\" \/>\t\t<\/div>\r\n\t\t\t\t<\/div>\t\t\t\t\t<\/div>\r\n\t\t\t\t\t\t<div class=\"grid-item\">\r\n\t\t\t\t\t\t<div class=\"nuss-box\">\t\t<div class=\"nuss-image image\">\r\n\t\t\t<img decoding=\"async\"  src=\"https:\/\/crystalorangehotelshanghai.com\/wp-content\/uploads\/2025\/11\/Crystal-Orange-Hotel-Shanghai-4.webp\" alt=\"H\u00f4tel Crystal Orange Shanghai (4)\" \/>\t\t<\/div>\r\n\t\t\t\t<\/div>\t\t\t\t\t<\/div>\r\n\t\t\t\t\t\t<div class=\"grid-item\">\r\n\t\t\t\t\t\t<div class=\"nuss-box\">\t\t<div class=\"nuss-image image\">\r\n\t\t\t<img decoding=\"async\"  src=\"https:\/\/crystalorangehotelshanghai.com\/wp-content\/uploads\/2025\/11\/Crystal-Orange-Hotel-Shanghai-13.webp\" alt=\"H\u00f4tel Crystal Orange Shanghai (13)\" \/>\t\t<\/div>\r\n\t\t\t\t<\/div>\t\t\t\t\t<\/div>\r\n\t\t\t\t\t\t\t\r\n\t\t\t<\/div>\r\n\t\t<\/div>\r\n\t\t\t\t\t\t<\/div>\n\t\t\t\t<\/div>\n\t\t\t\t\t<\/div>\n\t\t\t\t<\/div>\n\t\t<div class=\"elementor-element elementor-element-d05381b e-flex e-con-boxed e-con e-parent\" data-id=\"d05381b\" data-element_type=\"container\" data-e-type=\"container\">\n\t\t\t\t\t<div class=\"e-con-inner\">\n\t\t\t\t<div class=\"elementor-element elementor-element-53bd849 elementor-widget elementor-widget-text-editor\" data-id=\"53bd849\" data-element_type=\"widget\" data-e-type=\"widget\" data-widget_type=\"text-editor.default\">\n\t\t\t\t\t\t\t\t\t<h3 data-spm-anchor-id=\"a2ty_o01.29997173.0.i49.6bf2c9219dlanX\">\ud83c\udf73 Un buffet de petit-d\u00e9jeuner qui fait le lien entre l&#039;Orient et l&#039;Occident<\/h3><p>Commencez votre aventure shanghaienne du bon pied avec notre <strong>buffet de petit-d\u00e9jeuner quotidien<\/strong>, servi depuis <strong>06:30\u201310:00 (Lun\u2013Ven)<\/strong> et <strong>07:00\u201310:30 (sam.\u2013dim.)<\/strong> dans notre espace de restauration lumineux et moderne. Con\u00e7u pour les voyageurs qui appr\u00e9cient la vari\u00e9t\u00e9, la commodit\u00e9 et les saveurs authentiques, le buffet allie <strong data-spm-anchor-id=\"a2ty_o01.29997173.0.i48.6bf2c9219dlanX\">classiques chinois<\/strong> avec <strong>Les favoris de l&#039;Ouest<\/strong> \u2014 Id\u00e9al pour les aventuriers solitaires, les couples et les familles.<\/p><div class=\"my-2\">\u00a0<\/div><p><strong>Qu&#039;y a-t-il dans l&#039;assiette ?<\/strong><\/p><ul dir=\"auto\"><li><strong>Stations chaudes<\/strong>Des petits pains cuits \u00e0 la vapeur, du congee savoureux, des nouilles et des l\u00e9gumes saut\u00e9s \u2014 le tout pr\u00e9par\u00e9 avec soin par notre \u00e9quipe de cuisine.<\/li><li><strong>S\u00e9lections occidentales<\/strong>\u0152ufs pr\u00e9par\u00e9s \u00e0 la demande, bacon croustillant, saucisses, cr\u00eapes, gaufres et toasts avec beurre et confiture.<\/li><li><strong>Boulangerie et p\u00e2tisseries<\/strong>Croissants feuillet\u00e9s, viennoiseries, muffins et pains artisanaux \u2014 parfaits pour accompagner un caf\u00e9 ou un th\u00e9.<\/li><li><strong>Fruits et yaourt<\/strong>Fruits frais de saison, granola et yaourt frais pour un petit-d\u00e9jeuner l\u00e9ger.<\/li><li><strong>Boissons<\/strong>Caf\u00e9 de qualit\u00e9 sup\u00e9rieure, th\u00e9 chaud, lait, jus et eau \u2014 tout est inclus dans votre repas.<\/li><\/ul><div class=\"my-2\">\u00a0<\/div><p>Les clients ne cessent de faire l&#039;\u00e9loge du <strong>qualit\u00e9, vari\u00e9t\u00e9 et chaleur<\/strong> du petit-d\u00e9jeuner. Comme l&#039;a fait remarquer un voyageur\u00a0: <em>\u201c Le buffet du petit-d\u00e9jeuner \u00e9tait correct, il peut y avoir beaucoup de monde, mais la qualit\u00e9 compensait l&#039;agitation. \u201d<\/em><\/p><div class=\"my-2\">\u00a0<\/div><p>Et oui, si vous voyagez avec des petits, ils mangent <strong>gratuit pour les moins de 1,3 m<\/strong>, tandis que les enfants de plus grande taille ne paient que <strong>68 CNY<\/strong> \u2014 comme pour les adultes. C&#039;est une solution \u00e9conomique pour nourrir tout le monde sans sacrifier le go\u00fbt.<\/p><div class=\"my-2\">\u00a0<\/div><div class=\"py-2 my-3\"><hr \/><\/div><div class=\"my-2\">\u00a0<\/div><h3>\u2615 Plus qu&#039;un simple petit-d\u00e9jeuner : un endroit chaleureux pour se connecter<\/h3><p>Au-del\u00e0 des heures de pointe du matin, notre <strong>caf\u00e9 et bar du hall<\/strong> Notre \u00e9tablissement est l&#039;endroit id\u00e9al pour une pause rapide, un moment de travail au calme ou une rencontre informelle. Que vous ayez besoin d&#039;un expresso cors\u00e9 avant de fl\u00e2ner sur le Bund, d&#039;un verre de vin apr\u00e8s une longue journ\u00e9e de visites ou d&#039;une collation entre deux mus\u00e9es, nous avons ce qu&#039;il vous faut.<\/p><div class=\"my-2\">\u00a0<\/div><p>Notre bar propose :<\/p><ul dir=\"auto\"><li><strong>Caf\u00e9 et th\u00e9<\/strong>: Des haricots d&#039;origine locale et une s\u00e9lection de th\u00e9 en vrac de qualit\u00e9 sup\u00e9rieure<\/li><li><strong>Collations l\u00e9g\u00e8res<\/strong>Sandwiches, p\u00e2tisseries et en-cas emball\u00e9s pour les voyageurs en d\u00e9placement<\/li><li><strong>Rafra\u00eechissements<\/strong>Boissons gazeuses, jus de fruits et eau en bouteille<\/li><li><strong>Boissons du soir<\/strong>Bi\u00e8res, vins et cocktails sans alcool pour se d\u00e9tendre<\/li><\/ul><div class=\"my-2\">\u00a0<\/div><p>Ici, pas de faste, mais du confort, de la s\u00e9r\u00e9nit\u00e9 et du lien social. Installez-vous confortablement dans notre salon chic et minimaliste, connectez-vous au Wi-Fi gratuit et laissez-vous bercer par le rythme de Shanghai.<\/p><div class=\"my-2\">\u00a0<\/div><div class=\"py-2 my-3\"><hr \/><\/div><div class=\"my-2\">\u00a0<\/div><h3>\ud83c\udf3f Pourquoi les voyageurs adorent notre exp\u00e9rience culinaire<\/h3><p>Nous savons que vous n&#039;\u00eates pas venus \u00e0 Shanghai pour manger \u00e0 l&#039;h\u00f4tel, mais lorsque vous le faites, nous voulons que cela fasse partie int\u00e9grante de votre voyage.<\/p><div class=\"my-2\">\u00a0<\/div><ul dir=\"auto\"><li><strong>La commodit\u00e9 d&#039;abord<\/strong>Apr\u00e8s une nuit pass\u00e9e \u00e0 explorer les all\u00e9es \u00e9clair\u00e9es aux lanternes du jardin Yu ou \u00e0 fl\u00e2ner sur la promenade illumin\u00e9e au n\u00e9on du Bund, se r\u00e9veiller avec un repas chaud et copieux \u00e0 deux pas de sa chambre est un vrai bonheur.<\/li><li><strong>Touche locale<\/strong>Bien que nous proposions des plats occidentaux classiques, nos plats chinois refl\u00e8tent les saveurs r\u00e9gionales \u2014 pensez aux brioches de porc cuites \u00e0 la vapeur, aux \u0153ufs brais\u00e9s au soja et au d\u00e9licat porridge de riz \u2014 vous offrant un v\u00e9ritable aper\u00e7u de l&#039;\u00e2me culinaire de Shanghai.<\/li><li><strong>Conception intelligente<\/strong>Le buffet est agenc\u00e9 de fa\u00e7on intuitive, propre et efficace\u00a0; pas d\u2019attente sauf aux heures de pointe. <strong>outils de traduction disponibles sur place<\/strong>, Les clients internationaux peuvent naviguer facilement dans le menu.<\/li><\/ul><div class=\"my-2\">\u00a0<\/div><p>Un invit\u00e9 a parfaitement r\u00e9sum\u00e9 la situation : <em>\u201c La chambre \u00e9tait propre, et la douche avait une excellente pression d&#039;eau et un bon r\u00e9glage de la temp\u00e9rature\u2026 le petit-d\u00e9jeuner \u00e9tait correct, avec un bon choix. \u201d<\/em><\/p><div class=\"my-2\">\u00a0<\/div><div class=\"py-2 my-3\"><hr \/><\/div><div class=\"my-2\">\u00a0<\/div><h3>\ud83d\udccd Mangez comme un local, puis explorez comme un pro<\/h3><p>Votre emplacement est primordial \u2014 et le n\u00f4tre vous place \u00e0 quelques pas de certaines des exp\u00e9riences culinaires les plus embl\u00e9matiques de Shanghai\u00a0:<\/p><div class=\"my-2\">\u00a0<\/div><ul dir=\"auto\"><li><strong>Bazar du jardin Yu<\/strong>\u00c0 quelques minutes de l\u00e0, d\u00e9gustez des xiaolongbao (raviolis \u00e0 la vapeur), des cr\u00eapes aux oignons verts et des g\u00e2teaux sucr\u00e9s \u00e0 l&#039;osmanthus aupr\u00e8s de vendeurs ambulants et de maisons de th\u00e9 historiques.<\/li><li><strong>Le Bund<\/strong>Apr\u00e8s le d\u00eener, prenez un cocktail sur un toit-terrasse au bord de la rivi\u00e8re, avec vue sur les gratte-ciel de Pudong.<\/li><li><strong>Route de Nankin<\/strong>Plongez dans la gastronomie des restaurants \u00e9toil\u00e9s Michelin ou d\u00e9couvrez des joyaux cach\u00e9s au d\u00e9tour de ruelles.<\/li><\/ul><div class=\"my-2\">\u00a0<\/div><p>Mais m\u00eame si vous choisissez de rester chez vous \u2014 que vous travailliez \u00e0 distance, que vous vous remettiez du d\u00e9calage horaire ou que vous profitiez simplement d&#039;un moment de calme \u2014 nos offres de petit-d\u00e9jeuner et de caf\u00e9 vous assurent de ne jamais \u00eatre loin de quelque chose de d\u00e9licieux.<\/p><div class=\"my-2\">\u00a0<\/div><div class=\"py-2 my-3\"><hr \/><\/div><div class=\"my-2\">\u00a0<\/div><h3>\u2705 Parfait pour tous les types de voyageurs<\/h3><p>Que vous soyez :<\/p><ul dir=\"auto\"><li>A <strong>voyageur d&#039;affaires<\/strong> Vous avez besoin d&#039;un d\u00e9but de journ\u00e9e fiable et \u00e9nergisant ?<\/li><li>A <strong>famille<\/strong> recherche de repas adapt\u00e9s aux enfants et d&#039;options flexibles<\/li><li>A <strong>explorateur solitaire<\/strong> Vous cherchez un endroit calme et propre pour planifier votre prochain d\u00e9m\u00e9nagement ?<\/li><li>Ou un <strong>couple romantique<\/strong> profiter d&#039;une matin\u00e9e tranquille avant de partir \u00e0 la d\u00e9couverte de la ville<\/li><\/ul><div class=\"my-2\">\u00a0<\/div><p>Notre exp\u00e9rience culinaire est con\u00e7ue pour s&#039;adapter \u00e0 votre rythme, \u00e0 vos go\u00fbts et \u00e0 vos objectifs.<\/p><div class=\"my-2\">\u00a0<\/div><div class=\"py-2 my-3\"><hr \/><\/div><div class=\"my-2\">\u00a0<\/div><h3>\ud83d\udccc Informations pratiques \u00e0 conna\u00eetre<\/h3><ul dir=\"auto\"><li><strong>Prix du petit-d\u00e9jeuner<\/strong>68 CNY par adulte \/ Gratuit pour les enfants de moins de 1,30 m \/ 68 CNY pour les enfants de plus de 1,30 m<\/li><li><strong>Heures<\/strong>: du lundi au vendredi de 06h30 \u00e0 10h00 | Samedi-Dim 07h00-10h30<\/li><li><strong>Salle \u00e0 manger<\/strong>Int\u00e9rieur, climatis\u00e9, accessible aux personnes en fauteuil roulant<\/li><li><strong>Paiement<\/strong>: Inclus en option lors de la r\u00e9servation ou pay\u00e9 directement au moment du d\u00e9part<\/li><li><strong>R\u00e9gimes sp\u00e9ciaux<\/strong>Bien que nous ne proposions pas de menus sans allerg\u00e8nes sp\u00e9cifiques, notre personnel se fera un plaisir de r\u00e9pondre \u00e0 vos demandes alimentaires de base.<\/li><\/ul><div class=\"my-2\">\u00a0<\/div><div class=\"py-2 my-3\"><hr \/><\/div><div class=\"my-2\">\u00a0<\/div><h3>\ud83c\udf7d\ufe0f Votre histoire \u00e0 Shanghai commence ici \u2014 le ventre plein<\/h3><p>\u00c0 l&#039;h\u00f4tel Crystal Orange Shanghai Yu Garden On the Bund, nous sommes convaincus que les plus beaux voyages commencent par un bon repas \u2013 non pas des plats sophistiqu\u00e9s, mais des repas authentiques et nourrissants qui donnent le ton \u00e0 la journ\u00e9e. Nous n&#039;avons peut-\u00eatre pas de menu d\u00e9gustation en cinq services ni de chef \u00e9toil\u00e9, mais nous avons du c\u0153ur, de l&#039;hospitalit\u00e9 et un profond respect pour la ville qui nous accueille.<\/p><div class=\"my-2\">\u00a0<\/div><p>Que vous sirotiez un caf\u00e9 en admirant le lever du soleil sur le fleuve Huangpu, que vous emportiez une p\u00e2tisserie pour votre trajet en m\u00e9tro jusqu&#039;au temple de la ville, ou que vous partagiez un moment de rire autour d&#039;\u0153ufs brouill\u00e9s avec votre compagnon de voyage, laissez-nous \u00eatre la premi\u00e8re \u00e9tape de votre d\u00e9couverte culinaire de Shanghai.<\/p><div class=\"my-2\">\u00a0<\/div><p><strong>Venez affam\u00e9s. Repartez inspir\u00e9s.<\/strong><\/p><div class=\"my-2\">\u00a0<\/div><p>\u2014<\/p><div class=\"my-2\">\u00a0<\/div><p data-spm-anchor-id=\"a2ty_o01.29997173.0.i50.6bf2c9219dlanX\"><strong>H\u00f4tel Crystal Orange Shanghai Yu Garden sur le Bund<\/strong><br \/><em>L\u00e0 o\u00f9 chaque bouch\u00e9e raconte une histoire \u2014 et chaque histoire commence \u00e0 Shanghai.<\/em><\/p>\t\t\t\t\t\t\t\t<\/div>\n\t\t\t\t\t<\/div>\n\t\t\t\t<\/div>\n\t\t\t\t<section class=\"elementor-section elementor-top-section elementor-element elementor-element-16d681a4 elementor-section-stretched elementor-section-boxed elementor-section-gap-beside-yes elementor-section-height-default elementor-section-height-default elementor-section-column-vertical-align-stretch\" data-id=\"16d681a4\" data-element_type=\"section\" data-e-type=\"section\" data-settings=\"{&quot;background_background&quot;:&quot;classic&quot;,&quot;stretch_section&quot;:&quot;section-stretched&quot;}\">\n\t\t\t\t\t\t<div class=\"elementor-container elementor-column-gap-extended\">\n\t\t\t\t\t<div class=\"elementor-column elementor-col-100 elementor-top-column elementor-element elementor-element-38feae16\" data-id=\"38feae16\" data-element_type=\"column\" data-e-type=\"column\">\n\t\t\t<div class=\"elementor-widget-wrap elementor-element-populated\">\n\t\t\t\t\t\t<div class=\"elementor-element elementor-element-41e8eddd elementor-widget elementor-widget-nuss-heading\" data-id=\"41e8eddd\" data-element_type=\"widget\" data-e-type=\"widget\" data-widget_type=\"nuss-heading.default\">\n\t\t\t\t<div class=\"elementor-widget-container\">\n\t\t\t\t\t\t\t<div class=\"nuss-modern-heading\">\r\n\t\t\t\t\t\t<div class=\"heading-secondary-wrap\">\r\n\t\t\t\t<h3 class=\"heading-secondary elementor-heading-title\">Ch\u00e8que disponible <\/h3>\t\t\t<\/div>\r\n\t\t\r\n\t\t\t\r\n\t\t\t\r\n\t\t\t\t\t<\/div>\r\n\t\t\t\t\t<\/div>\n\t\t\t\t<\/div>\n\t\t\t\t<div class=\"elementor-element elementor-element-69881927 elementor-widget elementor-widget-text-editor\" data-id=\"69881927\" data-element_type=\"widget\" data-e-type=\"widget\" data-widget_type=\"text-editor.default\">\n\t\t\t\t\t\t\t\t\t<iframe border=\"0\" src=\"https:\/\/www.trip.com\/partners\/ad\/S6742899?Allianceid=4590391&#038;SID=275144745&#038;trip_sub1=\" style=\"width:1200px;height:200px\" frameborder=\"0\" scrolling=\"no\" id=\"S6742899\"><\/iframe>\t\t\t\t\t\t\t\t<\/div>\n\t\t\t\t\t<\/div>\n\t\t<\/div>\n\t\t\t\t\t<\/div>\n\t\t<\/section>\n\t\t\t\t<\/div>","protected":false},"excerpt":{"rendered":"<p>Crystal Orange Hotel Shanghai Yu Garden On the Bund: Savor Shanghai\u2019s Spirit \u2014 One Bite at a Time Nestled in the heart of Huangpu District at No. 399 Renmin Road, just steps from the ancient serenity of Yu Garden and the glittering waterfront of The Bund, the Crystal Orange Hotel Shanghai Yu Garden On the [&hellip;]<\/p>\n","protected":false},"author":1,"featured_media":0,"parent":0,"menu_order":0,"comment_status":"closed","ping_status":"closed","template":"","meta":{"footnotes":""},"class_list":["post-612","page","type-page","status-publish","hentry","post-no-thumbnail"],"_links":{"self":[{"href":"https:\/\/crystalorangehotelshanghai.com\/fr\/wp-json\/wp\/v2\/pages\/612","targetHints":{"allow":["GET"]}}],"collection":[{"href":"https:\/\/crystalorangehotelshanghai.com\/fr\/wp-json\/wp\/v2\/pages"}],"about":[{"href":"https:\/\/crystalorangehotelshanghai.com\/fr\/wp-json\/wp\/v2\/types\/page"}],"author":[{"embeddable":true,"href":"https:\/\/crystalorangehotelshanghai.com\/fr\/wp-json\/wp\/v2\/users\/1"}],"replies":[{"embeddable":true,"href":"https:\/\/crystalorangehotelshanghai.com\/fr\/wp-json\/wp\/v2\/comments?post=612"}],"version-history":[{"count":0,"href":"https:\/\/crystalorangehotelshanghai.com\/fr\/wp-json\/wp\/v2\/pages\/612\/revisions"}],"wp:attachment":[{"href":"https:\/\/crystalorangehotelshanghai.com\/fr\/wp-json\/wp\/v2\/media?parent=612"}],"curies":[{"name":"wp","href":"https:\/\/api.w.org\/{rel}","templated":true}]}}