{"id":2106,"date":"2021-03-25T04:08:26","date_gmt":"2021-03-25T04:08:26","guid":{"rendered":"http:\/\/localhost\/nuss\/?page_id=298"},"modified":"2025-11-16T09:39:51","modified_gmt":"2025-11-16T09:39:51","slug":"experiences","status":"publish","type":"page","link":"https:\/\/crystalorangehotelshanghai.com\/fr\/experiences\/","title":{"rendered":"Avis sur l&#039;h\u00f4tel Crystal Orange Shanghai Yu Garden On the Bund"},"content":{"rendered":"<div data-elementor-type=\"wp-page\" data-elementor-id=\"2106\" class=\"elementor elementor-2106\">\n\t\t\t\t\t\t<section class=\"elementor-section elementor-top-section elementor-element elementor-element-1954ffc elementor-section-boxed elementor-section-gap-beside-yes elementor-section-height-default elementor-section-height-default elementor-section-column-vertical-align-stretch\" data-id=\"1954ffc\" data-element_type=\"section\" data-e-type=\"section\">\n\t\t\t\t\t\t<div class=\"elementor-container elementor-column-gap-extended\">\n\t\t\t\t\t<div class=\"elementor-column elementor-col-100 elementor-top-column elementor-element elementor-element-86aebc5\" data-id=\"86aebc5\" data-element_type=\"column\" data-e-type=\"column\">\n\t\t\t<div class=\"elementor-widget-wrap elementor-element-populated\">\n\t\t\t\t\t\t<div class=\"elementor-element elementor-element-11803d1 elementor-widget__width-initial elementor-invisible elementor-widget elementor-widget-text-editor\" data-id=\"11803d1\" data-element_type=\"widget\" data-e-type=\"widget\" data-settings=\"{&quot;_animation&quot;:&quot;nussFadeInUp&quot;}\" data-widget_type=\"text-editor.default\">\n\t\t\t\t\t\t\t\t\t<div class=\"svelte-1c06zsf\" data-lang-code=\"\"><p><strong data-spm-anchor-id=\"a2ty_o01.29997173.0.i25.6bf2c9219dlanX\">H\u00f4tel Crystal Orange Shanghai Yu Garden sur le Bund\u00a0: Avis et exp\u00e9riences authentiques de plus de 6\u00a0274 voyageurs<\/strong><\/p><\/div>\t\t\t\t\t\t\t\t<\/div>\n\t\t\t\t\t<\/div>\n\t\t<\/div>\n\t\t\t\t\t<\/div>\n\t\t<\/section>\n\t\t<div class=\"elementor-element elementor-element-95e7268 e-flex e-con-boxed e-con e-parent\" data-id=\"95e7268\" data-element_type=\"container\" data-e-type=\"container\">\n\t\t\t\t\t<div class=\"e-con-inner\">\n\t\t\t\t<div class=\"elementor-element elementor-element-bd47571 elementor-widget elementor-widget-image\" data-id=\"bd47571\" data-element_type=\"widget\" data-e-type=\"widget\" data-widget_type=\"image.default\">\n\t\t\t\t\t\t\t\t\t\t\t\t\t\t\t\t<a href=\"https:\/\/www.trip.com\/hotels\/shanghai-hotel-detail-6275850\/crystal-orange-shanghai-bund-yuyuan-hotel\/?Allianceid=4590391&#038;SID=275144745&#038;trip_sub1=&#038;trip_sub3=D6742633\" target=\"_blank\" rel=\"noopener\">\n\t\t\t\t\t\t\t<img fetchpriority=\"high\" decoding=\"async\" width=\"1714\" height=\"1144\" src=\"https:\/\/crystalorangehotelshanghai.com\/wp-content\/uploads\/2025\/11\/reviews.jpg\" class=\"attachment-full size-full wp-image-7332\" alt=\"\" srcset=\"https:\/\/crystalorangehotelshanghai.com\/wp-content\/uploads\/2025\/11\/reviews.jpg 1714w, https:\/\/crystalorangehotelshanghai.com\/wp-content\/uploads\/2025\/11\/reviews-300x200.jpg 300w, https:\/\/crystalorangehotelshanghai.com\/wp-content\/uploads\/2025\/11\/reviews-1024x683.jpg 1024w, https:\/\/crystalorangehotelshanghai.com\/wp-content\/uploads\/2025\/11\/reviews-768x513.jpg 768w, https:\/\/crystalorangehotelshanghai.com\/wp-content\/uploads\/2025\/11\/reviews-1536x1025.jpg 1536w, https:\/\/crystalorangehotelshanghai.com\/wp-content\/uploads\/2025\/11\/reviews-18x12.jpg 18w\" sizes=\"(max-width: 1714px) 100vw, 1714px\" \/>\t\t\t\t\t\t\t\t<\/a>\n\t\t\t\t\t\t\t\t\t\t\t\t\t\t\t<\/div>\n\t\t\t\t\t<\/div>\n\t\t\t\t<\/div>\n\t\t<div class=\"elementor-element elementor-element-3e39171 e-flex e-con-boxed e-con e-parent\" data-id=\"3e39171\" data-element_type=\"container\" data-e-type=\"container\">\n\t\t\t\t\t<div class=\"e-con-inner\">\n\t\t\t\t<div class=\"elementor-element elementor-element-7761d0c elementor-widget elementor-widget-text-editor\" data-id=\"7761d0c\" data-element_type=\"widget\" data-e-type=\"widget\" data-widget_type=\"text-editor.default\">\n\t\t\t\t\t\t\t\t\t<p>Lors de la planification d&#039;un voyage \u00e0 Shanghai, le choix du bon h\u00f4tel peut faire toute la diff\u00e9rence. Pour les voyageurs en qu\u00eate d&#039;un parfait \u00e9quilibre entre confort et h\u00e9bergement, <strong>emplacement central, confort moderne et service intelligent<\/strong>, le <strong>H\u00f4tel Crystal Orange Shanghai Yu Garden sur le Bund<\/strong> L&#039;immeuble situ\u00e9 au 399, rue Renmin, s&#039;est impos\u00e9 comme un joyau de premier ordre, soutenu par plus de <strong>6\u00a0274 avis clients v\u00e9rifi\u00e9s<\/strong> sur Trip.com avec une note exceptionnelle <strong>Note de 9,4\/10<\/strong>.<\/p><div class=\"my-2\">\u00a0<\/div><p>Voici ce que disent de vrais clients \u00e0 propos de leur s\u00e9jour, class\u00e9s selon les principales cat\u00e9gories qui comptent le plus pour les voyageurs exigeants d&#039;aujourd&#039;hui.<\/p><div class=\"my-2\">\u00a0<\/div><div class=\"py-2 my-3\"><hr \/><\/div><div class=\"my-2\">\u00a0<\/div><h3>\ud83c\udf1f <strong>Avis des clients\u00a0: \u201c\u00a0Confortable, propre et id\u00e9alement situ\u00e9\u00a0\u201d<\/strong><\/h3><p>Le consensus g\u00e9n\u00e9ral\u00a0? Cet h\u00f4tel offre un rapport qualit\u00e9-prix exceptionnel gr\u00e2ce \u00e0 son emplacement privil\u00e9gi\u00e9. Un client l\u2019a parfaitement r\u00e9sum\u00e9\u00a0: <em>\u201c Chambre confortable et emplacement pratique. \u00c0 quelques minutes \u00e0 pied du m\u00e9tro. Un bon choix pour un court s\u00e9jour. \u201d<\/em><\/p><div class=\"my-2\">\u00a0<\/div><p>Gr\u00e2ce \u00e0 son adresse en plein c\u0153ur du district de Huangpu, les clients sont enthousiasm\u00e9s par sa proximit\u00e9 imm\u00e9diate avec\u2026 <strong>Jardin Yu<\/strong>, \u00e0 deux pas de <strong>Le Bund<\/strong>, et juste <strong>210 m\u00e8tres (3 minutes \u00e0 pied)<\/strong> de la <strong>Station de m\u00e9tro Yuyuan Garden<\/strong>. Que vous soyez \u00e0 la recherche de sites culturels embl\u00e9matiques, de quartiers commer\u00e7ants comme Nanjing Road ou de vues imprenables sur la skyline de Pudong depuis les rives du fleuve, tout est facilement accessible.<\/p><div class=\"my-2\">\u00a0<\/div><div class=\"py-2 my-3\"><hr \/><\/div><div class=\"my-2\">\u00a0<\/div><h3>\ud83d\udecf\ufe0f <strong>Exp\u00e9rience en chambre\u00a0: Propre, moderne et \u00e9l\u00e9gante \u2013 mais la taille varie<\/strong><\/h3><p>Les clients ne cessent de faire l&#039;\u00e9loge du <strong>Propret\u00e9 (9,5\/10)<\/strong> et <strong>\u00e9quipements modernes<\/strong> des chambres. Beaucoup soulignent l&#039;inclusion de <strong>panneaux de commande intelligents<\/strong> Pour l&#039;\u00e9clairage, la temp\u00e9rature et les rideaux \u2014 un d\u00e9tail appr\u00e9ciable pour les voyageurs f\u00e9rus de technologie.<\/p><div class=\"my-2\">\u00a0<\/div><ul dir=\"auto\"><li><strong>Chambres sup\u00e9rieures Queen (22m\u00b2)<\/strong>Compact mais bien con\u00e7u, id\u00e9al pour les voyageurs solitaires ou les couples en court s\u00e9jour.<\/li><li><strong>Chambres Executive Deluxe King (42m\u00b2)<\/strong>Spacieux et lumineux, souvent recommand\u00e9 pour ceux qui recherchent un confort suppl\u00e9mentaire ou pour les familles.<\/li><li><strong>Chambres Deluxe avec balcon<\/strong>Un lieu de pr\u00e9dilection pour les clients qui souhaitent profiter de l&#039;air frais et de la vue sur la ville.<\/li><\/ul><div class=\"my-2\">\u00a0<\/div><p>Un voyageur a indiqu\u00e9 avoir b\u00e9n\u00e9fici\u00e9 d&#039;un surclassement gratuit dans une chambre plus spacieuse pendant les travaux de r\u00e9novation. Malgr\u00e9 le bruit des travaux en journ\u00e9e, le sommeil nocturne a \u00e9t\u00e9 paisible gr\u00e2ce \u00e0\u2026 <strong>fen\u00eatres insonoris\u00e9es<\/strong>.<\/p><div class=\"my-2\">\u00a0<\/div><p><em>\u201c La chambre \u00e9tait propre et la douche avait une excellente pression d&#039;eau et un bon r\u00e9glage de la temp\u00e9rature. \u201d<\/em> \u00ab\u00a0C\u2019est ce qu\u2019a partag\u00e9 un client, faisant \u00e9cho aux sentiments exprim\u00e9s dans des centaines d\u2019avis.\u00a0\u00bb.<\/p><div class=\"my-2\">\u00a0<\/div><div class=\"py-2 my-3\"><hr \/><\/div><div class=\"my-2\">\u00a0<\/div><h3>\ud83c\udf7d\ufe0f <strong>Buffet petit-d\u00e9jeuner : choix correct, mais tr\u00e8s fr\u00e9quent\u00e9 aux heures de pointe.<\/strong><\/h3><p>Le buffet du petit-d\u00e9jeuner de l&#039;h\u00f4tel est tr\u00e8s appr\u00e9ci\u00e9 pour sa vari\u00e9t\u00e9 et sa praticit\u00e9. Servi tous les jours \u00e0 partir de <strong>06:30\u201310:00 (Lun\u2013Ven)<\/strong> et <strong>07:00\u201310:30 (sam.\u2013dim.)<\/strong>, il offre un m\u00e9lange de <strong>options chinoises et occidentales<\/strong>, notamment des p\u00e2tisseries, des \u0153ufs, des nouilles et des sp\u00e9cialit\u00e9s locales.<\/p><div class=\"my-2\">\u00a0<\/div><p>Bien que de nombreux visiteurs le trouvent \u201c correct \u201d et \u201c suffisant \u201d pour une journ\u00e9e de visites, certains notent qu&#039;il peut \u00eatre bond\u00e9 aux heures de pointe. La tarification est simple\u00a0:<\/p><ul dir=\"auto\"><li><strong>Adultes<\/strong>: 68 CNY (~$9.58)<\/li><li><strong>Enfants de moins de 1,3 m<\/strong>: Gratuit<\/li><li><strong>Enfants de plus de 1,3 m<\/strong>: 68 CNY<\/li><\/ul><div class=\"my-2\">\u00a0<\/div><p><em>\u201c Le buffet du petit-d\u00e9jeuner \u00e9tait correct, mais il peut y avoir beaucoup de monde. \u201d<\/em> Un critique l&#039;a admis, mais a ajout\u00e9 que la qualit\u00e9 compensait l&#039;agitation.<\/p><div class=\"my-2\">\u00a0<\/div><div class=\"py-2 my-3\"><hr \/><\/div><div class=\"my-2\">\u00a0<\/div><h3>\ud83d\udcbc <strong>\u00c9quipements professionnels et technologiques : con\u00e7us pour une efficacit\u00e9 optimale<\/strong><\/h3><p>Pour les voyageurs d&#039;affaires, l&#039;h\u00f4tel est tr\u00e8s pratique. Des caract\u00e9ristiques comme <strong>bornes d&#039;enregistrement automatique<\/strong>, <strong>outils de traduction<\/strong>, <strong>Wi-Fi gratuit<\/strong> tout au long, et <strong>acc\u00e8s au centre d&#039;affaires<\/strong> (Avec fax\/photocopies gratuits) en font une base de travail id\u00e9ale.<\/p><div class=\"my-2\">\u00a0<\/div><p>Les clients appr\u00e9cient \u00e9galement la disponibilit\u00e9 de <strong>espaces de coworking<\/strong> et <strong>salles multifonctionnelles<\/strong> (Disponible moyennant un suppl\u00e9ment), id\u00e9al pour les petites r\u00e9unions ou les moments de concentration au calme. <strong>R\u00e9ception ouverte 24h\/24<\/strong> et <strong>enregistrement\/d\u00e9part express<\/strong> Pr\u00e9voir une certaine flexibilit\u00e9 pour les vols matinaux ou les arriv\u00e9es tardives.<\/p><div class=\"my-2\">\u00a0<\/div><div class=\"py-2 my-3\"><hr \/><\/div><div class=\"my-2\">\u00a0<\/div><h3>\ud83e\uddf3 <strong>Service et personnel\u00a0: globalement aimables, mais perfectibles.<\/strong><\/h3><p>Les notes moyennes attribu\u00e9es au service <strong>9.4\/10<\/strong>, de nombreux invit\u00e9s ont fait l&#039;\u00e9loge du <strong>Personnel d&#039;entretien et de restaurant serviable<\/strong>. Cependant, quelques clients ont fait \u00e9tat d&#039;exp\u00e9riences in\u00e9gales \u00e0 la r\u00e9ception, notamment aux heures de pointe.<\/p><div class=\"my-2\">\u00a0<\/div><p><em>\u201c Le personnel de la r\u00e9ception lors de l&#039;enregistrement n&#039;\u00e9tait pas des plus aimables, mais le personnel d&#039;entretien et du restaurant \u00e9tait agr\u00e9able. \u201d<\/em> \u00ab\u00a0a \u00e9crit un client\u00a0\u00bb, a fait remarquer d\u2019autres personnes qui estimaient que les premiers \u00e9changes pourraient \u00eatre plus chaleureux.<\/p><div class=\"my-2\">\u00a0<\/div><p>Cela dit, la plupart s&#039;accordent \u00e0 dire que l&#039;h\u00f4tel <strong>consigne \u00e0 bagages (gratuite)<\/strong>, <strong>service de r\u00e9servation de taxis<\/strong>, et <strong>service de voiturier (gratuit)<\/strong> Cela ajoute un confort consid\u00e9rable, notamment pour se d\u00e9placer dans les rues anim\u00e9es de Shanghai.<\/p><div class=\"my-2\">\u00a0<\/div><div class=\"py-2 my-3\"><hr \/><\/div><div class=\"my-2\">\u00a0<\/div><h3>\u26a0\ufe0f <strong>Suggestions des clients\u00a0: bruit, odeur et consistance<\/strong><\/h3><p>Aucun h\u00f4tel n&#039;est parfait, et le Crystal Orange ne fait pas exception. Voici les suggestions d&#039;am\u00e9lioration les plus fr\u00e9quentes, bas\u00e9es sur les synth\u00e8ses d&#039;avis g\u00e9n\u00e9r\u00e9es par l&#039;IA et les retours directs\u00a0:<\/p><div class=\"my-2\">\u00a0<\/div><ul dir=\"auto\"><li><strong>Bruit de r\u00e9novation<\/strong>Plusieurs clients ont signal\u00e9 des nuisances sonores li\u00e9es aux travaux en journ\u00e9e. Bien que cela n&#039;ait pas perturb\u00e9 leur sommeil, il est bon de le savoir si vous \u00eates sensible au bruit.<\/li><li><strong>Odeurs de la pi\u00e8ce<\/strong>Quelques rares personnes ont mentionn\u00e9 des odeurs persistantes dans certaines chambres, ce qui sugg\u00e8re d&#039;\u00e9ventuels probl\u00e8mes de ventilation.<\/li><li><strong>Coh\u00e9rence du service<\/strong>Certains ont estim\u00e9 que la qualit\u00e9 du service variait selon les d\u00e9partements ou les \u00e9quipes.<\/li><\/ul><div class=\"my-2\">\u00a0<\/div><p>Malgr\u00e9 ces quelques critiques mineures, la grande majorit\u00e9 consid\u00e8re toujours son s\u00e9jour comme <strong>\u201c exceptionnel \u201d ou \u201c tr\u00e8s bon \u201d,\u201d<\/strong> soulignant la capacit\u00e9 de l&#039;h\u00f4tel \u00e0 tenir ses promesses fondamentales\u00a0: <strong>Chambres propres, emplacement id\u00e9al et \u00e9quipements fiables<\/strong>.<\/p><div class=\"my-2\">\u00a0<\/div><div class=\"py-2 my-3\"><hr \/><\/div><div class=\"my-2\">\u00a0<\/div><h3>\ud83d\udcc8 <strong>Pourquoi cet h\u00f4tel se classe #8 parmi les h\u00f4tels 4 \u00e9toiles de Shanghai<\/strong><\/h3><p>Avec un <strong>Note globale de 9,4<\/strong>, L&#039;h\u00f4tel Crystal Orange se distingue dans le segment concurrentiel des h\u00f4tels 4 \u00e9toiles de Shanghai, non seulement par son emplacement, mais aussi par son <strong>design intelligent, propret\u00e9 constante et touches bien pens\u00e9es<\/strong> comme les robots de service et l&#039;enregistrement num\u00e9rique.<\/p><div class=\"my-2\">\u00a0<\/div><p>Il est particuli\u00e8rement appr\u00e9ci\u00e9 par :<\/p><ul dir=\"auto\"><li><strong>Voyageurs solitaires<\/strong> recherche d&#039;efficacit\u00e9 et de s\u00e9curit\u00e9<\/li><li><strong>Couples<\/strong> souhaitant \u00eatre \u00e0 proximit\u00e9 de lieux romantiques comme le Bund<\/li><li><strong>Familles<\/strong> Nous appr\u00e9cions les politiques favorables aux enfants (les enfants de moins de 18 ans s\u00e9journent gratuitement sans lit suppl\u00e9mentaire).<\/li><li><strong>clients d&#039;affaires<\/strong> besoin de connectivit\u00e9 et de soutien aux r\u00e9unions<\/li><\/ul><div class=\"my-2\">\u00a0<\/div><div class=\"py-2 my-3\"><hr \/><\/div><div class=\"my-2\">\u00a0<\/div><h3>\u2705 <strong>Conclusion finale\u00a0: Un choix judicieux et central pour les explorateurs de Shanghai<\/strong><\/h3><p>Si vous recherchez un h\u00f4tel qui vous plonge au c\u0153ur de la magie de Shanghai, <strong>Le charme ancien du jardin Yu<\/strong> et <strong>L&#039;horizon scintillant du Bund<\/strong> \u00c0 deux pas de l\u00e0, le Crystal Orange Hotel Shanghai Yu Garden On the Bund tient ses promesses. Il ne dispose peut-\u00eatre pas de piscine ni d&#039;\u00e9quipements de luxe extravagants, mais il excelle l\u00e0 o\u00f9 \u00e7a compte vraiment\u00a0: <strong>emplacement, propret\u00e9, int\u00e9gration technologique et rapport qualit\u00e9-prix<\/strong>.<\/p><div class=\"my-2\">\u00a0<\/div><p>Comme l&#039;a dit un invit\u00e9 r\u00e9cemment : <em>\u201c Chambre agr\u00e9able et spacieuse. Personnel accueillant, enregistrement facile. Emplacement id\u00e9al \u00e0 proximit\u00e9 de la gare, \u00e0 moins de 5 minutes \u00e0 pied. \u201d<\/em><\/p><div class=\"my-2\">\u00a0<\/div><p>R\u00e9servez votre s\u00e9jour, impr\u00e9gnez-vous de l&#039;\u00e9nergie du vieux et du nouveau Shanghai, et laissez Crystal Orange \u00eatre votre camp de base \u00e9l\u00e9gant et moderne pour des aventures inoubliables.<\/p><div class=\"my-2\">\u00a0<\/div><div class=\"py-2 my-3\"><hr \/><\/div><div class=\"my-2\">\u00a0<\/div><p><strong>Conseil de pro<\/strong>V\u00e9rifiez les mises \u00e0 jour concernant les r\u00e9novations avant de r\u00e9server. Si vous \u00eates sensible au bruit, envisagez de demander un \u00e9tage \u00e9lev\u00e9 ou de vous renseigner sur les ailes plus calmes. Et n&#039;oubliez pas de profiter des <strong>consigne \u00e0 bagages gratuite<\/strong> et <strong>R\u00e9ception ouverte 24h\/24 et 7j\/7<\/strong> pour optimiser votre temps d&#039;exploration !<\/p><div class=\"my-2\">\u00a0<\/div><p data-spm-anchor-id=\"a2ty_o01.29997173.0.i27.6bf2c9219dlanX\"><strong>Pr\u00eat \u00e0 d\u00e9couvrir Shanghai comme un local ?<\/strong> R\u00e9servez d\u00e8s aujourd&#039;hui votre s\u00e9jour au Crystal Orange Hotel Shanghai Yu Garden On the Bund et rejoignez les milliers de clients satisfaits qui ont d\u00e9couvert pourquoi cet h\u00f4tel est une \u00e9toile cach\u00e9e dans le paysage h\u00f4telier dynamique de la ville.<\/p>\t\t\t\t\t\t\t\t<\/div>\n\t\t\t\t\t<\/div>\n\t\t\t\t<\/div>\n\t\t\t\t<section class=\"elementor-section elementor-top-section elementor-element elementor-element-bd1905a elementor-section-stretched elementor-section-boxed elementor-section-gap-beside-yes elementor-section-height-default elementor-section-height-default elementor-section-column-vertical-align-stretch\" data-id=\"bd1905a\" data-element_type=\"section\" data-e-type=\"section\" data-settings=\"{&quot;background_background&quot;:&quot;classic&quot;,&quot;stretch_section&quot;:&quot;section-stretched&quot;}\">\n\t\t\t\t\t\t<div class=\"elementor-container elementor-column-gap-extended\">\n\t\t\t\t\t<div class=\"elementor-column elementor-col-100 elementor-top-column elementor-element elementor-element-11f17a64\" data-id=\"11f17a64\" data-element_type=\"column\" data-e-type=\"column\">\n\t\t\t<div class=\"elementor-widget-wrap elementor-element-populated\">\n\t\t\t\t\t\t<div class=\"elementor-element elementor-element-6a5126f1 elementor-widget elementor-widget-nuss-heading\" data-id=\"6a5126f1\" data-element_type=\"widget\" data-e-type=\"widget\" data-widget_type=\"nuss-heading.default\">\n\t\t\t\t<div class=\"elementor-widget-container\">\n\t\t\t\t\t\t\t<div class=\"nuss-modern-heading\">\r\n\t\t\t\t\t\t<div class=\"heading-secondary-wrap\">\r\n\t\t\t\t<h3 class=\"heading-secondary elementor-heading-title\">Ch\u00e8que disponible <\/h3>\t\t\t<\/div>\r\n\t\t\r\n\t\t\t\r\n\t\t\t\r\n\t\t\t\t\t<\/div>\r\n\t\t\t\t\t<\/div>\n\t\t\t\t<\/div>\n\t\t\t\t<div class=\"elementor-element elementor-element-59221db0 elementor-widget elementor-widget-text-editor\" data-id=\"59221db0\" data-element_type=\"widget\" data-e-type=\"widget\" data-widget_type=\"text-editor.default\">\n\t\t\t\t\t\t\t\t\t<iframe border=\"0\" src=\"https:\/\/www.trip.com\/partners\/ad\/S6742899?Allianceid=4590391&#038;SID=275144745&#038;trip_sub1=\" style=\"width:1200px;height:200px\" frameborder=\"0\" scrolling=\"no\" id=\"S6742899\"><\/iframe>\t\t\t\t\t\t\t\t<\/div>\n\t\t\t\t\t<\/div>\n\t\t<\/div>\n\t\t\t\t\t<\/div>\n\t\t<\/section>\n\t\t\t\t<\/div>","protected":false},"excerpt":{"rendered":"<p>Crystal Orange Hotel Shanghai Yu Garden On the Bund: Real Guest Reviews &amp; Unfiltered Experiences from 6,274+ Travelers When planning a trip to Shanghai, choosing the right hotel can make or break your experience. For travelers seeking a perfect blend of central location, modern comfort, and smart service, the Crystal Orange Hotel Shanghai Yu Garden [&hellip;]<\/p>\n","protected":false},"author":1,"featured_media":0,"parent":0,"menu_order":0,"comment_status":"closed","ping_status":"closed","template":"","meta":{"footnotes":""},"class_list":["post-2106","page","type-page","status-publish","hentry","post-no-thumbnail"],"_links":{"self":[{"href":"https:\/\/crystalorangehotelshanghai.com\/fr\/wp-json\/wp\/v2\/pages\/2106","targetHints":{"allow":["GET"]}}],"collection":[{"href":"https:\/\/crystalorangehotelshanghai.com\/fr\/wp-json\/wp\/v2\/pages"}],"about":[{"href":"https:\/\/crystalorangehotelshanghai.com\/fr\/wp-json\/wp\/v2\/types\/page"}],"author":[{"embeddable":true,"href":"https:\/\/crystalorangehotelshanghai.com\/fr\/wp-json\/wp\/v2\/users\/1"}],"replies":[{"embeddable":true,"href":"https:\/\/crystalorangehotelshanghai.com\/fr\/wp-json\/wp\/v2\/comments?post=2106"}],"version-history":[{"count":0,"href":"https:\/\/crystalorangehotelshanghai.com\/fr\/wp-json\/wp\/v2\/pages\/2106\/revisions"}],"wp:attachment":[{"href":"https:\/\/crystalorangehotelshanghai.com\/fr\/wp-json\/wp\/v2\/media?parent=2106"}],"curies":[{"name":"wp","href":"https:\/\/api.w.org\/{rel}","templated":true}]}}