{"id":612,"date":"2021-03-26T10:04:13","date_gmt":"2021-03-26T10:04:13","guid":{"rendered":"http:\/\/localhost\/nuss\/?page_id=612"},"modified":"2025-11-16T09:51:45","modified_gmt":"2025-11-16T09:51:45","slug":"restaurante","status":"publish","type":"page","link":"https:\/\/crystalorangehotelshanghai.com\/es\/restaurante\/","title":{"rendered":"Restaurante"},"content":{"rendered":"<div data-elementor-type=\"wp-page\" data-elementor-id=\"612\" class=\"elementor elementor-612\">\n\t\t\t\t\t\t<section class=\"elementor-section elementor-top-section elementor-element elementor-element-e2effe8 elementor-section-boxed elementor-section-gap-beside-yes elementor-section-height-default elementor-section-height-default elementor-section-column-vertical-align-stretch\" data-id=\"e2effe8\" data-element_type=\"section\" data-e-type=\"section\">\n\t\t\t\t\t\t<div class=\"elementor-container elementor-column-gap-extended\">\n\t\t\t\t\t<div class=\"elementor-column elementor-col-100 elementor-top-column elementor-element elementor-element-e18f688\" data-id=\"e18f688\" data-element_type=\"column\" data-e-type=\"column\">\n\t\t\t<div class=\"elementor-widget-wrap elementor-element-populated\">\n\t\t\t\t\t\t<div class=\"elementor-element elementor-element-6db146d elementor-widget__width-initial elementor-invisible elementor-widget elementor-widget-text-editor\" data-id=\"6db146d\" data-element_type=\"widget\" data-e-type=\"widget\" data-settings=\"{&quot;_animation&quot;:&quot;nussFadeInUp&quot;}\" data-widget_type=\"text-editor.default\">\n\t\t\t\t\t\t\t\t\t<div class=\"svelte-1c06zsf\" data-lang-code=\"\"><p data-spm-anchor-id=\"a2ty_o01.29997173.0.i45.6bf2c9219dlanX\"><strong data-spm-anchor-id=\"a2ty_o01.29997173.0.i46.6bf2c9219dlanX\">Crystal Orange Hotel Shanghai Yu Garden en el Bund: Saborea el esp\u00edritu de Shangh\u00e1i, bocado a bocado.<\/strong><\/p><\/div>\t\t\t\t\t\t\t\t<\/div>\n\t\t\t\t\t<\/div>\n\t\t<\/div>\n\t\t\t\t\t<\/div>\n\t\t<\/section>\n\t\t<div class=\"elementor-element elementor-element-764955e e-flex e-con-boxed e-con e-parent\" data-id=\"764955e\" data-element_type=\"container\" data-e-type=\"container\">\n\t\t\t\t\t<div class=\"e-con-inner\">\n\t\t<div class=\"elementor-element elementor-element-3a71d84 e-con-full e-flex e-con e-child\" data-id=\"3a71d84\" data-element_type=\"container\" data-e-type=\"container\">\n\t\t\t\t<div class=\"elementor-element elementor-element-81a00fb elementor-widget elementor-widget-text-editor\" data-id=\"81a00fb\" data-element_type=\"widget\" data-e-type=\"widget\" data-widget_type=\"text-editor.default\">\n\t\t\t\t\t\t\t\t\t<p data-spm-anchor-id=\"a2ty_o01.29997173.0.i47.6bf2c9219dlanX\">Ubicado en el coraz\u00f3n del distrito de Huangpu en <strong>Carretera Renmin n.\u00ba 399<\/strong>, a pocos pasos de la antigua serenidad de <strong>Jard\u00edn Yu<\/strong> y el resplandeciente paseo mar\u00edtimo de <strong>El Bund<\/strong>, el <strong>Hotel Crystal Orange Shanghai Yu Garden en el Bund<\/strong> Ofrece mucho m\u00e1s que un lugar para descansar: te invita a comenzar el d\u00eda con sabor, energ\u00eda y encanto local.<\/p><div class=\"my-2\">\u00a0<\/div><p>Si bien el hotel no cuenta con un restaurante de alta cocina con servicio completo ni con un extenso men\u00fa a la carta, su <strong>desayuno buffet por la ma\u00f1ana<\/strong> Es una experiencia cuidadosamente dise\u00f1ada para impulsar tu exploraci\u00f3n de Shangh\u00e1i, ya sea que est\u00e9s buscando monumentos culturales, recorriendo mercados bulliciosos o simplemente empap\u00e1ndote del vibrante pulso de la ciudad.<\/p>\t\t\t\t\t\t\t\t<\/div>\n\t\t\t\t<\/div>\n\t\t<div class=\"elementor-element elementor-element-bb76a06 e-con-full e-flex e-con e-child\" data-id=\"bb76a06\" data-element_type=\"container\" data-e-type=\"container\">\n\t\t\t\t<div class=\"elementor-element elementor-element-636ac5f elementor-widget elementor-widget-image\" data-id=\"636ac5f\" data-element_type=\"widget\" data-e-type=\"widget\" data-widget_type=\"image.default\">\n\t\t\t\t\t\t\t\t\t\t\t\t\t\t\t<img fetchpriority=\"high\" decoding=\"async\" width=\"1024\" height=\"682\" src=\"https:\/\/crystalorangehotelshanghai.com\/wp-content\/uploads\/2025\/11\/Crystal-Orange-Hotel-Shanghai-61-1024x682.webp\" class=\"attachment-large size-large wp-image-7247\" alt=\"\" srcset=\"https:\/\/crystalorangehotelshanghai.com\/wp-content\/uploads\/2025\/11\/Crystal-Orange-Hotel-Shanghai-61-1024x682.webp 1024w, https:\/\/crystalorangehotelshanghai.com\/wp-content\/uploads\/2025\/11\/Crystal-Orange-Hotel-Shanghai-61-300x200.webp 300w, https:\/\/crystalorangehotelshanghai.com\/wp-content\/uploads\/2025\/11\/Crystal-Orange-Hotel-Shanghai-61-768x512.webp 768w, https:\/\/crystalorangehotelshanghai.com\/wp-content\/uploads\/2025\/11\/Crystal-Orange-Hotel-Shanghai-61-18x12.webp 18w, https:\/\/crystalorangehotelshanghai.com\/wp-content\/uploads\/2025\/11\/Crystal-Orange-Hotel-Shanghai-61.webp 1280w\" sizes=\"(max-width: 1024px) 100vw, 1024px\" \/>\t\t\t\t\t\t\t\t\t\t\t\t\t\t\t<\/div>\n\t\t\t\t<\/div>\n\t\t\t\t\t<\/div>\n\t\t\t\t<\/div>\n\t\t<div class=\"elementor-element elementor-element-e5626a7 e-flex e-con-boxed e-con e-parent\" data-id=\"e5626a7\" data-element_type=\"container\" data-e-type=\"container\">\n\t\t\t\t\t<div class=\"e-con-inner\">\n\t\t\t\t<div class=\"elementor-element elementor-element-4ac24e6 elementor-widget elementor-widget-nuss-image-gallery\" data-id=\"4ac24e6\" data-element_type=\"widget\" data-e-type=\"widget\" data-widget_type=\"nuss-image-gallery.default\">\n\t\t\t\t<div class=\"elementor-widget-container\">\n\t\t\t\t\t\t\t<div class=\"nuss-grid-wrapper\" data-grid=\"{&quot;type&quot;:&quot;grid&quot;,&quot;ratio&quot;:null,&quot;columns&quot;:3,&quot;gutter&quot;:30}\">\r\n\t\t\t<div class=\"nuss-grid lazy-grid\">\r\n\t\t\t\t<div class=\"grid-sizer\"><\/div>\r\n\r\n\t\t\t\t\t\t\t\t\t\t\t\t<div class=\"grid-item\">\r\n\t\t\t\t\t\t<div class=\"nuss-box\">\t\t<div class=\"nuss-image image\">\r\n\t\t\t<img decoding=\"async\"  src=\"https:\/\/crystalorangehotelshanghai.com\/wp-content\/uploads\/2025\/11\/Crystal-Orange-Hotel-Shanghai-64.webp\" alt=\"Hotel Crystal Orange Shanghai (64)\" \/>\t\t<\/div>\r\n\t\t\t\t<\/div>\t\t\t\t\t<\/div>\r\n\t\t\t\t\t\t<div class=\"grid-item\">\r\n\t\t\t\t\t\t<div class=\"nuss-box\">\t\t<div class=\"nuss-image image\">\r\n\t\t\t<img decoding=\"async\"  src=\"https:\/\/crystalorangehotelshanghai.com\/wp-content\/uploads\/2025\/11\/Crystal-Orange-Hotel-Shanghai-47.webp\" alt=\"Hotel Crystal Orange Shanghai (47)\" \/>\t\t<\/div>\r\n\t\t\t\t<\/div>\t\t\t\t\t<\/div>\r\n\t\t\t\t\t\t<div class=\"grid-item\">\r\n\t\t\t\t\t\t<div class=\"nuss-box\">\t\t<div class=\"nuss-image image\">\r\n\t\t\t<img decoding=\"async\"  src=\"https:\/\/crystalorangehotelshanghai.com\/wp-content\/uploads\/2025\/11\/Crystal-Orange-Hotel-Shanghai-46.webp\" alt=\"Hotel Crystal Orange Shanghai (46)\" \/>\t\t<\/div>\r\n\t\t\t\t<\/div>\t\t\t\t\t<\/div>\r\n\t\t\t\t\t\t<div class=\"grid-item\">\r\n\t\t\t\t\t\t<div class=\"nuss-box\">\t\t<div class=\"nuss-image image\">\r\n\t\t\t<img decoding=\"async\"  src=\"https:\/\/crystalorangehotelshanghai.com\/wp-content\/uploads\/2025\/11\/Crystal-Orange-Hotel-Shanghai-45.webp\" alt=\"Hotel Crystal Orange Shanghai (45)\" \/>\t\t<\/div>\r\n\t\t\t\t<\/div>\t\t\t\t\t<\/div>\r\n\t\t\t\t\t\t<div class=\"grid-item\">\r\n\t\t\t\t\t\t<div class=\"nuss-box\">\t\t<div class=\"nuss-image image\">\r\n\t\t\t<img decoding=\"async\"  src=\"https:\/\/crystalorangehotelshanghai.com\/wp-content\/uploads\/2025\/11\/Crystal-Orange-Hotel-Shanghai-31.webp\" alt=\"Hotel Crystal Orange Shanghai (31)\" \/>\t\t<\/div>\r\n\t\t\t\t<\/div>\t\t\t\t\t<\/div>\r\n\t\t\t\t\t\t<div class=\"grid-item\">\r\n\t\t\t\t\t\t<div class=\"nuss-box\">\t\t<div class=\"nuss-image image\">\r\n\t\t\t<img decoding=\"async\"  src=\"https:\/\/crystalorangehotelshanghai.com\/wp-content\/uploads\/2025\/11\/Crystal-Orange-Hotel-Shanghai-22.webp\" alt=\"Hotel Crystal Orange Shanghai (22)\" \/>\t\t<\/div>\r\n\t\t\t\t<\/div>\t\t\t\t\t<\/div>\r\n\t\t\t\t\t\t<div class=\"grid-item\">\r\n\t\t\t\t\t\t<div class=\"nuss-box\">\t\t<div class=\"nuss-image image\">\r\n\t\t\t<img decoding=\"async\"  src=\"https:\/\/crystalorangehotelshanghai.com\/wp-content\/uploads\/2025\/11\/Crystal-Orange-Hotel-Shanghai-3.webp\" alt=\"Hotel Crystal Orange Shanghai (3)\" \/>\t\t<\/div>\r\n\t\t\t\t<\/div>\t\t\t\t\t<\/div>\r\n\t\t\t\t\t\t<div class=\"grid-item\">\r\n\t\t\t\t\t\t<div class=\"nuss-box\">\t\t<div class=\"nuss-image image\">\r\n\t\t\t<img decoding=\"async\"  src=\"https:\/\/crystalorangehotelshanghai.com\/wp-content\/uploads\/2025\/11\/Crystal-Orange-Hotel-Shanghai-4.webp\" alt=\"Hotel Crystal Orange Shanghai (4)\" \/>\t\t<\/div>\r\n\t\t\t\t<\/div>\t\t\t\t\t<\/div>\r\n\t\t\t\t\t\t<div class=\"grid-item\">\r\n\t\t\t\t\t\t<div class=\"nuss-box\">\t\t<div class=\"nuss-image image\">\r\n\t\t\t<img decoding=\"async\"  src=\"https:\/\/crystalorangehotelshanghai.com\/wp-content\/uploads\/2025\/11\/Crystal-Orange-Hotel-Shanghai-13.webp\" alt=\"Hotel Crystal Orange Shanghai (13)\" \/>\t\t<\/div>\r\n\t\t\t\t<\/div>\t\t\t\t\t<\/div>\r\n\t\t\t\t\t\t\t\r\n\t\t\t<\/div>\r\n\t\t<\/div>\r\n\t\t\t\t\t\t<\/div>\n\t\t\t\t<\/div>\n\t\t\t\t\t<\/div>\n\t\t\t\t<\/div>\n\t\t<div class=\"elementor-element elementor-element-d05381b e-flex e-con-boxed e-con e-parent\" data-id=\"d05381b\" data-element_type=\"container\" data-e-type=\"container\">\n\t\t\t\t\t<div class=\"e-con-inner\">\n\t\t\t\t<div class=\"elementor-element elementor-element-53bd849 elementor-widget elementor-widget-text-editor\" data-id=\"53bd849\" data-element_type=\"widget\" data-e-type=\"widget\" data-widget_type=\"text-editor.default\">\n\t\t\t\t\t\t\t\t\t<h3 data-spm-anchor-id=\"a2ty_o01.29997173.0.i49.6bf2c9219dlanX\">\ud83c\udf73 Un desayuno buffet que une Oriente y Occidente<\/h3><p>Comience su aventura en Shangh\u00e1i con nuestro <strong>desayuno buffet diario<\/strong>, servido desde <strong>06:30\u201310:00 (lunes a viernes)<\/strong> y <strong>07:00\u201310:30 (s\u00e1bado\u2013domingo)<\/strong> en nuestro luminoso y moderno comedor. Dise\u00f1ado para viajeros que valoran la variedad, la comodidad y el sabor aut\u00e9ntico, el buf\u00e9 combina <strong data-spm-anchor-id=\"a2ty_o01.29997173.0.i48.6bf2c9219dlanX\">Cl\u00e1sicos chinos<\/strong> con <strong>Favoritos del oeste<\/strong> \u2014 perfecto para aventureros solitarios, parejas y familias por igual.<\/p><div class=\"my-2\">\u00a0<\/div><p><strong>\u00bfQu\u00e9 hay en el plato?<\/strong><\/p><ul dir=\"auto\"><li><strong>Estaciones calientes<\/strong>Bollos reci\u00e9n hechos al vapor, congee sabroso, fideos y verduras salteadas: todo preparado con esmero por nuestro equipo de cocina.<\/li><li><strong>Selecciones del oeste<\/strong>:Huevos hechos al momento, tocino crujiente, salchichas, panqueques, waffles y tostadas con mantequilla y mermelada.<\/li><li><strong>Panader\u00eda y pasteler\u00eda<\/strong>:Cruasanes hojaldrados, bollos dulces, muffins y panes horneados localmente, ideales para acompa\u00f1ar con caf\u00e9 o t\u00e9.<\/li><li><strong>Frutas y yogur<\/strong>Frutas frescas de temporada, granola y yogur fr\u00edo para un comienzo ligero.<\/li><li><strong>Bebidas<\/strong>Caf\u00e9 premium, t\u00e9 caliente, leche, zumo y agua: todo incluido en su comida.<\/li><\/ul><div class=\"my-2\">\u00a0<\/div><p>Los hu\u00e9spedes elogian constantemente el <strong>calidad, variedad y calidez<\/strong> del despliegue matutino. Como se\u00f1al\u00f3 un viajero: <em>\u201cEl desayuno buffet era aceptable, aunque a veces estaba bastante concurrido, pero la calidad compensaba el bullicio.\u201d<\/em><\/p><div class=\"my-2\">\u00a0<\/div><p>Y s\u00ed, si viajas con ni\u00f1os peque\u00f1os, comen <strong>Gratis para menores de 1,3 m<\/strong>, mientras que los ni\u00f1os mayores de esa altura pagan solo <strong>CNY 68<\/strong> \u2014 igual que los adultos. Es una forma econ\u00f3mica de mantener a todos con energ\u00eda sin sacrificar el sabor.<\/p><div class=\"my-2\">\u00a0<\/div><div class=\"py-2 my-3\"><hr \/><\/div><div class=\"my-2\">\u00a0<\/div><h3>\u2615 M\u00e1s que un desayuno: un espacio acogedor para conectar<\/h3><p>M\u00e1s all\u00e1 del ajetreo matutino, nuestro <strong>Cafeter\u00eda y bar del vest\u00edbulo<\/strong> Ser\u00e1 tu oasis de tranquilidad para recargar energ\u00edas r\u00e1pidamente, trabajar en silencio o reunirte con amigos o familiares. Tanto si necesitas un buen caf\u00e9 antes de ir al Bund, una copa de vino despu\u00e9s de un largo d\u00eda de turismo o un tentempi\u00e9 entre visitas a museos, aqu\u00ed lo encontrar\u00e1s.<\/p><div class=\"my-2\">\u00a0<\/div><p>Nuestro bar ofrece:<\/p><ul dir=\"auto\"><li><strong>Caf\u00e9 y t\u00e9<\/strong>:Granos de origen local y selecciones premium de hojas sueltas<\/li><li><strong>Aperitivos ligeros<\/strong>:S\u00e1ndwiches, pasteles y snacks envasados para viajeros en movimiento<\/li><li><strong>Refrigerios<\/strong>Refrescos, zumos y agua embotellada<\/li><li><strong>Bebidas nocturnas<\/strong>Cerveza, vino y c\u00f3cteles sin alcohol para relajarse<\/li><\/ul><div class=\"my-2\">\u00a0<\/div><p>No se trata de ostentaci\u00f3n, sino de comodidad, coherencia y conexi\u00f3n. Rel\u00e1jate en nuestro elegante y minimalista sal\u00f3n, con\u00e9ctate al wifi gratuito y d\u00e9jate envolver por el ritmo de Shangh\u00e1i.<\/p><div class=\"my-2\">\u00a0<\/div><div class=\"py-2 my-3\"><hr \/><\/div><div class=\"my-2\">\u00a0<\/div><h3>\ud83c\udf3f Por qu\u00e9 a los viajeros les encanta nuestra experiencia gastron\u00f3mica<\/h3><p>Sabemos que no vienes a Shanghai a comer en un hotel, pero cuando lo hagas, queremos que lo sientas como parte del viaje.<\/p><div class=\"my-2\">\u00a0<\/div><ul dir=\"auto\"><li><strong>La conveniencia es lo primero<\/strong>Despu\u00e9s de una noche explorando los callejones iluminados por las linternas del Jard\u00edn Yu o paseando por el paseo iluminado con ne\u00f3n del Bund, despertarse con una comida c\u00e1lida y satisfactoria a solo unos pasos de su habitaci\u00f3n no tiene precio.<\/li><li><strong>Toque local<\/strong>Si bien ofrecemos platos occidentales b\u00e1sicos, nuestros platos chinos reflejan sabores regionales \u2014como bollos de cerdo al vapor, huevos estofados en salsa de soja y delicadas gachas de arroz\u2014, lo que le brinda un verdadero sabor del alma culinaria de Shangh\u00e1i.<\/li><li><strong>Dise\u00f1o inteligente<\/strong>El dise\u00f1o del buffet es intuitivo, limpio y eficiente: no hay que esperar en filas a menos que te pille en hora punta. Y con <strong>herramientas de traducci\u00f3n disponibles en el sitio<\/strong>, Los hu\u00e9spedes internacionales pueden navegar por el men\u00fa con facilidad.<\/li><\/ul><div class=\"my-2\">\u00a0<\/div><p>Un invitado lo resumi\u00f3 perfectamente: <em>\u201cLa habitaci\u00f3n estaba limpia y la ducha ten\u00eda una presi\u00f3n de agua y control de temperatura excelentes\u2026 el desayuno era decente, con buena variedad.\u201d<\/em><\/p><div class=\"my-2\">\u00a0<\/div><div class=\"py-2 my-3\"><hr \/><\/div><div class=\"my-2\">\u00a0<\/div><h3>\ud83d\udccd Come como un lugare\u00f1o y luego explora como un profesional<\/h3><p>Tu ubicaci\u00f3n lo es todo, y la nuestra te sit\u00faa a poca distancia de algunas de las experiencias gastron\u00f3micas m\u00e1s emblem\u00e1ticas de Shangh\u00e1i:<\/p><div class=\"my-2\">\u00a0<\/div><ul dir=\"auto\"><li><strong>Bazar del Jard\u00edn Yu<\/strong>A tan solo unos minutos, pruebe los xiaolongbao (empanadillas de sopa), los panqueques de cebolleta y los dulces pasteles de osmanthus de los vendedores ambulantes y las casas de t\u00e9 hist\u00f3ricas.<\/li><li><strong>El Bund<\/strong>:Disfrute de un c\u00f3ctel despu\u00e9s de la cena en un bar en la azotea junto al r\u00edo con vistas al horizonte de Pudong.<\/li><li><strong>Carretera de Nanjing<\/strong>:Sum\u00e9rjase en restaurantes con estrellas Michelin o en joyas ocultas escondidas en callejones.<\/li><\/ul><div class=\"my-2\">\u00a0<\/div><p>Pero incluso si decides quedarte en casa \u2014ya sea porque est\u00e1s trabajando a distancia, recuper\u00e1ndote del desfase horario o simplemente disfrutando de un momento de tranquilidad\u2014 nuestra oferta de desayunos y cafeter\u00eda te garantiza que nunca estar\u00e1s lejos de algo delicioso.<\/p><div class=\"my-2\">\u00a0<\/div><div class=\"py-2 my-3\"><hr \/><\/div><div class=\"my-2\">\u00a0<\/div><h3>\u2705 Perfecto para todo tipo de viajero<\/h3><p>Ya sea que est\u00e9s:<\/p><ul dir=\"auto\"><li>A <strong>viajero de negocios<\/strong> Necesitas un comienzo de d\u00eda fiable y energizante.<\/li><li>A <strong>familia<\/strong> Buscamos comidas para ni\u00f1os y opciones flexibles.<\/li><li>A <strong>explorador solitario<\/strong> Buscando un lugar tranquilo y limpio para planificar tu pr\u00f3xima mudanza<\/li><li>O un <strong>pareja rom\u00e1ntica<\/strong> Disfrutando de una ma\u00f1ana tranquila antes de salir a la ciudad<\/li><\/ul><div class=\"my-2\">\u00a0<\/div><p>Nuestra experiencia gastron\u00f3mica est\u00e1 dise\u00f1ada para adaptarse a su ritmo, su paladar y su prop\u00f3sito.<\/p><div class=\"my-2\">\u00a0<\/div><div class=\"py-2 my-3\"><hr \/><\/div><div class=\"my-2\">\u00a0<\/div><h3>\ud83d\udccc Informaci\u00f3n pr\u00e1ctica que necesitas saber<\/h3><ul dir=\"auto\"><li><strong>Precio del desayuno<\/strong>Entrada: 68 CNY por adulto \/ Gratis para ni\u00f1os menores de 1,3 m \/ 68 CNY para ni\u00f1os mayores de 1,3 m<\/li><li><strong>Horas<\/strong>: lunes a viernes de 06:30 a 10:00 | S\u00e1bado y domingo de 07:00 a 10:30<\/li><li><strong>Comedor<\/strong>Interior, con aire acondicionado y accesible para sillas de ruedas<\/li><li><strong>Pago<\/strong>: Incluido como servicio adicional durante la reserva o pagado directamente al finalizar la compra<\/li><li><strong>Dietas especiales<\/strong>Aunque no ofrecemos men\u00fas espec\u00edficos sin al\u00e9rgenos, nuestro personal estar\u00e1 encantado de ayudarle con cualquier petici\u00f3n diet\u00e9tica b\u00e1sica si lo solicita.<\/li><\/ul><div class=\"my-2\">\u00a0<\/div><div class=\"py-2 my-3\"><hr \/><\/div><div class=\"my-2\">\u00a0<\/div><h3>\ud83c\udf7d\ufe0f Tu historia en Shangh\u00e1i comienza aqu\u00ed \u2014 \u00a1Con la barriga llena!<\/h3><p>En el Crystal Orange Hotel Shanghai Yu Garden On the Bund, creemos que los mejores viajes comienzan con buena comida: no platos sofisticados, sino comidas honestas y nutritivas que marcan la pauta para el d\u00eda siguiente. Quiz\u00e1s no tengamos un men\u00fa degustaci\u00f3n de cinco platos ni un chef famoso, pero s\u00ed tenemos pasi\u00f3n, hospitalidad y un profundo respeto por la ciudad que llamamos hogar.<\/p><div class=\"my-2\">\u00a0<\/div><p>As\u00ed que, tanto si est\u00e1s tomando un caf\u00e9 mientras contemplas el amanecer sobre el r\u00edo Huangpu, preparando un pastel para tu viaje en metro al Templo de la Ciudad, o compartiendo risas con tu compa\u00f1ero de viaje mientras desayunas huevos revueltos, perm\u00edtenos ser la primera parada en tu ruta gastron\u00f3mica por Shangh\u00e1i.<\/p><div class=\"my-2\">\u00a0<\/div><p><strong>Ven con hambre. Sal inspirado.<\/strong><\/p><div class=\"my-2\">\u00a0<\/div><p>\u2014<\/p><div class=\"my-2\">\u00a0<\/div><p data-spm-anchor-id=\"a2ty_o01.29997173.0.i50.6bf2c9219dlanX\"><strong>Hotel Crystal Orange Shanghai Yu Garden en el Bund<\/strong><br \/><em>Donde cada bocado cuenta una historia, y todas las historias comienzan en Shangh\u00e1i.<\/em><\/p>\t\t\t\t\t\t\t\t<\/div>\n\t\t\t\t\t<\/div>\n\t\t\t\t<\/div>\n\t\t\t\t<section class=\"elementor-section elementor-top-section elementor-element elementor-element-16d681a4 elementor-section-stretched elementor-section-boxed elementor-section-gap-beside-yes elementor-section-height-default elementor-section-height-default elementor-section-column-vertical-align-stretch\" data-id=\"16d681a4\" data-element_type=\"section\" data-e-type=\"section\" data-settings=\"{&quot;background_background&quot;:&quot;classic&quot;,&quot;stretch_section&quot;:&quot;section-stretched&quot;}\">\n\t\t\t\t\t\t<div class=\"elementor-container elementor-column-gap-extended\">\n\t\t\t\t\t<div class=\"elementor-column elementor-col-100 elementor-top-column elementor-element elementor-element-38feae16\" data-id=\"38feae16\" data-element_type=\"column\" data-e-type=\"column\">\n\t\t\t<div class=\"elementor-widget-wrap elementor-element-populated\">\n\t\t\t\t\t\t<div class=\"elementor-element elementor-element-41e8eddd elementor-widget elementor-widget-nuss-heading\" data-id=\"41e8eddd\" data-element_type=\"widget\" data-e-type=\"widget\" data-widget_type=\"nuss-heading.default\">\n\t\t\t\t<div class=\"elementor-widget-container\">\n\t\t\t\t\t\t\t<div class=\"nuss-modern-heading\">\r\n\t\t\t\t\t\t<div class=\"heading-secondary-wrap\">\r\n\t\t\t\t<h3 class=\"heading-secondary elementor-heading-title\">Consultar disponibilidad <\/h3>\t\t\t<\/div>\r\n\t\t\r\n\t\t\t\r\n\t\t\t\r\n\t\t\t\t\t<\/div>\r\n\t\t\t\t\t<\/div>\n\t\t\t\t<\/div>\n\t\t\t\t<div class=\"elementor-element elementor-element-69881927 elementor-widget elementor-widget-text-editor\" data-id=\"69881927\" data-element_type=\"widget\" data-e-type=\"widget\" data-widget_type=\"text-editor.default\">\n\t\t\t\t\t\t\t\t\t<iframe border=\"0\" src=\"https:\/\/www.trip.com\/partners\/ad\/S6742899?Allianceid=4590391&#038;SID=275144745&#038;trip_sub1=\" style=\"width:1200px;height:200px\" frameborder=\"0\" scrolling=\"no\" id=\"S6742899\"><\/iframe>\t\t\t\t\t\t\t\t<\/div>\n\t\t\t\t\t<\/div>\n\t\t<\/div>\n\t\t\t\t\t<\/div>\n\t\t<\/section>\n\t\t\t\t<\/div>","protected":false},"excerpt":{"rendered":"<p>Crystal Orange Hotel Shanghai Yu Garden On the Bund: Savor Shanghai\u2019s Spirit \u2014 One Bite at a Time Nestled in the heart of Huangpu District at No. 399 Renmin Road, just steps from the ancient serenity of Yu Garden and the glittering waterfront of The Bund, the Crystal Orange Hotel Shanghai Yu Garden On the [&hellip;]<\/p>\n","protected":false},"author":1,"featured_media":0,"parent":0,"menu_order":0,"comment_status":"closed","ping_status":"closed","template":"","meta":{"footnotes":""},"class_list":["post-612","page","type-page","status-publish","hentry","post-no-thumbnail"],"_links":{"self":[{"href":"https:\/\/crystalorangehotelshanghai.com\/es\/wp-json\/wp\/v2\/pages\/612","targetHints":{"allow":["GET"]}}],"collection":[{"href":"https:\/\/crystalorangehotelshanghai.com\/es\/wp-json\/wp\/v2\/pages"}],"about":[{"href":"https:\/\/crystalorangehotelshanghai.com\/es\/wp-json\/wp\/v2\/types\/page"}],"author":[{"embeddable":true,"href":"https:\/\/crystalorangehotelshanghai.com\/es\/wp-json\/wp\/v2\/users\/1"}],"replies":[{"embeddable":true,"href":"https:\/\/crystalorangehotelshanghai.com\/es\/wp-json\/wp\/v2\/comments?post=612"}],"version-history":[{"count":0,"href":"https:\/\/crystalorangehotelshanghai.com\/es\/wp-json\/wp\/v2\/pages\/612\/revisions"}],"wp:attachment":[{"href":"https:\/\/crystalorangehotelshanghai.com\/es\/wp-json\/wp\/v2\/media?parent=612"}],"curies":[{"name":"wp","href":"https:\/\/api.w.org\/{rel}","templated":true}]}}