{"id":5266,"date":"2021-07-18T08:03:35","date_gmt":"2021-07-18T08:03:35","guid":{"rendered":"https:\/\/nuss.uxper.co\/luxury-resort\/?page_id=5266"},"modified":"2025-11-16T09:14:56","modified_gmt":"2025-11-16T09:14:56","slug":"sobre-nosotros","status":"publish","type":"page","link":"https:\/\/crystalorangehotelshanghai.com\/es\/sobre-nosotros\/","title":{"rendered":"Sobre nosotros"},"content":{"rendered":"<div data-elementor-type=\"wp-page\" data-elementor-id=\"5266\" class=\"elementor elementor-5266\">\n\t\t\t\t\t\t<section class=\"elementor-section elementor-top-section elementor-element elementor-element-10416953 elementor-section-boxed elementor-section-gap-beside-yes elementor-section-height-default elementor-section-height-default elementor-section-column-vertical-align-stretch\" data-id=\"10416953\" data-element_type=\"section\" data-e-type=\"section\">\n\t\t\t\t\t\t<div class=\"elementor-container elementor-column-gap-extended\">\n\t\t\t\t\t<div class=\"elementor-column elementor-col-100 elementor-top-column elementor-element elementor-element-29c6aa8\" data-id=\"29c6aa8\" data-element_type=\"column\" data-e-type=\"column\">\n\t\t\t<div class=\"elementor-widget-wrap elementor-element-populated\">\n\t\t\t\t\t\t<div class=\"elementor-element elementor-element-7be18fe7 elementor-widget__width-initial elementor-invisible elementor-widget elementor-widget-text-editor\" data-id=\"7be18fe7\" data-element_type=\"widget\" data-e-type=\"widget\" data-settings=\"{&quot;_animation&quot;:&quot;nussFadeInUp&quot;}\" data-widget_type=\"text-editor.default\">\n\t\t\t\t\t\t\t\t\t<div class=\"svelte-1c06zsf\" data-lang-code=\"\"><p><strong data-spm-anchor-id=\"a2ty_o01.29997173.0.i6.6bf2c9219dlanX\">Hotel Crystal Orange Shanghai Yu Garden En el Bund: Su elegante y moderna puerta de entrada al Shangh\u00e1i antiguo y moderno<\/strong><\/p><\/div>\t\t\t\t\t\t\t\t<\/div>\n\t\t\t\t\t<\/div>\n\t\t<\/div>\n\t\t\t\t\t<\/div>\n\t\t<\/section>\n\t\t\t\t<section class=\"elementor-section elementor-top-section elementor-element elementor-element-7d18327f elementor-section-boxed elementor-section-gap-beside-yes elementor-section-height-default elementor-section-height-default elementor-section-column-vertical-align-stretch\" data-id=\"7d18327f\" data-element_type=\"section\" data-e-type=\"section\">\n\t\t\t\t\t\t<div class=\"elementor-container elementor-column-gap-extended\">\n\t\t\t\t\t<div class=\"elementor-column elementor-col-50 elementor-top-column elementor-element elementor-element-56533670\" data-id=\"56533670\" data-element_type=\"column\" data-e-type=\"column\">\n\t\t\t<div class=\"elementor-widget-wrap elementor-element-populated\">\n\t\t\t\t\t\t<div class=\"elementor-element elementor-element-19c3f543 elementor-drop-cap-yes elementor-drop-cap-view-default elementor-invisible elementor-widget elementor-widget-text-editor\" data-id=\"19c3f543\" data-element_type=\"widget\" data-e-type=\"widget\" data-settings=\"{&quot;_animation&quot;:&quot;nussFadeInUp&quot;,&quot;drop_cap&quot;:&quot;yes&quot;}\" data-widget_type=\"text-editor.default\">\n\t\t\t\t\t\t\t\t\t<p>Ubicado en el vibrante coraz\u00f3n del distrito de Huangpu, en el n\u00famero 399 de Renmin Road, el <strong>Hotel Crystal Orange Shanghai Yu Garden en el Bund<\/strong> Ofrece una base moderna y pr\u00e1ctica para explorar los lugares m\u00e1s emblem\u00e1ticos de la ciudad. Este hotel de 4 estrellas es m\u00e1s que un simple lugar de descanso: es un oasis urbano de dise\u00f1o inteligente que combina la comodidad contempor\u00e1nea con un acceso inigualable a la rica historia y el dinamismo de Shangh\u00e1i.<\/p>\t\t\t\t\t\t\t\t<\/div>\n\t\t\t\t\t<\/div>\n\t\t<\/div>\n\t\t\t\t<div class=\"elementor-column elementor-col-50 elementor-top-column elementor-element elementor-element-30f14127\" data-id=\"30f14127\" data-element_type=\"column\" data-e-type=\"column\">\n\t\t\t<div class=\"elementor-widget-wrap elementor-element-populated\">\n\t\t\t\t\t\t<div class=\"elementor-element elementor-element-59aea08 elementor-widget elementor-widget-image\" data-id=\"59aea08\" data-element_type=\"widget\" data-e-type=\"widget\" data-widget_type=\"image.default\">\n\t\t\t\t\t\t\t\t\t\t\t\t\t\t\t<img fetchpriority=\"high\" decoding=\"async\" width=\"1024\" height=\"682\" src=\"https:\/\/crystalorangehotelshanghai.com\/wp-content\/uploads\/2025\/11\/Crystal-Orange-Hotel-Shanghai-44-1024x682.webp\" class=\"attachment-large size-large wp-image-7230\" alt=\"\" srcset=\"https:\/\/crystalorangehotelshanghai.com\/wp-content\/uploads\/2025\/11\/Crystal-Orange-Hotel-Shanghai-44-1024x682.webp 1024w, https:\/\/crystalorangehotelshanghai.com\/wp-content\/uploads\/2025\/11\/Crystal-Orange-Hotel-Shanghai-44-300x200.webp 300w, https:\/\/crystalorangehotelshanghai.com\/wp-content\/uploads\/2025\/11\/Crystal-Orange-Hotel-Shanghai-44-768x512.webp 768w, https:\/\/crystalorangehotelshanghai.com\/wp-content\/uploads\/2025\/11\/Crystal-Orange-Hotel-Shanghai-44-18x12.webp 18w, https:\/\/crystalorangehotelshanghai.com\/wp-content\/uploads\/2025\/11\/Crystal-Orange-Hotel-Shanghai-44.webp 1280w\" sizes=\"(max-width: 1024px) 100vw, 1024px\" \/>\t\t\t\t\t\t\t\t\t\t\t\t\t\t\t<\/div>\n\t\t\t\t\t<\/div>\n\t\t<\/div>\n\t\t\t\t\t<\/div>\n\t\t<\/section>\n\t\t\t\t<section class=\"elementor-section elementor-top-section elementor-element elementor-element-29fb8578 elementor-section-height-min-height elementor-section-stretched elementor-section-full_width elementor-section-items-stretch elementor-section-height-default elementor-section-column-vertical-align-stretch\" data-id=\"29fb8578\" data-element_type=\"section\" data-e-type=\"section\" data-settings=\"{&quot;stretch_section&quot;:&quot;section-stretched&quot;}\">\n\t\t\t\t\t\t<div class=\"elementor-container elementor-column-gap-no\">\n\t\t\t\t\t<div class=\"elementor-column elementor-col-50 elementor-top-column elementor-element elementor-element-40ac270b\" data-id=\"40ac270b\" data-element_type=\"column\" data-e-type=\"column\">\n\t\t\t<div class=\"elementor-widget-wrap elementor-element-populated\">\n\t\t\t\t\t\t<div class=\"elementor-element elementor-element-20872773 elementor-widget__width-initial elementor-widget-mobile__width-inherit elementor-invisible nuss-elementor-loading nuss-slide-in-right elementor-widget elementor-widget-image\" data-id=\"20872773\" data-element_type=\"widget\" data-e-type=\"widget\" data-settings=\"{&quot;_animation&quot;:&quot;nussSlideInRight&quot;}\" data-widget_type=\"image.default\">\n\t\t\t\t\t\t\t\t\t\t\t\t\t\t\t<img decoding=\"async\" width=\"1137\" height=\"853\" src=\"https:\/\/crystalorangehotelshanghai.com\/wp-content\/uploads\/2025\/11\/Crystal-Orange-Hotel-Shanghai-99.webp\" class=\"attachment-full size-full wp-image-7285\" alt=\"\" srcset=\"https:\/\/crystalorangehotelshanghai.com\/wp-content\/uploads\/2025\/11\/Crystal-Orange-Hotel-Shanghai-99.webp 1137w, https:\/\/crystalorangehotelshanghai.com\/wp-content\/uploads\/2025\/11\/Crystal-Orange-Hotel-Shanghai-99-300x225.webp 300w, https:\/\/crystalorangehotelshanghai.com\/wp-content\/uploads\/2025\/11\/Crystal-Orange-Hotel-Shanghai-99-1024x768.webp 1024w, https:\/\/crystalorangehotelshanghai.com\/wp-content\/uploads\/2025\/11\/Crystal-Orange-Hotel-Shanghai-99-768x576.webp 768w, https:\/\/crystalorangehotelshanghai.com\/wp-content\/uploads\/2025\/11\/Crystal-Orange-Hotel-Shanghai-99-16x12.webp 16w\" sizes=\"(max-width: 1137px) 100vw, 1137px\" \/>\t\t\t\t\t\t\t\t\t\t\t\t\t\t\t<\/div>\n\t\t\t\t\t<\/div>\n\t\t<\/div>\n\t\t\t\t<div class=\"elementor-column elementor-col-50 elementor-top-column elementor-element elementor-element-2dac103\" data-id=\"2dac103\" data-element_type=\"column\" data-e-type=\"column\">\n\t\t\t<div class=\"elementor-widget-wrap elementor-element-populated\">\n\t\t\t\t\t\t<div class=\"elementor-element elementor-element-6f1b8966 elementor-invisible elementor-widget elementor-widget-text-editor\" data-id=\"6f1b8966\" data-element_type=\"widget\" data-e-type=\"widget\" data-settings=\"{&quot;_animation&quot;:&quot;nussFadeInUp&quot;}\" data-widget_type=\"text-editor.default\">\n\t\t\t\t\t\t\t\t\t<p data-spm-anchor-id=\"a2ty_o01.29997173.0.i9.6bf2c9219dlanX\">Perfectamente ubicado a pocos pasos de la antigua serenidad de <strong>Jard\u00edn Yu<\/strong> y el deslumbrante paseo mar\u00edtimo de <strong>El Bund<\/strong>, Podr\u00e1s pasar sin esfuerzo de la tranquilidad de los jardines cl\u00e1sicos al deslumbrante horizonte de Pudong. La ubicaci\u00f3n privilegiada del hotel te permite estar a solo unos minutos de... <strong>Estaci\u00f3n de metro Jard\u00edn Yuyuan<\/strong>, lo que hace que sea incre\u00edblemente f\u00e1cil recorrer toda la ciudad, ya sea que te dirijas a la <strong>Acuario Oce\u00e1nico de Shangh\u00e1i<\/strong>, el hist\u00f3rico <strong>Templo de la ciudad<\/strong>, o los bulliciosos distritos comerciales de Nanjing Road.<\/p><div class=\"my-2\">\u00a0<\/div><p>Dise\u00f1ado para el viajero inteligente de hoy, el Hotel Crystal Orange combina un dise\u00f1o elegante y minimalista con comodidades tecnol\u00f3gicas de vanguardia. Desde quioscos de auto check-in y robots de servicio hasta herramientas de traducci\u00f3n y paneles inteligentes en las habitaciones, cada detalle est\u00e1 dise\u00f1ado para la eficiencia y la comodidad. Ya sea que viaje por negocios o por placer, apreciar\u00e1 la experiencia perfecta, desde su llegada hasta su despedida.<\/p>\t\t\t\t\t\t\t\t<\/div>\n\t\t\t\t\t<\/div>\n\t\t<\/div>\n\t\t\t\t\t<\/div>\n\t\t<\/section>\n\t\t\t\t<section class=\"elementor-section elementor-top-section elementor-element elementor-element-6f312d6 elementor-section-height-min-height elementor-section-stretched elementor-section-full_width elementor-section-items-stretch elementor-section-height-default elementor-section-column-vertical-align-stretch\" data-id=\"6f312d6\" data-element_type=\"section\" data-e-type=\"section\" data-settings=\"{&quot;stretch_section&quot;:&quot;section-stretched&quot;}\">\n\t\t\t\t\t\t<div class=\"elementor-container elementor-column-gap-no\">\n\t\t\t\t\t<div class=\"elementor-column elementor-col-50 elementor-top-column elementor-element elementor-element-e7e7207\" data-id=\"e7e7207\" data-element_type=\"column\" data-e-type=\"column\">\n\t\t\t<div class=\"elementor-widget-wrap elementor-element-populated\">\n\t\t\t\t\t\t<div class=\"elementor-element elementor-element-dbbb4fe elementor-invisible elementor-widget elementor-widget-text-editor\" data-id=\"dbbb4fe\" data-element_type=\"widget\" data-e-type=\"widget\" data-settings=\"{&quot;_animation&quot;:&quot;nussFadeInUp&quot;}\" data-widget_type=\"text-editor.default\">\n\t\t\t\t\t\t\t\t\t<p data-spm-anchor-id=\"a2ty_o01.29997173.0.i10.6bf2c9219dlanX\">Los hu\u00e9spedes elogian las habitaciones limpias y bien equipadas, que van desde las acogedoras habitaciones Superior Queen de 22 m\u00b2 hasta las espaciosas Suites Executive King de 42 m\u00b2, todas con ropa de cama de primera calidad, ventanas insonorizadas y ba\u00f1os modernos. Comience el d\u00eda de la mejor manera con un delicioso desayuno buffet con opciones chinas y occidentales, y luego rel\u00e1jese despu\u00e9s de hacer turismo en el peque\u00f1o pero funcional gimnasio. Con consigna de equipaje gratuita, servicio de recepci\u00f3n 24\/7 e incluso servicio de valet parking, todas sus necesidades est\u00e1n cubiertas.<\/p><div class=\"my-2\">\u00a0<\/div><p>Ideal para familias, parejas y aventureros en solitario, este hotel siempre recibe excelentes calificaciones por su ubicaci\u00f3n, limpieza y relaci\u00f3n calidad-precio. Es uno de los favoritos entre los viajeros que buscan una estancia c\u00f3moda y sin complicaciones sin sacrificar la proximidad a las atracciones imprescindibles de Shangh\u00e1i. Reserve su estancia en el Crystal Orange Hotel Shanghai Yu Garden On the Bund y descubra el equilibrio perfecto entre un servicio elegante, una ubicaci\u00f3n c\u00e9ntrica y el aut\u00e9ntico encanto de Shangh\u00e1i, todo a un paso de los lugares m\u00e1s emblem\u00e1ticos de la ciudad.<\/p>\t\t\t\t\t\t\t\t<\/div>\n\t\t\t\t\t<\/div>\n\t\t<\/div>\n\t\t\t\t<div class=\"elementor-column elementor-col-50 elementor-top-column elementor-element elementor-element-ae4a27d\" data-id=\"ae4a27d\" data-element_type=\"column\" data-e-type=\"column\">\n\t\t\t<div class=\"elementor-widget-wrap elementor-element-populated\">\n\t\t\t\t\t\t<div class=\"elementor-element elementor-element-886487a elementor-widget__width-initial elementor-widget-mobile__width-inherit elementor-invisible nuss-elementor-loading nuss-slide-in-right elementor-widget elementor-widget-image\" data-id=\"886487a\" data-element_type=\"widget\" data-e-type=\"widget\" data-settings=\"{&quot;_animation&quot;:&quot;nussSlideInRight&quot;}\" data-widget_type=\"image.default\">\n\t\t\t\t\t\t\t\t\t\t\t\t\t\t\t<img decoding=\"async\" width=\"1280\" height=\"853\" src=\"https:\/\/crystalorangehotelshanghai.com\/wp-content\/uploads\/2025\/11\/Crystal-Orange-Hotel-Shanghai-27.webp\" class=\"attachment-full size-full wp-image-7213\" alt=\"\" srcset=\"https:\/\/crystalorangehotelshanghai.com\/wp-content\/uploads\/2025\/11\/Crystal-Orange-Hotel-Shanghai-27.webp 1280w, https:\/\/crystalorangehotelshanghai.com\/wp-content\/uploads\/2025\/11\/Crystal-Orange-Hotel-Shanghai-27-300x200.webp 300w, https:\/\/crystalorangehotelshanghai.com\/wp-content\/uploads\/2025\/11\/Crystal-Orange-Hotel-Shanghai-27-1024x682.webp 1024w, https:\/\/crystalorangehotelshanghai.com\/wp-content\/uploads\/2025\/11\/Crystal-Orange-Hotel-Shanghai-27-768x512.webp 768w, https:\/\/crystalorangehotelshanghai.com\/wp-content\/uploads\/2025\/11\/Crystal-Orange-Hotel-Shanghai-27-18x12.webp 18w\" sizes=\"(max-width: 1280px) 100vw, 1280px\" \/>\t\t\t\t\t\t\t\t\t\t\t\t\t\t\t<\/div>\n\t\t\t\t\t<\/div>\n\t\t<\/div>\n\t\t\t\t\t<\/div>\n\t\t<\/section>\n\t\t\t\t<section class=\"elementor-section elementor-top-section elementor-element elementor-element-2092b7d0 elementor-section-stretched elementor-section-boxed elementor-section-gap-beside-yes elementor-section-height-default elementor-section-height-default elementor-section-column-vertical-align-stretch\" data-id=\"2092b7d0\" data-element_type=\"section\" data-e-type=\"section\" data-settings=\"{&quot;background_background&quot;:&quot;classic&quot;,&quot;stretch_section&quot;:&quot;section-stretched&quot;}\">\n\t\t\t\t\t\t<div class=\"elementor-container elementor-column-gap-extended\">\n\t\t\t\t\t<div class=\"elementor-column elementor-col-100 elementor-top-column elementor-element elementor-element-be69d75\" data-id=\"be69d75\" data-element_type=\"column\" data-e-type=\"column\">\n\t\t\t<div class=\"elementor-widget-wrap elementor-element-populated\">\n\t\t\t\t\t\t<div class=\"elementor-element elementor-element-320c022 elementor-widget elementor-widget-nuss-heading\" data-id=\"320c022\" data-element_type=\"widget\" data-e-type=\"widget\" data-widget_type=\"nuss-heading.default\">\n\t\t\t\t<div class=\"elementor-widget-container\">\n\t\t\t\t\t\t\t<div class=\"nuss-modern-heading\">\r\n\t\t\t\t\t\t<div class=\"heading-secondary-wrap\">\r\n\t\t\t\t<h3 class=\"heading-secondary elementor-heading-title\">Consultar disponibilidad <\/h3>\t\t\t<\/div>\r\n\t\t\r\n\t\t\t\r\n\t\t\t\r\n\t\t\t\t\t<\/div>\r\n\t\t\t\t\t<\/div>\n\t\t\t\t<\/div>\n\t\t\t\t<div class=\"elementor-element elementor-element-fe69a93 elementor-widget elementor-widget-text-editor\" data-id=\"fe69a93\" data-element_type=\"widget\" data-e-type=\"widget\" data-widget_type=\"text-editor.default\">\n\t\t\t\t\t\t\t\t\t<iframe border=\"0\" src=\"https:\/\/www.trip.com\/partners\/ad\/S6742899?Allianceid=4590391&#038;SID=275144745&#038;trip_sub1=\" style=\"width:1200px;height:200px\" frameborder=\"0\" scrolling=\"no\" id=\"S6742899\"><\/iframe>\t\t\t\t\t\t\t\t<\/div>\n\t\t\t\t\t<\/div>\n\t\t<\/div>\n\t\t\t\t\t<\/div>\n\t\t<\/section>\n\t\t\t\t<\/div>","protected":false},"excerpt":{"rendered":"<p>Crystal Orange Hotel Shanghai Yu Garden On the Bund: Your Smart, Stylish Gateway to Old &amp; New Shanghai Nestled in the vibrant heart of Huangpu District at No. 399 Renmin Road, the Crystal Orange Hotel Shanghai Yu Garden On the Bund offers a uniquely modern and convenient base for exploring the city\u2019s most iconic landmarks. [&hellip;]<\/p>\n","protected":false},"author":1,"featured_media":0,"parent":0,"menu_order":0,"comment_status":"closed","ping_status":"closed","template":"","meta":{"footnotes":""},"class_list":["post-5266","page","type-page","status-publish","hentry","post-no-thumbnail"],"_links":{"self":[{"href":"https:\/\/crystalorangehotelshanghai.com\/es\/wp-json\/wp\/v2\/pages\/5266","targetHints":{"allow":["GET"]}}],"collection":[{"href":"https:\/\/crystalorangehotelshanghai.com\/es\/wp-json\/wp\/v2\/pages"}],"about":[{"href":"https:\/\/crystalorangehotelshanghai.com\/es\/wp-json\/wp\/v2\/types\/page"}],"author":[{"embeddable":true,"href":"https:\/\/crystalorangehotelshanghai.com\/es\/wp-json\/wp\/v2\/users\/1"}],"replies":[{"embeddable":true,"href":"https:\/\/crystalorangehotelshanghai.com\/es\/wp-json\/wp\/v2\/comments?post=5266"}],"version-history":[{"count":0,"href":"https:\/\/crystalorangehotelshanghai.com\/es\/wp-json\/wp\/v2\/pages\/5266\/revisions"}],"wp:attachment":[{"href":"https:\/\/crystalorangehotelshanghai.com\/es\/wp-json\/wp\/v2\/media?parent=5266"}],"curies":[{"name":"wp","href":"https:\/\/api.w.org\/{rel}","templated":true}]}}