{"id":2104,"date":"2021-03-23T09:33:48","date_gmt":"2021-03-23T09:33:48","guid":{"rendered":"http:\/\/localhost\/nuss\/?page_id=167"},"modified":"2025-11-16T09:48:27","modified_gmt":"2025-11-16T09:48:27","slug":"nuestra-historia","status":"publish","type":"page","link":"https:\/\/crystalorangehotelshanghai.com\/es\/nuestra-historia\/","title":{"rendered":"Nuestra historia"},"content":{"rendered":"<div data-elementor-type=\"wp-page\" data-elementor-id=\"2104\" class=\"elementor elementor-2104\">\n\t\t\t\t\t\t<section class=\"elementor-section elementor-top-section elementor-element elementor-element-8f5bb9d elementor-section-boxed elementor-section-gap-beside-yes elementor-section-height-default elementor-section-height-default elementor-section-column-vertical-align-stretch\" data-id=\"8f5bb9d\" data-element_type=\"section\" data-e-type=\"section\">\n\t\t\t\t\t\t<div class=\"elementor-container elementor-column-gap-extended\">\n\t\t\t\t\t<div class=\"elementor-column elementor-col-100 elementor-top-column elementor-element elementor-element-7ec4215\" data-id=\"7ec4215\" data-element_type=\"column\" data-e-type=\"column\">\n\t\t\t<div class=\"elementor-widget-wrap elementor-element-populated\">\n\t\t\t\t\t\t<div class=\"elementor-element elementor-element-edd9d03 elementor-widget__width-initial elementor-invisible elementor-widget elementor-widget-text-editor\" data-id=\"edd9d03\" data-element_type=\"widget\" data-e-type=\"widget\" data-settings=\"{&quot;_animation&quot;:&quot;nussFadeInUp&quot;}\" data-widget_type=\"text-editor.default\">\n\t\t\t\t\t\t\t\t\t<p><strong data-spm-anchor-id=\"a2ty_o01.29997173.0.i39.6bf2c9219dlanX\">Nuestra historia: donde la simplicidad moderna se fusiona con el alma atemporal de Shangh\u00e1i<\/strong><\/p>\t\t\t\t\t\t\t\t<\/div>\n\t\t\t\t\t<\/div>\n\t\t<\/div>\n\t\t\t\t\t<\/div>\n\t\t<\/section>\n\t\t<div class=\"elementor-element elementor-element-ae7e42f e-flex e-con-boxed e-con e-parent\" data-id=\"ae7e42f\" data-element_type=\"container\" data-e-type=\"container\">\n\t\t\t\t\t<div class=\"e-con-inner\">\n\t\t\t\t<div class=\"elementor-element elementor-element-136c3a3 elementor-widget elementor-widget-text-editor\" data-id=\"136c3a3\" data-element_type=\"widget\" data-e-type=\"widget\" data-widget_type=\"text-editor.default\">\n\t\t\t\t\t\t\t\t\t<p data-spm-anchor-id=\"a2ty_o01.29997173.0.i40.6bf2c9219dlanX\">En el coraz\u00f3n del distrito m\u00e1s hist\u00f3rico de Shangh\u00e1i, donde antiguos jardines susurran historias de dinast\u00edas pasadas y el resplandeciente Bund late con el ritmo del ma\u00f1ana, se encuentra una revoluci\u00f3n silenciosa en la hospitalidad. <strong>Hotel Crystal Orange Shanghai Yu Garden en el Bund<\/strong>.<\/p><p>No somos un hotel m\u00e1s. Somos una historia forjada por el lugar, el prop\u00f3sito y las personas, nacida de la visi\u00f3n de ofrecer a los viajeros m\u00e1s que una habitaci\u00f3n, una experiencia que combina la comodidad con la inmersi\u00f3n cultural. Nuestro viaje no comenz\u00f3 con una arquitectura imponente ni vest\u00edbulos opulentos, sino con una simple pregunta: <em>\u00bfC\u00f3mo podemos hacer que su estancia en Shangh\u00e1i sea sencilla, aut\u00e9ntica y exclusivamente suya?<\/em><\/p><div class=\"py-2 my-3\"><hr \/><\/div><h3>\ud83c\udfd9\ufe0f Un lugar que cuenta mil historias<\/h3><p>Nuestra direcci\u00f3n \u2014 <strong>No. 399 Renmin Road, distrito de Huangpu<\/strong> \u2014 no es casualidad. Aqu\u00ed es donde converge el alma de Shangh\u00e1i. A pocos pasos se encuentra <strong>Jard\u00edn Yu<\/strong>, una obra maestra de la dinast\u00eda Ming con pabellones, rocallas y estanques de koi que ha acogido a emperadores, eruditos y so\u00f1adores durante m\u00e1s de 400 a\u00f1os. Y m\u00e1s all\u00e1 de sus puertas, el <strong>Bund<\/strong> Se extiende como un museo viviente: fachadas Art Dec\u00f3 iluminadas contra el r\u00edo Huangpu, donde el pasado colonial de la ciudad se encuentra con su horizonte futurista.<\/p><p>Elegimos este lugar porque creemos que viajar debe ser una conexi\u00f3n con la historia, la cultura y el coraz\u00f3n de la ciudad. Desde nuestra puerta, podr\u00e1 pasear por callejones centenarios, tomar un t\u00e9 en una casa de t\u00e9 junto a una puerta de la luna y luego pasear por el paseo mar\u00edtimo mientras los rascacielos de Pudong se iluminan al atardecer. No solo estar\u00e1 visitando Shangh\u00e1i, sino que la estar\u00e1 viviendo.<\/p><div class=\"py-2 my-3\"><hr \/><\/div><h3>\ud83e\udded El nacimiento de Crystal Orange: inteligente, elegante y sin costuras<\/h3><p>Inaugurado en 2020, el Crystal Orange Hotel Shanghai Yu Garden On the Bund fue concebido como parte de una marca vanguardista dedicada a redefinir las estancias urbanas para el viajero moderno. No nos propusimos competir con palacios de lujo ni hostales econ\u00f3micos; buscamos crear algo intermedio: <strong>Un santuario de dise\u00f1o inteligente, servicio atento y comodidad sin pretensiones.<\/strong>.<\/p><p>Nuestras habitaciones reflejan esta filosof\u00eda: espacios minimalistas, de l\u00edneas limpias, con toques tecnol\u00f3gicos: paneles de control inteligentes que permiten ajustar la iluminaci\u00f3n, la temperatura y las cortinas con un toque; ventanas insonorizadas que silencian el bullicio de la ciudad y dejan entrar la suave luz del d\u00eda; y dise\u00f1os compactos pero eficientes que maximizan la comodidad sin sacrificar el estilo.<\/p><p>Pero nuestra inteligencia no se limita a los gadgets. Est\u00e1 en los detalles:<br \/>\u2192 <strong>quioscos de auto check-in<\/strong> para hu\u00e9spedes que llegan tarde o temprano<br \/>\u2192 <strong>Robots de servicio<\/strong> Entregando comodidades con una sonrisa (y un pitido)<br \/>\u2192 <strong>Herramientas de traducci\u00f3n<\/strong> Disponible en el sitio para hu\u00e9spedes internacionales<br \/>\u2192 <strong>Wi-Fi gratis<\/strong> que te mantiene conectado ya sea que est\u00e9s trabajando de forma remota o compartiendo fotos de tu atardecer en Bund<\/p><p>Entendemos que el viajero de hoy valora el tiempo, la claridad y el control, por eso construimos un hotel que le ofrece los tres.<\/p><div class=\"py-2 my-3\"><hr \/><\/div><h3>\ud83c\udf3f Dise\u00f1ado para personas reales, viajes reales<\/h3><p>Ya sea que sea un explorador solitario en busca de templos ocultos, una pareja celebrando un aniversario bajo el resplandor de ne\u00f3n del Bund o un viajero de negocios corriendo entre reuniones, hemos dise\u00f1ado cada elemento de su estad\u00eda teniendo en cuenta su ritmo.<\/p><ul dir=\"auto\"><li><strong>Para familias<\/strong>:Los ni\u00f1os menores de 18 a\u00f1os se alojan gratis y proporcionamos albornoces, zapatillas, cepillos de dientes, juguetes y juegos de mesa, porque ni\u00f1os felices significan padres relajados.<\/li><li><strong>Para profesionales<\/strong>:Los espacios de coworking, un centro de negocios con fax y fotocopias gratuitos y salas multifunci\u00f3n para peque\u00f1as reuniones garantizan que la productividad nunca quede en segundo plano.<\/li><li><strong>Para quienes buscan ocio<\/strong>:Comience el d\u00eda con un abundante desayuno buffet que combina sabores chinos y occidentales, rel\u00e1jese en nuestro compacto gimnasio o simplemente si\u00e9ntese en su balc\u00f3n (en habitaciones seleccionadas) y observe c\u00f3mo el mundo pasa.<\/li><\/ul><p>Y s\u00ed, sabemos que quieres explorar. Por eso nos aseguramos de que est\u00e9s... <strong>210 metros (3 minutos a pie)<\/strong> desde <strong>Estaci\u00f3n de metro Jard\u00edn Yuyuan<\/strong>, poniendo toda la red de metro de Shangh\u00e1i, y todas sus maravillas, a tu alcance.<\/p><div class=\"py-2 my-3\"><hr \/><\/div><h3>\ud83e\udd1d Nuestra promesa: Calidez sin pelusa<\/h3><p>No pretendemos ser impecables, ni necesitamos serlo. Lo que ofrecemos es... <strong>Atenci\u00f3n genuina, ejecuci\u00f3n constante y el compromiso de hacer que su estad\u00eda sea placentera.<\/strong>. Puede que nuestro personal no siempre vista uniforme formal ni haga una reverencia solemne, pero le recibir\u00e1 con una sonrisa sincera, le ayudar\u00e1 a reservar un taxi, guardar\u00e1 su equipaje mientras hace turismo y solucionar\u00e1 cualquier inconveniente sin que usted se d\u00e9 cuenta.<\/p><p>Los hu\u00e9spedes nos han dicho que somos &quot;acogedores&quot;, &quot;pr\u00e1cticos&quot; y &quot;perfectos para un viaje corto&quot;. Un cr\u00edtico dijo:, <em>\u201cHabitaci\u00f3n agradable y espaciosa. Personal amable y registro sencillo. Muy buena ubicaci\u00f3n cerca de la estaci\u00f3n de tren, a menos de 5 minutos a pie.\u201d<\/em> Otro a\u00f1adi\u00f3:, <em>\u201cRecib\u00ed una mejora de categor\u00eda de cortes\u00eda\u2026 afortunadamente no hab\u00eda ruido durante la noche, as\u00ed que no afect\u00f3 mi sue\u00f1o\u201d.\u201d<\/em><\/p><p>Estas no son frases publicitarias, son las voces de viajeros reales que nos han elegido una y otra vez. Con m\u00e1s de <strong>6.274 rese\u00f1as verificadas y una calificaci\u00f3n de 9,4\/10<\/strong>, Estamos orgullosos de estar clasificados entre los mejores hoteles de 4 estrellas de Shangh\u00e1i, no por el brillo, sino por nuestra determinaci\u00f3n, gracia y por hacer bien las peque\u00f1as cosas.<\/p><div class=\"py-2 my-3\"><hr \/><\/div><h3>\ud83d\udcc8 M\u00e1s que una estancia: un cap\u00edtulo de tu aventura en Shangh\u00e1i<\/h3><p>Nuestra historia no est\u00e1 escrita en m\u00e1rmol ni en pan de oro: est\u00e1 grabada en los pasos de miles de personas que han pasado por nuestras puertas, cada una dejando un recuerdo: la primera visi\u00f3n del estanque de lotos del Jard\u00edn Yu, el sabor del xiaolongbao al vapor despu\u00e9s de un largo d\u00eda, la tranquila satisfacci\u00f3n de registrarse en una habitaci\u00f3n limpia y moderna despu\u00e9s de navegar por la energ\u00eda de la ciudad.<\/p><p>Estamos aqu\u00ed para ser tu punto de referencia: un punto de partida tranquilo y confiable para tus exploraciones. Ya sea que est\u00e9s tomando un caf\u00e9 en nuestra cafeter\u00eda del vest\u00edbulo antes de dirigirte al Templo de la Ciudad, tomando fotos del Bund en la hora dorada o simplemente relaj\u00e1ndote despu\u00e9s de un d\u00eda de paseo por la calle Nanjing, queremos que te sientas como si hubieras encontrado tu propio rinc\u00f3n de Shangh\u00e1i.<\/p><div class=\"py-2 my-3\"><hr \/><\/div><h3>\ud83c\udf05 Mirando hacia el futuro: evolucionando contigo<\/h3><p>A medida que Shangh\u00e1i crece, cambia y deslumbra, nosotros tambi\u00e9n. Escuchamos a nuestros hu\u00e9spedes \u2014sus sugerencias, elogios y cr\u00edticas\u2014 y los usamos para perfeccionar, mejorar e innovar. \u00bfRenovaciones en curso? Los mantendremos informados. \u00bfNuevas funciones tecnol\u00f3gicas? Las implementaremos r\u00e1pidamente. \u00bfMejores opciones de desayuno? Ya las estamos probando.<\/p><p>Porque en el Crystal Orange Hotel Shanghai Yu Garden On the Bund, <strong>Tu viaje es nuestra misi\u00f3n<\/strong>. No solo contamos nuestra historia: te ayudamos a escribir la tuya.<\/p><p>Bienvenido a tu nueva base favorita en Shanghai.<br \/>Vamos a empezar.<\/p><p>\u2014<\/p><p data-spm-anchor-id=\"a2ty_o01.29997173.0.i41.6bf2c9219dlanX\"><strong>Hotel Crystal Orange Shanghai Yu Garden en el Bund<\/strong><br \/><em>Donde la tradici\u00f3n se fusiona con la tecnolog\u00eda. Donde la ubicaci\u00f3n se convierte en legado. Donde comienza tu historia.<\/em><\/p>\t\t\t\t\t\t\t\t<\/div>\n\t\t\t\t\t<\/div>\n\t\t\t\t<\/div>\n\t\t\t\t<section class=\"elementor-section elementor-top-section elementor-element elementor-element-6a5f4578 elementor-section-stretched elementor-section-boxed elementor-section-gap-beside-yes elementor-section-height-default elementor-section-height-default elementor-section-column-vertical-align-stretch\" data-id=\"6a5f4578\" data-element_type=\"section\" data-e-type=\"section\" data-settings=\"{&quot;background_background&quot;:&quot;classic&quot;,&quot;stretch_section&quot;:&quot;section-stretched&quot;}\">\n\t\t\t\t\t\t<div class=\"elementor-container elementor-column-gap-extended\">\n\t\t\t\t\t<div class=\"elementor-column elementor-col-100 elementor-top-column elementor-element elementor-element-4dfc946a\" data-id=\"4dfc946a\" data-element_type=\"column\" data-e-type=\"column\">\n\t\t\t<div class=\"elementor-widget-wrap elementor-element-populated\">\n\t\t\t\t\t\t<div class=\"elementor-element elementor-element-1476343b elementor-widget elementor-widget-nuss-heading\" data-id=\"1476343b\" data-element_type=\"widget\" data-e-type=\"widget\" data-widget_type=\"nuss-heading.default\">\n\t\t\t\t<div class=\"elementor-widget-container\">\n\t\t\t\t\t\t\t<div class=\"nuss-modern-heading\">\r\n\t\t\t\t\t\t<div class=\"heading-secondary-wrap\">\r\n\t\t\t\t<h3 class=\"heading-secondary elementor-heading-title\">Consultar disponibilidad <\/h3>\t\t\t<\/div>\r\n\t\t\r\n\t\t\t\r\n\t\t\t\r\n\t\t\t\t\t<\/div>\r\n\t\t\t\t\t<\/div>\n\t\t\t\t<\/div>\n\t\t\t\t<div class=\"elementor-element elementor-element-6337c33e elementor-widget elementor-widget-text-editor\" data-id=\"6337c33e\" data-element_type=\"widget\" data-e-type=\"widget\" data-widget_type=\"text-editor.default\">\n\t\t\t\t\t\t\t\t\t<iframe border=\"0\" src=\"https:\/\/www.trip.com\/partners\/ad\/S6742899?Allianceid=4590391&#038;SID=275144745&#038;trip_sub1=\" style=\"width:1200px;height:200px\" frameborder=\"0\" scrolling=\"no\" id=\"S6742899\"><\/iframe>\t\t\t\t\t\t\t\t<\/div>\n\t\t\t\t\t<\/div>\n\t\t<\/div>\n\t\t\t\t\t<\/div>\n\t\t<\/section>\n\t\t\t\t<\/div>","protected":false},"excerpt":{"rendered":"<p>Our Story: Where Modern Simplicity Meets Shanghai\u2019s Timeless Soul At the heart of Shanghai\u2019s most historic district, where ancient gardens whisper tales of dynasties past and the glittering Bund pulses with the rhythm of tomorrow, stands a quiet revolution in hospitality \u2014 Crystal Orange Hotel Shanghai Yu Garden On the Bund. We are not just [&hellip;]<\/p>\n","protected":false},"author":1,"featured_media":0,"parent":0,"menu_order":0,"comment_status":"closed","ping_status":"closed","template":"","meta":{"footnotes":""},"class_list":["post-2104","page","type-page","status-publish","hentry","post-no-thumbnail"],"_links":{"self":[{"href":"https:\/\/crystalorangehotelshanghai.com\/es\/wp-json\/wp\/v2\/pages\/2104","targetHints":{"allow":["GET"]}}],"collection":[{"href":"https:\/\/crystalorangehotelshanghai.com\/es\/wp-json\/wp\/v2\/pages"}],"about":[{"href":"https:\/\/crystalorangehotelshanghai.com\/es\/wp-json\/wp\/v2\/types\/page"}],"author":[{"embeddable":true,"href":"https:\/\/crystalorangehotelshanghai.com\/es\/wp-json\/wp\/v2\/users\/1"}],"replies":[{"embeddable":true,"href":"https:\/\/crystalorangehotelshanghai.com\/es\/wp-json\/wp\/v2\/comments?post=2104"}],"version-history":[{"count":0,"href":"https:\/\/crystalorangehotelshanghai.com\/es\/wp-json\/wp\/v2\/pages\/2104\/revisions"}],"wp:attachment":[{"href":"https:\/\/crystalorangehotelshanghai.com\/es\/wp-json\/wp\/v2\/media?parent=2104"}],"curies":[{"name":"wp","href":"https:\/\/api.w.org\/{rel}","templated":true}]}}