{"id":612,"date":"2021-03-26T10:04:13","date_gmt":"2021-03-26T10:04:13","guid":{"rendered":"http:\/\/localhost\/nuss\/?page_id=612"},"modified":"2025-11-16T09:51:45","modified_gmt":"2025-11-16T09:51:45","slug":"restaurant","status":"publish","type":"page","link":"https:\/\/crystalorangehotelshanghai.com\/de\/restaurant\/","title":{"rendered":"Restaurant"},"content":{"rendered":"<div data-elementor-type=\"wp-page\" data-elementor-id=\"612\" class=\"elementor elementor-612\">\n\t\t\t\t\t\t<section class=\"elementor-section elementor-top-section elementor-element elementor-element-e2effe8 elementor-section-boxed elementor-section-gap-beside-yes elementor-section-height-default elementor-section-height-default elementor-section-column-vertical-align-stretch\" data-id=\"e2effe8\" data-element_type=\"section\" data-e-type=\"section\">\n\t\t\t\t\t\t<div class=\"elementor-container elementor-column-gap-extended\">\n\t\t\t\t\t<div class=\"elementor-column elementor-col-100 elementor-top-column elementor-element elementor-element-e18f688\" data-id=\"e18f688\" data-element_type=\"column\" data-e-type=\"column\">\n\t\t\t<div class=\"elementor-widget-wrap elementor-element-populated\">\n\t\t\t\t\t\t<div class=\"elementor-element elementor-element-6db146d elementor-widget__width-initial elementor-invisible elementor-widget elementor-widget-text-editor\" data-id=\"6db146d\" data-element_type=\"widget\" data-e-type=\"widget\" data-settings=\"{&quot;_animation&quot;:&quot;nussFadeInUp&quot;}\" data-widget_type=\"text-editor.default\">\n\t\t\t\t\t\t\t\t\t<div class=\"svelte-1c06zsf\" data-lang-code=\"\"><p data-spm-anchor-id=\"a2ty_o01.29997173.0.i45.6bf2c9219dlanX\"><strong data-spm-anchor-id=\"a2ty_o01.29997173.0.i46.6bf2c9219dlanX\">Crystal Orange Hotel Shanghai Yu Garden am Bund: Shanghais Geist genie\u00dfen \u2013 Bissen f\u00fcr Bissen<\/strong><\/p><\/div>\t\t\t\t\t\t\t\t<\/div>\n\t\t\t\t\t<\/div>\n\t\t<\/div>\n\t\t\t\t\t<\/div>\n\t\t<\/section>\n\t\t<div class=\"elementor-element elementor-element-764955e e-flex e-con-boxed e-con e-parent\" data-id=\"764955e\" data-element_type=\"container\" data-e-type=\"container\">\n\t\t\t\t\t<div class=\"e-con-inner\">\n\t\t<div class=\"elementor-element elementor-element-3a71d84 e-con-full e-flex e-con e-child\" data-id=\"3a71d84\" data-element_type=\"container\" data-e-type=\"container\">\n\t\t\t\t<div class=\"elementor-element elementor-element-81a00fb elementor-widget elementor-widget-text-editor\" data-id=\"81a00fb\" data-element_type=\"widget\" data-e-type=\"widget\" data-widget_type=\"text-editor.default\">\n\t\t\t\t\t\t\t\t\t<p data-spm-anchor-id=\"a2ty_o01.29997173.0.i47.6bf2c9219dlanX\">Eingebettet im Herzen des Huangpu-Bezirks bei <strong>Nr. 399 Renmin Road<\/strong>, nur wenige Schritte von der uralten Ruhe entfernt <strong>Yu-Garten<\/strong> und die glitzernde Uferpromenade von <strong>Der Bund<\/strong>, Die <strong>Crystal Orange Hotel Shanghai Yu Garden am Bund<\/strong> bietet mehr als nur einen Ort zum Ausruhen \u2013 es l\u00e4dt Sie ein, Ihren Tag mit Geschmack, Energie und lokalem Charme zu beginnen.<\/p><div class=\"my-2\">\u00a0<\/div><p>Das Hotel verf\u00fcgt zwar nicht \u00fcber ein gehobenes Restaurant mit vollem Serviceangebot oder eine umfangreiche \u00c0-la-carte-Speisekarte, aber <strong>Fr\u00fchst\u00fccksbuffet<\/strong> ist ein sorgf\u00e4ltig zusammengestelltes Erlebnis, das Ihre Erkundung Shanghais befl\u00fcgeln soll \u2013 egal ob Sie kulturelle Sehensw\u00fcrdigkeiten besuchen, durch gesch\u00e4ftige M\u00e4rkte schlendern oder einfach nur den pulsierenden Rhythmus der Stadt aufsaugen m\u00f6chten.<\/p>\t\t\t\t\t\t\t\t<\/div>\n\t\t\t\t<\/div>\n\t\t<div class=\"elementor-element elementor-element-bb76a06 e-con-full e-flex e-con e-child\" data-id=\"bb76a06\" data-element_type=\"container\" data-e-type=\"container\">\n\t\t\t\t<div class=\"elementor-element elementor-element-636ac5f elementor-widget elementor-widget-image\" data-id=\"636ac5f\" data-element_type=\"widget\" data-e-type=\"widget\" data-widget_type=\"image.default\">\n\t\t\t\t\t\t\t\t\t\t\t\t\t\t\t<img fetchpriority=\"high\" decoding=\"async\" width=\"1024\" height=\"682\" src=\"https:\/\/crystalorangehotelshanghai.com\/wp-content\/uploads\/2025\/11\/Crystal-Orange-Hotel-Shanghai-61-1024x682.webp\" class=\"attachment-large size-large wp-image-7247\" alt=\"\" srcset=\"https:\/\/crystalorangehotelshanghai.com\/wp-content\/uploads\/2025\/11\/Crystal-Orange-Hotel-Shanghai-61-1024x682.webp 1024w, https:\/\/crystalorangehotelshanghai.com\/wp-content\/uploads\/2025\/11\/Crystal-Orange-Hotel-Shanghai-61-300x200.webp 300w, https:\/\/crystalorangehotelshanghai.com\/wp-content\/uploads\/2025\/11\/Crystal-Orange-Hotel-Shanghai-61-768x512.webp 768w, https:\/\/crystalorangehotelshanghai.com\/wp-content\/uploads\/2025\/11\/Crystal-Orange-Hotel-Shanghai-61-18x12.webp 18w, https:\/\/crystalorangehotelshanghai.com\/wp-content\/uploads\/2025\/11\/Crystal-Orange-Hotel-Shanghai-61.webp 1280w\" sizes=\"(max-width: 1024px) 100vw, 1024px\" \/>\t\t\t\t\t\t\t\t\t\t\t\t\t\t\t<\/div>\n\t\t\t\t<\/div>\n\t\t\t\t\t<\/div>\n\t\t\t\t<\/div>\n\t\t<div class=\"elementor-element elementor-element-e5626a7 e-flex e-con-boxed e-con e-parent\" data-id=\"e5626a7\" data-element_type=\"container\" data-e-type=\"container\">\n\t\t\t\t\t<div class=\"e-con-inner\">\n\t\t\t\t<div class=\"elementor-element elementor-element-4ac24e6 elementor-widget elementor-widget-nuss-image-gallery\" data-id=\"4ac24e6\" data-element_type=\"widget\" data-e-type=\"widget\" data-widget_type=\"nuss-image-gallery.default\">\n\t\t\t\t<div class=\"elementor-widget-container\">\n\t\t\t\t\t\t\t<div class=\"nuss-grid-wrapper\" data-grid=\"{&quot;type&quot;:&quot;grid&quot;,&quot;ratio&quot;:null,&quot;columns&quot;:3,&quot;gutter&quot;:30}\">\r\n\t\t\t<div class=\"nuss-grid lazy-grid\">\r\n\t\t\t\t<div class=\"grid-sizer\"><\/div>\r\n\r\n\t\t\t\t\t\t\t\t\t\t\t\t<div class=\"grid-item\">\r\n\t\t\t\t\t\t<div class=\"nuss-box\">\t\t<div class=\"nuss-image image\">\r\n\t\t\t<img decoding=\"async\"  src=\"https:\/\/crystalorangehotelshanghai.com\/wp-content\/uploads\/2025\/11\/Crystal-Orange-Hotel-Shanghai-64.webp\" alt=\"Crystal Orange Hotel Shanghai (64)\" \/>\t\t<\/div>\r\n\t\t\t\t<\/div>\t\t\t\t\t<\/div>\r\n\t\t\t\t\t\t<div class=\"grid-item\">\r\n\t\t\t\t\t\t<div class=\"nuss-box\">\t\t<div class=\"nuss-image image\">\r\n\t\t\t<img decoding=\"async\"  src=\"https:\/\/crystalorangehotelshanghai.com\/wp-content\/uploads\/2025\/11\/Crystal-Orange-Hotel-Shanghai-47.webp\" alt=\"Crystal Orange Hotel Shanghai (47)\" \/>\t\t<\/div>\r\n\t\t\t\t<\/div>\t\t\t\t\t<\/div>\r\n\t\t\t\t\t\t<div class=\"grid-item\">\r\n\t\t\t\t\t\t<div class=\"nuss-box\">\t\t<div class=\"nuss-image image\">\r\n\t\t\t<img decoding=\"async\"  src=\"https:\/\/crystalorangehotelshanghai.com\/wp-content\/uploads\/2025\/11\/Crystal-Orange-Hotel-Shanghai-46.webp\" alt=\"Crystal Orange Hotel Shanghai (46)\" \/>\t\t<\/div>\r\n\t\t\t\t<\/div>\t\t\t\t\t<\/div>\r\n\t\t\t\t\t\t<div class=\"grid-item\">\r\n\t\t\t\t\t\t<div class=\"nuss-box\">\t\t<div class=\"nuss-image image\">\r\n\t\t\t<img decoding=\"async\"  src=\"https:\/\/crystalorangehotelshanghai.com\/wp-content\/uploads\/2025\/11\/Crystal-Orange-Hotel-Shanghai-45.webp\" alt=\"Crystal Orange Hotel Shanghai (45)\" \/>\t\t<\/div>\r\n\t\t\t\t<\/div>\t\t\t\t\t<\/div>\r\n\t\t\t\t\t\t<div class=\"grid-item\">\r\n\t\t\t\t\t\t<div class=\"nuss-box\">\t\t<div class=\"nuss-image image\">\r\n\t\t\t<img decoding=\"async\"  src=\"https:\/\/crystalorangehotelshanghai.com\/wp-content\/uploads\/2025\/11\/Crystal-Orange-Hotel-Shanghai-31.webp\" alt=\"Crystal Orange Hotel Shanghai (31)\" \/>\t\t<\/div>\r\n\t\t\t\t<\/div>\t\t\t\t\t<\/div>\r\n\t\t\t\t\t\t<div class=\"grid-item\">\r\n\t\t\t\t\t\t<div class=\"nuss-box\">\t\t<div class=\"nuss-image image\">\r\n\t\t\t<img decoding=\"async\"  src=\"https:\/\/crystalorangehotelshanghai.com\/wp-content\/uploads\/2025\/11\/Crystal-Orange-Hotel-Shanghai-22.webp\" alt=\"Crystal Orange Hotel Shanghai (22)\" \/>\t\t<\/div>\r\n\t\t\t\t<\/div>\t\t\t\t\t<\/div>\r\n\t\t\t\t\t\t<div class=\"grid-item\">\r\n\t\t\t\t\t\t<div class=\"nuss-box\">\t\t<div class=\"nuss-image image\">\r\n\t\t\t<img decoding=\"async\"  src=\"https:\/\/crystalorangehotelshanghai.com\/wp-content\/uploads\/2025\/11\/Crystal-Orange-Hotel-Shanghai-3.webp\" alt=\"Crystal Orange Hotel Shanghai (3)\" \/>\t\t<\/div>\r\n\t\t\t\t<\/div>\t\t\t\t\t<\/div>\r\n\t\t\t\t\t\t<div class=\"grid-item\">\r\n\t\t\t\t\t\t<div class=\"nuss-box\">\t\t<div class=\"nuss-image image\">\r\n\t\t\t<img decoding=\"async\"  src=\"https:\/\/crystalorangehotelshanghai.com\/wp-content\/uploads\/2025\/11\/Crystal-Orange-Hotel-Shanghai-4.webp\" alt=\"Crystal Orange Hotel Shanghai (4)\" \/>\t\t<\/div>\r\n\t\t\t\t<\/div>\t\t\t\t\t<\/div>\r\n\t\t\t\t\t\t<div class=\"grid-item\">\r\n\t\t\t\t\t\t<div class=\"nuss-box\">\t\t<div class=\"nuss-image image\">\r\n\t\t\t<img decoding=\"async\"  src=\"https:\/\/crystalorangehotelshanghai.com\/wp-content\/uploads\/2025\/11\/Crystal-Orange-Hotel-Shanghai-13.webp\" alt=\"Crystal Orange Hotel Shanghai (13)\" \/>\t\t<\/div>\r\n\t\t\t\t<\/div>\t\t\t\t\t<\/div>\r\n\t\t\t\t\t\t\t\r\n\t\t\t<\/div>\r\n\t\t<\/div>\r\n\t\t\t\t\t\t<\/div>\n\t\t\t\t<\/div>\n\t\t\t\t\t<\/div>\n\t\t\t\t<\/div>\n\t\t<div class=\"elementor-element elementor-element-d05381b e-flex e-con-boxed e-con e-parent\" data-id=\"d05381b\" data-element_type=\"container\" data-e-type=\"container\">\n\t\t\t\t\t<div class=\"e-con-inner\">\n\t\t\t\t<div class=\"elementor-element elementor-element-53bd849 elementor-widget elementor-widget-text-editor\" data-id=\"53bd849\" data-element_type=\"widget\" data-e-type=\"widget\" data-widget_type=\"text-editor.default\">\n\t\t\t\t\t\t\t\t\t<h3 data-spm-anchor-id=\"a2ty_o01.29997173.0.i49.6bf2c9219dlanX\">\ud83c\udf73 Ein Fr\u00fchst\u00fccksbuffet, das Ost und West verbindet<\/h3><p>Starten Sie Ihr Shanghai-Abenteuer gleich mit unserem <strong>t\u00e4glich Fr\u00fchst\u00fccksbuffet<\/strong>, serviert von <strong>06:30\u201310:00 Uhr (Mo.\u2013Fr.)<\/strong> Und <strong>07:00\u201310:30 (Sa\u2013So)<\/strong> in unserem hellen, modernen Speisesaal. Das Angebot wurde f\u00fcr Reisende entwickelt, die Wert auf Vielfalt, Komfort und authentischen Geschmack legen, und vereint <strong data-spm-anchor-id=\"a2ty_o01.29997173.0.i48.6bf2c9219dlanX\">Chinesische Klassiker<\/strong> mit <strong>Western-Favoriten<\/strong> \u2014 perfekt f\u00fcr Alleinreisende, Paare und Familien gleicherma\u00dfen.<\/p><div class=\"my-2\">\u00a0<\/div><p><strong>Was liegt auf dem Teller?<\/strong><\/p><ul dir=\"auto\"><li><strong>Hei\u00dfe Stationen<\/strong>Frisch ged\u00e4mpfte Br\u00f6tchen, herzhafter Reisbrei, Nudeln und gebratenes Gem\u00fcse \u2013 alles mit Sorgfalt von unserem K\u00fcchenteam zubereitet.<\/li><li><strong>Western Selections<\/strong>Eier nach Wunsch zubereitet, knuspriger Speck, W\u00fcrstchen, Pfannkuchen, Waffeln und Toast mit Butter und Marmelade.<\/li><li><strong>B\u00e4ckerei &amp; Konditorei<\/strong>Bl\u00e4ttrige Croissants, s\u00fc\u00dfe Plundergeb\u00e4cke, Muffins und lokal gebackenes Brot \u2013 ideal zu Kaffee oder Tee.<\/li><li><strong>Fr\u00fcchte &amp; Joghurt<\/strong>Saisonales frisches Obst, M\u00fcsli und gek\u00fchlter Joghurt f\u00fcr einen leichteren Start in den Tag.<\/li><li><strong>Getr\u00e4nke<\/strong>Premium-Kaffee, hei\u00dfer Tee, Milch, Saft und Wasser \u2013 alles im Preis Ihrer Mahlzeit inbegriffen.<\/li><\/ul><div class=\"my-2\">\u00a0<\/div><p>Die G\u00e4ste loben durchweg die <strong>Qualit\u00e4t, Vielfalt und W\u00e4rme<\/strong> des morgendlichen Buffets. Wie ein Reisender bemerkte: <em>\u201cDas Fr\u00fchst\u00fccksbuffet war ordentlich, es konnte ziemlich voll werden \u2013 aber die Qualit\u00e4t entsch\u00e4digte f\u00fcr die Hektik.\u201d<\/em><\/p><div class=\"my-2\">\u00a0<\/div><p>Und ja \u2013 wenn Sie mit kleinen Kindern reisen, essen diese mit. <strong>kostenlos unter 1,3 m<\/strong>, w\u00e4hrend Kinder, die diese Gr\u00f6\u00dfe \u00fcberschreiten, nur <strong>68 CNY<\/strong> \u2014 genau wie bei Erwachsenen. Es ist eine budgetfreundliche M\u00f6glichkeit, alle mit Energie zu versorgen, ohne dabei auf Geschmack zu verzichten.<\/p><div class=\"my-2\">\u00a0<\/div><div class=\"py-2 my-3\"><hr \/><\/div><div class=\"my-2\">\u00a0<\/div><h3>\u2615 Mehr als nur Fr\u00fchst\u00fcck: Ein gem\u00fctlicher Ort zum Kontaktekn\u00fcpfen<\/h3><p>Abgesehen vom morgendlichen Berufsverkehr, unser <strong>Lobby-Caf\u00e9 und Bar<\/strong> Wir sind Ihr idealer Ort f\u00fcr schnelle Energieschubs, ungest\u00f6rtes Arbeiten oder lockere Treffen. Ob Sie vor einem Ausflug zum Bund einen starken Espresso brauchen, nach einem langen Sightseeing-Tag ein Glas Wein oder zwischen den Museumsbesuchen einen Snack \u2013 wir haben das Richtige f\u00fcr Sie.<\/p><div class=\"my-2\">\u00a0<\/div><p>Unsere Bar bietet:<\/p><ul dir=\"auto\"><li><strong>Kaffee &amp; Tee<\/strong>: Bohnen aus der Region und hochwertige lose Blattkaffeesorten<\/li><li><strong>Leichte Snacks<\/strong>Sandwiches, Geb\u00e4ck und abgepackte Snacks f\u00fcr Reisende unterwegs<\/li><li><strong>Erfrischungen<\/strong>Erfrischungsgetr\u00e4nke, S\u00e4fte und Mineralwasser<\/li><li><strong>Abendgetr\u00e4nke<\/strong>Bier, Wein und alkoholfreie Cocktails zum Entspannen<\/li><\/ul><div class=\"my-2\">\u00a0<\/div><p>Es geht nicht um Prunk, sondern um Komfort, Best\u00e4ndigkeit und Verbundenheit. Lehnen Sie sich in unserer eleganten, minimalistischen Lounge zur\u00fcck, nutzen Sie unser kostenloses WLAN und lassen Sie sich vom Rhythmus Shanghais verzaubern.<\/p><div class=\"my-2\">\u00a0<\/div><div class=\"py-2 my-3\"><hr \/><\/div><div class=\"my-2\">\u00a0<\/div><h3>\ud83c\udf3f Warum Reisende unser kulinarisches Erlebnis lieben<\/h3><p>Wir wissen, dass Sie nicht nach Shanghai gekommen sind, um in einem Hotel zu essen \u2013 aber wenn Sie es tun, m\u00f6chten wir, dass es sich wie ein Teil der Reise anf\u00fchlt.<\/p><div class=\"my-2\">\u00a0<\/div><ul dir=\"auto\"><li><strong>Komfort steht an erster Stelle<\/strong>Nach einer Nacht, in der man die laternenbeleuchteten Gassen des Yu-Gartens erkundet oder die neonbeleuchtete Promenade des Bund entlanggeschlendert ist, ist es unbezahlbar, am n\u00e4chsten Morgen nur wenige Schritte vom Zimmer entfernt ein warmes, wohltuendes Essen zu genie\u00dfen.<\/li><li><strong>Lokaler Bezug<\/strong>W\u00e4hrend wir westliche Klassiker anbieten, spiegeln unsere chinesischen Gerichte regionale Aromen wider \u2013 denken Sie an ged\u00e4mpfte Schweinefleischbr\u00f6tchen, in Sojasauce geschmorte Eier und delikaten Reisbrei \u2013 und bieten Ihnen so einen authentischen Einblick in die kulinarische Seele Shanghais.<\/li><li><strong>Intelligentes Design<\/strong>Das Buffet ist \u00fcbersichtlich, sauber und effizient gestaltet \u2013 Wartezeiten gibt es nur in Sto\u00dfzeiten. Und mit <strong>\u00dcbersetzungstools sind vor Ort verf\u00fcgbar.<\/strong>, Internationale G\u00e4ste k\u00f6nnen sich problemlos in der Speisekarte zurechtfinden.<\/li><\/ul><div class=\"my-2\">\u00a0<\/div><p>Ein Gast brachte es perfekt auf den Punkt: <em>\u201cDas Zimmer war sauber, und die Dusche hatte einen tollen Wasserdruck und eine gute Temperaturregelung\u2026 das Fr\u00fchst\u00fcck war ordentlich, gute Auswahl.\u201d<\/em><\/p><div class=\"my-2\">\u00a0<\/div><div class=\"py-2 my-3\"><hr \/><\/div><div class=\"my-2\">\u00a0<\/div><h3>\ud83d\udccd Essen wie ein Einheimischer \u2013 und dann entdecken wie ein Profi<\/h3><p>Die Lage ist entscheidend \u2013 und unsere befindet sich in fu\u00dfl\u00e4ufiger Entfernung zu einigen der bekanntesten kulinarischen Erlebnisse Shanghais:<\/p><div class=\"my-2\">\u00a0<\/div><ul dir=\"auto\"><li><strong>Yu Garden Basar<\/strong>Nur wenige Minuten entfernt k\u00f6nnen Sie Xiaolongbao (Suppenkn\u00f6del), Fr\u00fchlingszwiebelpfannkuchen und s\u00fc\u00dfe Osmanthuskuchen von Stra\u00dfenh\u00e4ndlern und in historischen Teeh\u00e4usern probieren.<\/li><li><strong>Der Bund<\/strong>G\u00f6nnen Sie sich nach dem Abendessen einen Cocktail in einer Rooftop-Bar am Flussufer mit Blick auf die Skyline von Pudong.<\/li><li><strong>Nanjing Stra\u00dfe<\/strong>Tauchen Sie ein in Michelin-Sternerestaurants oder entdecken Sie versteckte Juwelen in Gassen.<\/li><\/ul><div class=\"my-2\">\u00a0<\/div><p>Aber auch wenn Sie sich entscheiden, zu Hause zu bleiben \u2013 sei es, weil Sie von zu Hause aus arbeiten, sich vom Jetlag erholen oder einfach nur einen ruhigen Moment genie\u00dfen m\u00f6chten \u2013 sorgen unsere Fr\u00fchst\u00fccks- und Caf\u00e9angebote daf\u00fcr, dass Sie nie weit von etwas Leckerem entfernt sind.<\/p><div class=\"my-2\">\u00a0<\/div><div class=\"py-2 my-3\"><hr \/><\/div><div class=\"my-2\">\u00a0<\/div><h3>\u2705 Perfekt f\u00fcr jeden Reisenden<\/h3><p>Egal ob Sie:<\/p><ul dir=\"auto\"><li>A <strong>Gesch\u00e4ftsreisender<\/strong> Sie brauchen einen zuverl\u00e4ssigen, energiegeladenen Start in den Tag?<\/li><li>A <strong>Familie<\/strong> Wir suchen kinderfreundliche Gerichte und flexible Optionen.<\/li><li>A <strong>Solo-Entdecker<\/strong> Ich suche einen ruhigen, sauberen Ort, um meinen n\u00e4chsten Schritt zu planen.<\/li><li>Oder ein <strong>romantisches Paar<\/strong> Ich genie\u00dfe einen ruhigen Morgen, bevor ich in die Stadt gehe.<\/li><\/ul><div class=\"my-2\">\u00a0<\/div><p>Unser kulinarisches Erlebnis ist darauf ausgelegt, Ihrem Tempo, Ihrem Gaumen und Ihrem Zweck gerecht zu werden.<\/p><div class=\"my-2\">\u00a0<\/div><div class=\"py-2 my-3\"><hr \/><\/div><div class=\"my-2\">\u00a0<\/div><h3>\ud83d\udccc Praktische Informationen, die Sie wissen m\u00fcssen<\/h3><ul dir=\"auto\"><li><strong>Fr\u00fchst\u00fcckspreis<\/strong>68 CNY pro Erwachsenem \/ Kostenlos f\u00fcr Kinder unter 1,3 m \/ 68 CNY f\u00fcr Kinder \u00fcber 1,3 m<\/li><li><strong>Std<\/strong>: Mo\u2013Fr 06:30\u201310:00 | Sa\u2013So 07:00\u201310:30 Uhr<\/li><li><strong>Essbereich<\/strong>Innenbereich, klimatisiert, rollstuhlgerecht<\/li><li><strong>Zahlung<\/strong>: Kann bei der Buchung als Zusatzleistung hinzugebucht oder direkt beim Check-out bezahlt werden<\/li><li><strong>Spezielle Di\u00e4ten<\/strong>Wir bieten zwar keine speziellen allergenfreien Men\u00fcs an, aber unsere Mitarbeiter helfen Ihnen gerne auf Anfrage bei grundlegenden Ern\u00e4hrungsw\u00fcnschen.<\/li><\/ul><div class=\"my-2\">\u00a0<\/div><div class=\"py-2 my-3\"><hr \/><\/div><div class=\"my-2\">\u00a0<\/div><h3>\ud83c\udf7d\ufe0f Deine Shanghai-Geschichte beginnt hier \u2013 mit einem vollen Bauch<\/h3><p>Im Crystal Orange Hotel Shanghai Yu Garden On the Bund glauben wir, dass die sch\u00f6nsten Reisen mit gutem Essen beginnen \u2013 nicht mit aufwendigen Tellern, sondern mit ehrlichen, nahrhaften Mahlzeiten, die den Ton f\u00fcr den Tag angeben. Wir haben vielleicht kein F\u00fcnf-G\u00e4nge-Men\u00fc und keinen Starkoch \u2013 aber wir haben Herz, Gastfreundschaft und tiefen Respekt vor unserer Heimatstadt.<\/p><div class=\"my-2\">\u00a0<\/div><p>Ob Sie nun bei einer Tasse Kaffee den Sonnenaufgang \u00fcber dem Huangpu-Fluss beobachten, sich ein Geb\u00e4ck f\u00fcr Ihre U-Bahn-Fahrt zum Stadttempel einpacken oder mit Ihrem Reisebegleiter bei R\u00fchrei lachen \u2013 lassen Sie uns die erste Station auf Ihrer kulinarischen Entdeckungsreise durch Shanghai sein.<\/p><div class=\"my-2\">\u00a0<\/div><p><strong>Komm hungrig. Geh inspiriert.<\/strong><\/p><div class=\"my-2\">\u00a0<\/div><p>\u2014<\/p><div class=\"my-2\">\u00a0<\/div><p data-spm-anchor-id=\"a2ty_o01.29997173.0.i50.6bf2c9219dlanX\"><strong>Crystal Orange Hotel Shanghai Yu Garden am Bund<\/strong><br \/><em>Wo jeder Bissen eine Geschichte erz\u00e4hlt \u2013 und jede Geschichte in Shanghai beginnt.<\/em><\/p>\t\t\t\t\t\t\t\t<\/div>\n\t\t\t\t\t<\/div>\n\t\t\t\t<\/div>\n\t\t\t\t<section class=\"elementor-section elementor-top-section elementor-element elementor-element-16d681a4 elementor-section-stretched elementor-section-boxed elementor-section-gap-beside-yes elementor-section-height-default elementor-section-height-default elementor-section-column-vertical-align-stretch\" data-id=\"16d681a4\" data-element_type=\"section\" data-e-type=\"section\" data-settings=\"{&quot;background_background&quot;:&quot;classic&quot;,&quot;stretch_section&quot;:&quot;section-stretched&quot;}\">\n\t\t\t\t\t\t<div class=\"elementor-container elementor-column-gap-extended\">\n\t\t\t\t\t<div class=\"elementor-column elementor-col-100 elementor-top-column elementor-element elementor-element-38feae16\" data-id=\"38feae16\" data-element_type=\"column\" data-e-type=\"column\">\n\t\t\t<div class=\"elementor-widget-wrap elementor-element-populated\">\n\t\t\t\t\t\t<div class=\"elementor-element elementor-element-41e8eddd elementor-widget elementor-widget-nuss-heading\" data-id=\"41e8eddd\" data-element_type=\"widget\" data-e-type=\"widget\" data-widget_type=\"nuss-heading.default\">\n\t\t\t\t<div class=\"elementor-widget-container\">\n\t\t\t\t\t\t\t<div class=\"nuss-modern-heading\">\r\n\t\t\t\t\t\t<div class=\"heading-secondary-wrap\">\r\n\t\t\t\t<h3 class=\"heading-secondary elementor-heading-title\">Verf\u00fcgbarkeit pr\u00fcfen <\/h3>\t\t\t<\/div>\r\n\t\t\r\n\t\t\t\r\n\t\t\t\r\n\t\t\t\t\t<\/div>\r\n\t\t\t\t\t<\/div>\n\t\t\t\t<\/div>\n\t\t\t\t<div class=\"elementor-element elementor-element-69881927 elementor-widget elementor-widget-text-editor\" data-id=\"69881927\" data-element_type=\"widget\" data-e-type=\"widget\" data-widget_type=\"text-editor.default\">\n\t\t\t\t\t\t\t\t\t<iframe border=\"0\" src=\"https:\/\/www.trip.com\/partners\/ad\/S6742899?Allianceid=4590391&#038;SID=275144745&#038;trip_sub1=\" style=\"width:1200px;height:200px\" frameborder=\"0\" scrolling=\"no\" id=\"S6742899\"><\/iframe>\t\t\t\t\t\t\t\t<\/div>\n\t\t\t\t\t<\/div>\n\t\t<\/div>\n\t\t\t\t\t<\/div>\n\t\t<\/section>\n\t\t\t\t<\/div>","protected":false},"excerpt":{"rendered":"<p>Crystal Orange Hotel Shanghai Yu Garden On the Bund: Savor Shanghai\u2019s Spirit \u2014 One Bite at a Time Nestled in the heart of Huangpu District at No. 399 Renmin Road, just steps from the ancient serenity of Yu Garden and the glittering waterfront of The Bund, the Crystal Orange Hotel Shanghai Yu Garden On the [&hellip;]<\/p>\n","protected":false},"author":1,"featured_media":0,"parent":0,"menu_order":0,"comment_status":"closed","ping_status":"closed","template":"","meta":{"footnotes":""},"class_list":["post-612","page","type-page","status-publish","hentry","post-no-thumbnail"],"_links":{"self":[{"href":"https:\/\/crystalorangehotelshanghai.com\/de\/wp-json\/wp\/v2\/pages\/612","targetHints":{"allow":["GET"]}}],"collection":[{"href":"https:\/\/crystalorangehotelshanghai.com\/de\/wp-json\/wp\/v2\/pages"}],"about":[{"href":"https:\/\/crystalorangehotelshanghai.com\/de\/wp-json\/wp\/v2\/types\/page"}],"author":[{"embeddable":true,"href":"https:\/\/crystalorangehotelshanghai.com\/de\/wp-json\/wp\/v2\/users\/1"}],"replies":[{"embeddable":true,"href":"https:\/\/crystalorangehotelshanghai.com\/de\/wp-json\/wp\/v2\/comments?post=612"}],"version-history":[{"count":0,"href":"https:\/\/crystalorangehotelshanghai.com\/de\/wp-json\/wp\/v2\/pages\/612\/revisions"}],"wp:attachment":[{"href":"https:\/\/crystalorangehotelshanghai.com\/de\/wp-json\/wp\/v2\/media?parent=612"}],"curies":[{"name":"wp","href":"https:\/\/api.w.org\/{rel}","templated":true}]}}