{"id":5266,"date":"2021-07-18T08:03:35","date_gmt":"2021-07-18T08:03:35","guid":{"rendered":"https:\/\/nuss.uxper.co\/luxury-resort\/?page_id=5266"},"modified":"2025-11-16T09:14:56","modified_gmt":"2025-11-16T09:14:56","slug":"uber-uns","status":"publish","type":"page","link":"https:\/\/crystalorangehotelshanghai.com\/de\/uber-uns\/","title":{"rendered":"\u00dcber uns"},"content":{"rendered":"<div data-elementor-type=\"wp-page\" data-elementor-id=\"5266\" class=\"elementor elementor-5266\">\n\t\t\t\t\t\t<section class=\"elementor-section elementor-top-section elementor-element elementor-element-10416953 elementor-section-boxed elementor-section-gap-beside-yes elementor-section-height-default elementor-section-height-default elementor-section-column-vertical-align-stretch\" data-id=\"10416953\" data-element_type=\"section\" data-e-type=\"section\">\n\t\t\t\t\t\t<div class=\"elementor-container elementor-column-gap-extended\">\n\t\t\t\t\t<div class=\"elementor-column elementor-col-100 elementor-top-column elementor-element elementor-element-29c6aa8\" data-id=\"29c6aa8\" data-element_type=\"column\" data-e-type=\"column\">\n\t\t\t<div class=\"elementor-widget-wrap elementor-element-populated\">\n\t\t\t\t\t\t<div class=\"elementor-element elementor-element-7be18fe7 elementor-widget__width-initial elementor-invisible elementor-widget elementor-widget-text-editor\" data-id=\"7be18fe7\" data-element_type=\"widget\" data-e-type=\"widget\" data-settings=\"{&quot;_animation&quot;:&quot;nussFadeInUp&quot;}\" data-widget_type=\"text-editor.default\">\n\t\t\t\t\t\t\t\t\t<div class=\"svelte-1c06zsf\" data-lang-code=\"\"><p><strong data-spm-anchor-id=\"a2ty_o01.29997173.0.i6.6bf2c9219dlanX\">Crystal Orange Hotel Shanghai Yu Garden On the Bund: Ihr smartes und stilvolles Tor zum alten und neuen Shanghai<\/strong><\/p><\/div>\t\t\t\t\t\t\t\t<\/div>\n\t\t\t\t\t<\/div>\n\t\t<\/div>\n\t\t\t\t\t<\/div>\n\t\t<\/section>\n\t\t\t\t<section class=\"elementor-section elementor-top-section elementor-element elementor-element-7d18327f elementor-section-boxed elementor-section-gap-beside-yes elementor-section-height-default elementor-section-height-default elementor-section-column-vertical-align-stretch\" data-id=\"7d18327f\" data-element_type=\"section\" data-e-type=\"section\">\n\t\t\t\t\t\t<div class=\"elementor-container elementor-column-gap-extended\">\n\t\t\t\t\t<div class=\"elementor-column elementor-col-50 elementor-top-column elementor-element elementor-element-56533670\" data-id=\"56533670\" data-element_type=\"column\" data-e-type=\"column\">\n\t\t\t<div class=\"elementor-widget-wrap elementor-element-populated\">\n\t\t\t\t\t\t<div class=\"elementor-element elementor-element-19c3f543 elementor-drop-cap-yes elementor-drop-cap-view-default elementor-invisible elementor-widget elementor-widget-text-editor\" data-id=\"19c3f543\" data-element_type=\"widget\" data-e-type=\"widget\" data-settings=\"{&quot;_animation&quot;:&quot;nussFadeInUp&quot;,&quot;drop_cap&quot;:&quot;yes&quot;}\" data-widget_type=\"text-editor.default\">\n\t\t\t\t\t\t\t\t\t<p>Eingebettet im pulsierenden Herzen des Huangpu-Bezirks an der Renmin-Stra\u00dfe Nr. 399, <strong>Crystal Orange Hotel Shanghai Yu Garden am Bund<\/strong> Dieses 4-Sterne-Hotel bietet einen einzigartigen, modernen und komfortablen Ausgangspunkt, um die bekanntesten Sehensw\u00fcrdigkeiten der Stadt zu erkunden. Es ist mehr als nur ein Ort zum Ausruhen \u2013 es ist eine stilvoll gestaltete Stadtoase, die modernen Komfort mit unvergleichlichem Zugang zu Shanghais reicher Geschichte und pulsierender Energie verbindet.<\/p>\t\t\t\t\t\t\t\t<\/div>\n\t\t\t\t\t<\/div>\n\t\t<\/div>\n\t\t\t\t<div class=\"elementor-column elementor-col-50 elementor-top-column elementor-element elementor-element-30f14127\" data-id=\"30f14127\" data-element_type=\"column\" data-e-type=\"column\">\n\t\t\t<div class=\"elementor-widget-wrap elementor-element-populated\">\n\t\t\t\t\t\t<div class=\"elementor-element elementor-element-59aea08 elementor-widget elementor-widget-image\" data-id=\"59aea08\" data-element_type=\"widget\" data-e-type=\"widget\" data-widget_type=\"image.default\">\n\t\t\t\t\t\t\t\t\t\t\t\t\t\t\t<img fetchpriority=\"high\" decoding=\"async\" width=\"1024\" height=\"682\" src=\"https:\/\/crystalorangehotelshanghai.com\/wp-content\/uploads\/2025\/11\/Crystal-Orange-Hotel-Shanghai-44-1024x682.webp\" class=\"attachment-large size-large wp-image-7230\" alt=\"\" srcset=\"https:\/\/crystalorangehotelshanghai.com\/wp-content\/uploads\/2025\/11\/Crystal-Orange-Hotel-Shanghai-44-1024x682.webp 1024w, https:\/\/crystalorangehotelshanghai.com\/wp-content\/uploads\/2025\/11\/Crystal-Orange-Hotel-Shanghai-44-300x200.webp 300w, https:\/\/crystalorangehotelshanghai.com\/wp-content\/uploads\/2025\/11\/Crystal-Orange-Hotel-Shanghai-44-768x512.webp 768w, https:\/\/crystalorangehotelshanghai.com\/wp-content\/uploads\/2025\/11\/Crystal-Orange-Hotel-Shanghai-44-18x12.webp 18w, https:\/\/crystalorangehotelshanghai.com\/wp-content\/uploads\/2025\/11\/Crystal-Orange-Hotel-Shanghai-44.webp 1280w\" sizes=\"(max-width: 1024px) 100vw, 1024px\" \/>\t\t\t\t\t\t\t\t\t\t\t\t\t\t\t<\/div>\n\t\t\t\t\t<\/div>\n\t\t<\/div>\n\t\t\t\t\t<\/div>\n\t\t<\/section>\n\t\t\t\t<section class=\"elementor-section elementor-top-section elementor-element elementor-element-29fb8578 elementor-section-height-min-height elementor-section-stretched elementor-section-full_width elementor-section-items-stretch elementor-section-height-default elementor-section-column-vertical-align-stretch\" data-id=\"29fb8578\" data-element_type=\"section\" data-e-type=\"section\" data-settings=\"{&quot;stretch_section&quot;:&quot;section-stretched&quot;}\">\n\t\t\t\t\t\t<div class=\"elementor-container elementor-column-gap-no\">\n\t\t\t\t\t<div class=\"elementor-column elementor-col-50 elementor-top-column elementor-element elementor-element-40ac270b\" data-id=\"40ac270b\" data-element_type=\"column\" data-e-type=\"column\">\n\t\t\t<div class=\"elementor-widget-wrap elementor-element-populated\">\n\t\t\t\t\t\t<div class=\"elementor-element elementor-element-20872773 elementor-widget__width-initial elementor-widget-mobile__width-inherit elementor-invisible nuss-elementor-loading nuss-slide-in-right elementor-widget elementor-widget-image\" data-id=\"20872773\" data-element_type=\"widget\" data-e-type=\"widget\" data-settings=\"{&quot;_animation&quot;:&quot;nussSlideInRight&quot;}\" data-widget_type=\"image.default\">\n\t\t\t\t\t\t\t\t\t\t\t\t\t\t\t<img decoding=\"async\" width=\"1137\" height=\"853\" src=\"https:\/\/crystalorangehotelshanghai.com\/wp-content\/uploads\/2025\/11\/Crystal-Orange-Hotel-Shanghai-99.webp\" class=\"attachment-full size-full wp-image-7285\" alt=\"\" srcset=\"https:\/\/crystalorangehotelshanghai.com\/wp-content\/uploads\/2025\/11\/Crystal-Orange-Hotel-Shanghai-99.webp 1137w, https:\/\/crystalorangehotelshanghai.com\/wp-content\/uploads\/2025\/11\/Crystal-Orange-Hotel-Shanghai-99-300x225.webp 300w, https:\/\/crystalorangehotelshanghai.com\/wp-content\/uploads\/2025\/11\/Crystal-Orange-Hotel-Shanghai-99-1024x768.webp 1024w, https:\/\/crystalorangehotelshanghai.com\/wp-content\/uploads\/2025\/11\/Crystal-Orange-Hotel-Shanghai-99-768x576.webp 768w, https:\/\/crystalorangehotelshanghai.com\/wp-content\/uploads\/2025\/11\/Crystal-Orange-Hotel-Shanghai-99-16x12.webp 16w\" sizes=\"(max-width: 1137px) 100vw, 1137px\" \/>\t\t\t\t\t\t\t\t\t\t\t\t\t\t\t<\/div>\n\t\t\t\t\t<\/div>\n\t\t<\/div>\n\t\t\t\t<div class=\"elementor-column elementor-col-50 elementor-top-column elementor-element elementor-element-2dac103\" data-id=\"2dac103\" data-element_type=\"column\" data-e-type=\"column\">\n\t\t\t<div class=\"elementor-widget-wrap elementor-element-populated\">\n\t\t\t\t\t\t<div class=\"elementor-element elementor-element-6f1b8966 elementor-invisible elementor-widget elementor-widget-text-editor\" data-id=\"6f1b8966\" data-element_type=\"widget\" data-e-type=\"widget\" data-settings=\"{&quot;_animation&quot;:&quot;nussFadeInUp&quot;}\" data-widget_type=\"text-editor.default\">\n\t\t\t\t\t\t\t\t\t<p data-spm-anchor-id=\"a2ty_o01.29997173.0.i9.6bf2c9219dlanX\">Perfekt gelegen, nur einen kurzen Spaziergang von der uralten Ruhe entfernt <strong>Yu-Garten<\/strong> und die schillernde Uferpromenade von <strong>Der Bund<\/strong>, Hier gelangen Sie m\u00fchelos von ruhigen, klassischen G\u00e4rten zur glitzernden Skyline von Pudong. Dank der erstklassigen Lage des Hotels sind Sie au\u00dferdem nur wenige Minuten von \u2026 entfernt. <strong>U-Bahn-Station Yuyuan Garden<\/strong>, Dadurch ist es unglaublich einfach, sich in der gesamten Stadt zurechtzufinden, egal ob Sie zum \u2026 fahren. <strong>Shanghai Ozean-Aquarium<\/strong>, das historische <strong>Stadttempel<\/strong>, oder die gesch\u00e4ftigen Einkaufsstra\u00dfen der Nanjing Road.<\/p><div class=\"my-2\">\u00a0<\/div><p>Das Crystal Orange Hotel wurde f\u00fcr den anspruchsvollen Reisenden von heute konzipiert und vereint elegantes, minimalistisches Design mit durchdachten, technisch fortschrittlichen Annehmlichkeiten. Von Self-Check-in-Automaten und Servicerobotern bis hin zu \u00dcbersetzungstools und intelligenten Zimmerpanels ist jedes Detail auf Effizienz und Komfort ausgelegt. Ob Gesch\u00e4ftsreise oder Urlaub \u2013 Sie werden das reibungslose Erlebnis vom ersten bis zum letzten Moment zu sch\u00e4tzen wissen.<\/p>\t\t\t\t\t\t\t\t<\/div>\n\t\t\t\t\t<\/div>\n\t\t<\/div>\n\t\t\t\t\t<\/div>\n\t\t<\/section>\n\t\t\t\t<section class=\"elementor-section elementor-top-section elementor-element elementor-element-6f312d6 elementor-section-height-min-height elementor-section-stretched elementor-section-full_width elementor-section-items-stretch elementor-section-height-default elementor-section-column-vertical-align-stretch\" data-id=\"6f312d6\" data-element_type=\"section\" data-e-type=\"section\" data-settings=\"{&quot;stretch_section&quot;:&quot;section-stretched&quot;}\">\n\t\t\t\t\t\t<div class=\"elementor-container elementor-column-gap-no\">\n\t\t\t\t\t<div class=\"elementor-column elementor-col-50 elementor-top-column elementor-element elementor-element-e7e7207\" data-id=\"e7e7207\" data-element_type=\"column\" data-e-type=\"column\">\n\t\t\t<div class=\"elementor-widget-wrap elementor-element-populated\">\n\t\t\t\t\t\t<div class=\"elementor-element elementor-element-dbbb4fe elementor-invisible elementor-widget elementor-widget-text-editor\" data-id=\"dbbb4fe\" data-element_type=\"widget\" data-e-type=\"widget\" data-settings=\"{&quot;_animation&quot;:&quot;nussFadeInUp&quot;}\" data-widget_type=\"text-editor.default\">\n\t\t\t\t\t\t\t\t\t<p data-spm-anchor-id=\"a2ty_o01.29997173.0.i10.6bf2c9219dlanX\">G\u00e4ste schw\u00e4rmen von den sauberen und bestens ausgestatteten Zimmern, von gem\u00fctlichen 22 m\u00b2 gro\u00dfen Superior Queen Zimmern bis hin zu ger\u00e4umigen 42 m\u00b2 gro\u00dfen Executive King Suiten. Alle Zimmer verf\u00fcgen \u00fcber hochwertige Betten, schallisolierte Fenster und moderne Badezimmer. Starten Sie gut in den Tag mit einem reichhaltigen Fr\u00fchst\u00fccksbuffet mit chinesischen und westlichen Speisen und entspannen Sie sich nach Ihren Sightseeing-Touren im kompakten, aber funktionalen Fitnesscenter. Dank kostenloser Gep\u00e4ckaufbewahrung, 24-Stunden-Rezeption und sogar Parkservice wird an alles gedacht.<\/p><div class=\"my-2\">\u00a0<\/div><p>Dieses Hotel ist ideal f\u00fcr Familien, Paare und Alleinreisende gleicherma\u00dfen und erh\u00e4lt regelm\u00e4\u00dfig Bestnoten f\u00fcr seine Lage, Sauberkeit und sein gutes Preis-Leistungs-Verh\u00e4ltnis. Es ist besonders beliebt bei Reisenden, die einen komfortablen und unkomplizierten Aufenthalt suchen, ohne auf die N\u00e4he zu Shanghais wichtigsten Sehensw\u00fcrdigkeiten verzichten zu m\u00fcssen. Buchen Sie Ihren Aufenthalt im Crystal Orange Hotel Shanghai Yu Garden On the Bund und erleben Sie die perfekte Kombination aus erstklassigem Service, zentraler Lage und authentischem Shanghaier Charme \u2013 alles nur wenige Gehminuten von den legend\u00e4rsten Sehensw\u00fcrdigkeiten der Stadt entfernt.<\/p>\t\t\t\t\t\t\t\t<\/div>\n\t\t\t\t\t<\/div>\n\t\t<\/div>\n\t\t\t\t<div class=\"elementor-column elementor-col-50 elementor-top-column elementor-element elementor-element-ae4a27d\" data-id=\"ae4a27d\" data-element_type=\"column\" data-e-type=\"column\">\n\t\t\t<div class=\"elementor-widget-wrap elementor-element-populated\">\n\t\t\t\t\t\t<div class=\"elementor-element elementor-element-886487a elementor-widget__width-initial elementor-widget-mobile__width-inherit elementor-invisible nuss-elementor-loading nuss-slide-in-right elementor-widget elementor-widget-image\" data-id=\"886487a\" data-element_type=\"widget\" data-e-type=\"widget\" data-settings=\"{&quot;_animation&quot;:&quot;nussSlideInRight&quot;}\" data-widget_type=\"image.default\">\n\t\t\t\t\t\t\t\t\t\t\t\t\t\t\t<img decoding=\"async\" width=\"1280\" height=\"853\" src=\"https:\/\/crystalorangehotelshanghai.com\/wp-content\/uploads\/2025\/11\/Crystal-Orange-Hotel-Shanghai-27.webp\" class=\"attachment-full size-full wp-image-7213\" alt=\"\" srcset=\"https:\/\/crystalorangehotelshanghai.com\/wp-content\/uploads\/2025\/11\/Crystal-Orange-Hotel-Shanghai-27.webp 1280w, https:\/\/crystalorangehotelshanghai.com\/wp-content\/uploads\/2025\/11\/Crystal-Orange-Hotel-Shanghai-27-300x200.webp 300w, https:\/\/crystalorangehotelshanghai.com\/wp-content\/uploads\/2025\/11\/Crystal-Orange-Hotel-Shanghai-27-1024x682.webp 1024w, https:\/\/crystalorangehotelshanghai.com\/wp-content\/uploads\/2025\/11\/Crystal-Orange-Hotel-Shanghai-27-768x512.webp 768w, https:\/\/crystalorangehotelshanghai.com\/wp-content\/uploads\/2025\/11\/Crystal-Orange-Hotel-Shanghai-27-18x12.webp 18w\" sizes=\"(max-width: 1280px) 100vw, 1280px\" \/>\t\t\t\t\t\t\t\t\t\t\t\t\t\t\t<\/div>\n\t\t\t\t\t<\/div>\n\t\t<\/div>\n\t\t\t\t\t<\/div>\n\t\t<\/section>\n\t\t\t\t<section class=\"elementor-section elementor-top-section elementor-element elementor-element-2092b7d0 elementor-section-stretched elementor-section-boxed elementor-section-gap-beside-yes elementor-section-height-default elementor-section-height-default elementor-section-column-vertical-align-stretch\" data-id=\"2092b7d0\" data-element_type=\"section\" data-e-type=\"section\" data-settings=\"{&quot;background_background&quot;:&quot;classic&quot;,&quot;stretch_section&quot;:&quot;section-stretched&quot;}\">\n\t\t\t\t\t\t<div class=\"elementor-container elementor-column-gap-extended\">\n\t\t\t\t\t<div class=\"elementor-column elementor-col-100 elementor-top-column elementor-element elementor-element-be69d75\" data-id=\"be69d75\" data-element_type=\"column\" data-e-type=\"column\">\n\t\t\t<div class=\"elementor-widget-wrap elementor-element-populated\">\n\t\t\t\t\t\t<div class=\"elementor-element elementor-element-320c022 elementor-widget elementor-widget-nuss-heading\" data-id=\"320c022\" data-element_type=\"widget\" data-e-type=\"widget\" data-widget_type=\"nuss-heading.default\">\n\t\t\t\t<div class=\"elementor-widget-container\">\n\t\t\t\t\t\t\t<div class=\"nuss-modern-heading\">\r\n\t\t\t\t\t\t<div class=\"heading-secondary-wrap\">\r\n\t\t\t\t<h3 class=\"heading-secondary elementor-heading-title\">Verf\u00fcgbarkeit pr\u00fcfen <\/h3>\t\t\t<\/div>\r\n\t\t\r\n\t\t\t\r\n\t\t\t\r\n\t\t\t\t\t<\/div>\r\n\t\t\t\t\t<\/div>\n\t\t\t\t<\/div>\n\t\t\t\t<div class=\"elementor-element elementor-element-fe69a93 elementor-widget elementor-widget-text-editor\" data-id=\"fe69a93\" data-element_type=\"widget\" data-e-type=\"widget\" data-widget_type=\"text-editor.default\">\n\t\t\t\t\t\t\t\t\t<iframe border=\"0\" src=\"https:\/\/www.trip.com\/partners\/ad\/S6742899?Allianceid=4590391&#038;SID=275144745&#038;trip_sub1=\" style=\"width:1200px;height:200px\" frameborder=\"0\" scrolling=\"no\" id=\"S6742899\"><\/iframe>\t\t\t\t\t\t\t\t<\/div>\n\t\t\t\t\t<\/div>\n\t\t<\/div>\n\t\t\t\t\t<\/div>\n\t\t<\/section>\n\t\t\t\t<\/div>","protected":false},"excerpt":{"rendered":"<p>Crystal Orange Hotel Shanghai Yu Garden On the Bund: Your Smart, Stylish Gateway to Old &amp; New Shanghai Nestled in the vibrant heart of Huangpu District at No. 399 Renmin Road, the Crystal Orange Hotel Shanghai Yu Garden On the Bund offers a uniquely modern and convenient base for exploring the city\u2019s most iconic landmarks. [&hellip;]<\/p>\n","protected":false},"author":1,"featured_media":0,"parent":0,"menu_order":0,"comment_status":"closed","ping_status":"closed","template":"","meta":{"footnotes":""},"class_list":["post-5266","page","type-page","status-publish","hentry","post-no-thumbnail"],"_links":{"self":[{"href":"https:\/\/crystalorangehotelshanghai.com\/de\/wp-json\/wp\/v2\/pages\/5266","targetHints":{"allow":["GET"]}}],"collection":[{"href":"https:\/\/crystalorangehotelshanghai.com\/de\/wp-json\/wp\/v2\/pages"}],"about":[{"href":"https:\/\/crystalorangehotelshanghai.com\/de\/wp-json\/wp\/v2\/types\/page"}],"author":[{"embeddable":true,"href":"https:\/\/crystalorangehotelshanghai.com\/de\/wp-json\/wp\/v2\/users\/1"}],"replies":[{"embeddable":true,"href":"https:\/\/crystalorangehotelshanghai.com\/de\/wp-json\/wp\/v2\/comments?post=5266"}],"version-history":[{"count":0,"href":"https:\/\/crystalorangehotelshanghai.com\/de\/wp-json\/wp\/v2\/pages\/5266\/revisions"}],"wp:attachment":[{"href":"https:\/\/crystalorangehotelshanghai.com\/de\/wp-json\/wp\/v2\/media?parent=5266"}],"curies":[{"name":"wp","href":"https:\/\/api.w.org\/{rel}","templated":true}]}}