{"id":2106,"date":"2021-03-25T04:08:26","date_gmt":"2021-03-25T04:08:26","guid":{"rendered":"http:\/\/localhost\/nuss\/?page_id=298"},"modified":"2025-11-16T09:39:51","modified_gmt":"2025-11-16T09:39:51","slug":"erfahrungen","status":"publish","type":"page","link":"https:\/\/crystalorangehotelshanghai.com\/de\/erfahrungen\/","title":{"rendered":"Bewertungen des Crystal Orange Hotel Shanghai Yu Garden On the Bund"},"content":{"rendered":"<div data-elementor-type=\"wp-page\" data-elementor-id=\"2106\" class=\"elementor elementor-2106\">\n\t\t\t\t\t\t<section class=\"elementor-section elementor-top-section elementor-element elementor-element-1954ffc elementor-section-boxed elementor-section-gap-beside-yes elementor-section-height-default elementor-section-height-default elementor-section-column-vertical-align-stretch\" data-id=\"1954ffc\" data-element_type=\"section\" data-e-type=\"section\">\n\t\t\t\t\t\t<div class=\"elementor-container elementor-column-gap-extended\">\n\t\t\t\t\t<div class=\"elementor-column elementor-col-100 elementor-top-column elementor-element elementor-element-86aebc5\" data-id=\"86aebc5\" data-element_type=\"column\" data-e-type=\"column\">\n\t\t\t<div class=\"elementor-widget-wrap elementor-element-populated\">\n\t\t\t\t\t\t<div class=\"elementor-element elementor-element-11803d1 elementor-widget__width-initial elementor-invisible elementor-widget elementor-widget-text-editor\" data-id=\"11803d1\" data-element_type=\"widget\" data-e-type=\"widget\" data-settings=\"{&quot;_animation&quot;:&quot;nussFadeInUp&quot;}\" data-widget_type=\"text-editor.default\">\n\t\t\t\t\t\t\t\t\t<div class=\"svelte-1c06zsf\" data-lang-code=\"\"><p><strong data-spm-anchor-id=\"a2ty_o01.29997173.0.i25.6bf2c9219dlanX\">Crystal Orange Hotel Shanghai Yu Garden On the Bund: Echte G\u00e4stebewertungen und authentische Erfahrungsberichte von \u00fcber 6.274 Reisenden<\/strong><\/p><\/div>\t\t\t\t\t\t\t\t<\/div>\n\t\t\t\t\t<\/div>\n\t\t<\/div>\n\t\t\t\t\t<\/div>\n\t\t<\/section>\n\t\t<div class=\"elementor-element elementor-element-95e7268 e-flex e-con-boxed e-con e-parent\" data-id=\"95e7268\" data-element_type=\"container\" data-e-type=\"container\">\n\t\t\t\t\t<div class=\"e-con-inner\">\n\t\t\t\t<div class=\"elementor-element elementor-element-bd47571 elementor-widget elementor-widget-image\" data-id=\"bd47571\" data-element_type=\"widget\" data-e-type=\"widget\" data-widget_type=\"image.default\">\n\t\t\t\t\t\t\t\t\t\t\t\t\t\t\t\t<a href=\"https:\/\/www.trip.com\/hotels\/shanghai-hotel-detail-6275850\/crystal-orange-shanghai-bund-yuyuan-hotel\/?Allianceid=4590391&#038;SID=275144745&#038;trip_sub1=&#038;trip_sub3=D6742633\" target=\"_blank\" rel=\"noopener\">\n\t\t\t\t\t\t\t<img fetchpriority=\"high\" decoding=\"async\" width=\"1714\" height=\"1144\" src=\"https:\/\/crystalorangehotelshanghai.com\/wp-content\/uploads\/2025\/11\/reviews.jpg\" class=\"attachment-full size-full wp-image-7332\" alt=\"\" srcset=\"https:\/\/crystalorangehotelshanghai.com\/wp-content\/uploads\/2025\/11\/reviews.jpg 1714w, https:\/\/crystalorangehotelshanghai.com\/wp-content\/uploads\/2025\/11\/reviews-300x200.jpg 300w, https:\/\/crystalorangehotelshanghai.com\/wp-content\/uploads\/2025\/11\/reviews-1024x683.jpg 1024w, https:\/\/crystalorangehotelshanghai.com\/wp-content\/uploads\/2025\/11\/reviews-768x513.jpg 768w, https:\/\/crystalorangehotelshanghai.com\/wp-content\/uploads\/2025\/11\/reviews-1536x1025.jpg 1536w, https:\/\/crystalorangehotelshanghai.com\/wp-content\/uploads\/2025\/11\/reviews-18x12.jpg 18w\" sizes=\"(max-width: 1714px) 100vw, 1714px\" \/>\t\t\t\t\t\t\t\t<\/a>\n\t\t\t\t\t\t\t\t\t\t\t\t\t\t\t<\/div>\n\t\t\t\t\t<\/div>\n\t\t\t\t<\/div>\n\t\t<div class=\"elementor-element elementor-element-3e39171 e-flex e-con-boxed e-con e-parent\" data-id=\"3e39171\" data-element_type=\"container\" data-e-type=\"container\">\n\t\t\t\t\t<div class=\"e-con-inner\">\n\t\t\t\t<div class=\"elementor-element elementor-element-7761d0c elementor-widget elementor-widget-text-editor\" data-id=\"7761d0c\" data-element_type=\"widget\" data-e-type=\"widget\" data-widget_type=\"text-editor.default\">\n\t\t\t\t\t\t\t\t\t<p>Bei der Planung einer Reise nach Shanghai kann die Wahl des richtigen Hotels \u00fcber den Erfolg oder Misserfolg entscheiden. F\u00fcr Reisende, die eine perfekte Mischung aus \u2026 suchen <strong>zentrale Lage, moderner Komfort und intelligenter Service<\/strong>, Die <strong>Crystal Orange Hotel Shanghai Yu Garden am Bund<\/strong> Das Geb\u00e4ude in der Renmin Road 399 hat sich zu einem erstklassigen Juwel entwickelt \u2013 unterst\u00fctzt von \u00fcber <strong>6.274 verifizierte G\u00e4stebewertungen<\/strong> auf Trip.com mit einer hervorragenden Bewertung <strong>Bewertung: 9,4\/10<\/strong>.<\/p><div class=\"my-2\">\u00a0<\/div><p>Hier finden Sie Erfahrungsberichte von echten G\u00e4sten zu ihrem Aufenthalt, aufgeschl\u00fcsselt nach Schl\u00fcsselkategorien, die f\u00fcr anspruchsvolle Reisende heutzutage besonders wichtig sind.<\/p><div class=\"my-2\">\u00a0<\/div><div class=\"py-2 my-3\"><hr \/><\/div><div class=\"my-2\">\u00a0<\/div><h3>\ud83c\udf1f <strong>G\u00e4steurteil: \u201cGem\u00fctlich, sauber und perfekt gelegen\u201d<\/strong><\/h3><p>Der allgemeine Konsens? Dieses Hotel bietet ein au\u00dfergew\u00f6hnliches Preis-Leistungs-Verh\u00e4ltnis f\u00fcr seine erstklassige Lage. Ein Rezensent brachte es perfekt auf den Punkt: <em>\u201cGem\u00fctliches Zimmer und g\u00fcnstige Lage. Nur wenige Gehminuten zur U-Bahn-Station. Gute Wahl f\u00fcr einen Kurztrip.\u201d<\/em><\/p><div class=\"my-2\">\u00a0<\/div><p>Dank seiner Lage im Herzen des Huangpu-Distrikts schw\u00e4rmen G\u00e4ste davon, nur wenige Schritte von \u2026 entfernt zu sein. <strong>Yu-Garten<\/strong>, nur einen Steinwurf entfernt <strong>Der Bund<\/strong>, und einfach <strong>210 Meter (3 Minuten Fu\u00dfweg)<\/strong> von <strong>U-Bahn-Station Yuyuan Garden<\/strong>. Ob Sie nun kulturelle Sehensw\u00fcrdigkeiten, Einkaufsstra\u00dfen wie die Nanjing Road oder den Blick auf die Skyline von Pudong am Flussufer genie\u00dfen m\u00f6chten \u2013 alles ist bequem erreichbar.<\/p><div class=\"my-2\">\u00a0<\/div><div class=\"py-2 my-3\"><hr \/><\/div><div class=\"my-2\">\u00a0<\/div><h3>\ud83d\udecf\ufe0f <strong>Zimmererlebnis: Sauber, modern und intelligent \u2013 aber die Gr\u00f6\u00dfe variiert.<\/strong><\/h3><p>Die G\u00e4ste loben durchweg die <strong>Sauberkeit (9,5\/10)<\/strong> Und <strong>moderne Annehmlichkeiten<\/strong> der Zimmer. Viele heben die Einbeziehung von hervor. <strong>intelligente Bedienfelder<\/strong> f\u00fcr Beleuchtung, Temperatur und Vorh\u00e4nge \u2013 ein willkommener Komfort f\u00fcr technikaffine Reisende.<\/p><div class=\"my-2\">\u00a0<\/div><ul dir=\"auto\"><li><strong>Superior Queen Zimmer (22 m\u00b2)<\/strong>Kompakt, aber gut gestaltet, ideal f\u00fcr Alleinreisende oder Paare auf einem Kurztrip.<\/li><li><strong>Executive Deluxe King Zimmer (42 m\u00b2)<\/strong>Ger\u00e4umig und hell, oft empfohlen f\u00fcr alle, die besonderen Komfort suchen oder f\u00fcr Familien.<\/li><li><strong>Deluxe-Zimmer mit Balkon<\/strong>Ein beliebter Ort f\u00fcr G\u00e4ste, die frische Luft und Stadtblick genie\u00dfen m\u00f6chten.<\/li><\/ul><div class=\"my-2\">\u00a0<\/div><p>Ein Reisender berichtete, w\u00e4hrend der Renovierungsarbeiten ein kostenloses Upgrade auf ein ger\u00e4umigeres Zimmer erhalten zu haben \u2013 und obwohl es tags\u00fcber Baul\u00e4rm gab, wurde der Schlaf nachts dank \u2026 nicht gest\u00f6rt. <strong>Schallschutzfenster<\/strong>.<\/p><div class=\"my-2\">\u00a0<\/div><p><em>\u201cDas Zimmer war sauber, und die Dusche hatte einen tollen Wasserdruck und eine gute Temperaturregelung.\u201d<\/em> Ein Gast teilte diese Meinung und gab damit die Ansichten hunderter anderer Rezensionen wieder.<\/p><div class=\"my-2\">\u00a0<\/div><div class=\"py-2 my-3\"><hr \/><\/div><div class=\"my-2\">\u00a0<\/div><h3>\ud83c\udf7d\ufe0f <strong>Fr\u00fchst\u00fccksbuffet: Ordentliche Auswahl, zu Sto\u00dfzeiten \u00fcberf\u00fcllt<\/strong><\/h3><p>Das Fr\u00fchst\u00fccksbuffet des Hotels punktet mit Vielfalt und Komfort. T\u00e4glich serviert ab <strong>06:30\u201310:00 Uhr (Mo.\u2013Fr.)<\/strong> Und <strong>07:00\u201310:30 (Sa\u2013So)<\/strong>, Es bietet eine Mischung aus <strong>Chinesische und westliche Optionen<\/strong>, darunter Geb\u00e4ck, Eier, Nudeln und lokale Spezialit\u00e4ten.<\/p><div class=\"my-2\">\u00a0<\/div><p>Viele G\u00e4ste finden es \u201causreichend\u201d und \u201cgut genug\u201d, um sich f\u00fcr einen Sightseeing-Tag zu st\u00e4rken, einige merken jedoch an, dass es zu Sto\u00dfzeiten sehr voll werden kann. Die Preisgestaltung ist unkompliziert:<\/p><ul dir=\"auto\"><li><strong>Erwachsene<\/strong>: CNY 68 (~$9,58)<\/li><li><strong>Kinder unter 1,3 m<\/strong>: Frei<\/li><li><strong>Kinder \u00fcber 1,3 m<\/strong>: CNY 68<\/li><\/ul><div class=\"my-2\">\u00a0<\/div><p><em>\u201cDas Fr\u00fchst\u00fccksbuffet war in Ordnung, konnte aber recht voll sein.\u201d<\/em> Ein Kritiker r\u00e4umte dies ein, f\u00fcgte aber hinzu, dass die Qualit\u00e4t den Trubel wettmachte.<\/p><div class=\"my-2\">\u00a0<\/div><div class=\"py-2 my-3\"><hr \/><\/div><div class=\"my-2\">\u00a0<\/div><h3>\ud83d\udcbc <strong>Ausstattung f\u00fcr Unternehmen und Technologie: Auf Effizienz ausgelegt<\/strong><\/h3><p>F\u00fcr Gesch\u00e4ftsreisende punktet das Hotel mit seiner hohen Praktikabilit\u00e4t. Zu den Ausstattungsmerkmalen geh\u00f6ren: <strong>Selbst-Check-in-Kioske<\/strong>, <strong>\u00dcbersetzungswerkzeuge<\/strong>, <strong>kostenloses WLAN<\/strong> durchgehend und <strong>Zugang zum Business Center<\/strong> (mit kostenlosem Fax-\/Kopierservice) machen es zu einer nahtlosen Basis f\u00fcr die Arbeit.<\/p><div class=\"my-2\">\u00a0<\/div><p>Die G\u00e4ste sch\u00e4tzen auch die Verf\u00fcgbarkeit von <strong>Coworking-Spaces<\/strong> Und <strong>Multifunktionsr\u00e4ume<\/strong> (gegen Aufpreis erh\u00e4ltlich), ideal f\u00fcr kleine Besprechungen oder ungest\u00f6rte Konzentrationsphasen. <strong>24-Stunden-Rezeption<\/strong> Und <strong>Express-Check-in\/-out<\/strong> Gew\u00e4hrleisten Sie Flexibilit\u00e4t bei fr\u00fchen Fl\u00fcgen oder sp\u00e4ten Ank\u00fcnften.<\/p><div class=\"my-2\">\u00a0<\/div><div class=\"py-2 my-3\"><hr \/><\/div><div class=\"my-2\">\u00a0<\/div><h3>\ud83e\uddf3 <strong>Service &amp; Personal: Gr\u00f6\u00dftenteils freundlich, aber mit Verbesserungspotenzial<\/strong><\/h3><p>durchschnittliche Servicebewertungen <strong>9.4\/10<\/strong>, wobei viele G\u00e4ste das <strong>hilfsbereites Reinigungs- und Restaurantpersonal<\/strong>. Einige Rezensenten erw\u00e4hnten jedoch uneinheitliche Erfahrungen an der Rezeption, insbesondere zu Sto\u00dfzeiten.<\/p><div class=\"my-2\">\u00a0<\/div><p><em>\u201cDas Personal an der Rezeption beim Einchecken war nicht besonders freundlich, aber die Mitarbeiter im Housekeeping und im Restaurant waren nett.\u201d<\/em> schrieb ein Gast \u2013 eine Beobachtung, die auch von anderen G\u00e4sten geteilt wurde, die der Meinung waren, die ersten Begegnungen k\u00f6nnten einladender gestaltet werden.<\/p><div class=\"my-2\">\u00a0<\/div><p>Dennoch sind sich die meisten einig, dass das Hotel <strong>Gep\u00e4ckaufbewahrung (kostenlos)<\/strong>, <strong>Taxi-Buchungsservice<\/strong>, Und <strong>Parkservice (kostenlos)<\/strong> Dies bietet einen erheblichen Komfortgewinn, insbesondere bei der Navigation durch Shanghais gesch\u00e4ftige Stra\u00dfen.<\/p><div class=\"my-2\">\u00a0<\/div><div class=\"py-2 my-3\"><hr \/><\/div><div class=\"my-2\">\u00a0<\/div><h3>\u26a0\ufe0f <strong>G\u00e4stehinweise: L\u00e4rm, Geruch und Konsistenz<\/strong><\/h3><p>Kein Hotel ist perfekt \u2013 und das Crystal Orange bildet da keine Ausnahme. Basierend auf KI-gest\u00fctzten Bewertungszusammenfassungen und direktem Feedback sind hier die h\u00e4ufigsten Verbesserungsvorschl\u00e4ge:<\/p><div class=\"my-2\">\u00a0<\/div><ul dir=\"auto\"><li><strong>Renovierungsl\u00e4rm<\/strong>Mehrere G\u00e4ste berichteten von anhaltendem Baul\u00e4rm tags\u00fcber. Dieser st\u00f6rte zwar nicht ihren Schlaf, sollte aber von ger\u00e4uschempfindlichen G\u00e4sten beachtet werden.<\/li><li><strong>Raumger\u00fcche<\/strong>Eine kleine Anzahl von Rezensenten erw\u00e4hnte anhaltende Ger\u00fcche in bestimmten R\u00e4umen, was auf m\u00f6gliche Probleme mit der Bel\u00fcftung hindeutet.<\/li><li><strong>Servicekonsistenz<\/strong>Einige hatten den Eindruck, dass die Servicequalit\u00e4t je nach Abteilung oder Schicht variierte.<\/li><\/ul><div class=\"my-2\">\u00a0<\/div><p>Trotz dieser kleineren Kritikpunkte bewertet die \u00fcberwiegende Mehrheit ihren Aufenthalt immer noch als <strong>\u201chervorragend\u201d oder \u201csehr gut\u201d,\u201d<\/strong> Hervorhebung der F\u00e4higkeit des Hotels, seine Kernversprechen zu erf\u00fcllen: <strong>Saubere Zimmer, tolle Lage und zuverl\u00e4ssige Ausstattung<\/strong>.<\/p><div class=\"my-2\">\u00a0<\/div><div class=\"py-2 my-3\"><hr \/><\/div><div class=\"my-2\">\u00a0<\/div><h3>\ud83d\udcc8 <strong>Warum es unter den 4-Sterne-Hotels in Shanghai auf Platz #8 rangiert<\/strong><\/h3><p>Mit einem <strong>Gesamtnote: 9,4<\/strong>, Das Crystal Orange Hotel sticht im hart umk\u00e4mpften 4-Sterne-Segment Shanghais hervor \u2013 nicht nur wegen seiner Lage, sondern auch wegen seiner <strong>Intelligentes Design, durchg\u00e4ngige Sauberkeit und durchdachte Details<\/strong> wie Serviceroboter und digitales Einchecken.<\/p><div class=\"my-2\">\u00a0<\/div><p>Es ist besonders beliebt bei:<\/p><ul dir=\"auto\"><li><strong>Alleinreisende<\/strong> Effizienz und Sicherheit anstreben<\/li><li><strong>Paare<\/strong> sie m\u00f6chten in der N\u00e4he von romantischen Orten wie dem Bund sein<\/li><li><strong>Familien<\/strong> Wertsch\u00e4tzung der kinderfreundlichen Richtlinien (Kinder unter 18 Jahren \u00fcbernachten kostenlos ohne Zustellbetten)<\/li><li><strong>Gesch\u00e4ftsg\u00e4ste<\/strong> Konnektivit\u00e4t und Unterst\u00fctzung bei Besprechungen erforderlich<\/li><\/ul><div class=\"my-2\">\u00a0<\/div><div class=\"py-2 my-3\"><hr \/><\/div><div class=\"my-2\">\u00a0<\/div><h3>\u2705 <strong>Fazit: Eine kluge, zentrale Wahl f\u00fcr Shanghai-Entdecker<\/strong><\/h3><p>Wenn Sie ein Hotel suchen, das Sie mitten ins Geschehen von Shanghais Magie versetzt \u2013 mit <strong>Der antike Charme des Yu-Gartens<\/strong> Und <strong>Die glitzernde Skyline des Bund<\/strong> Gleich um die Ecke \u2013 das Crystal Orange Hotel Shanghai Yu Garden On the Bund h\u00e4lt, was es verspricht. Es mag zwar keinen Pool oder \u00fcppige Luxuseinrichtungen haben, aber es gl\u00e4nzt dort, wo es darauf ankommt: <strong>Lage, Sauberkeit, technische Integration und Wert<\/strong>.<\/p><div class=\"my-2\">\u00a0<\/div><p>Wie ein k\u00fcrzlich erschienener Gast es ausdr\u00fcckte: <em>\u201cSch\u00f6nes und ger\u00e4umiges Zimmer. Freundliches Personal, unkomplizierter Check-in. Sehr gute Lage in der N\u00e4he des Bahnhofs, weniger als 5 Gehminuten entfernt.\u201d<\/em><\/p><div class=\"my-2\">\u00a0<\/div><p>Buchen Sie Ihren Aufenthalt, erleben Sie die Energie des alten und neuen Shanghai und lassen Sie Crystal Orange Ihr smartes, stilvolles Basislager f\u00fcr unvergessliche Abenteuer sein.<\/p><div class=\"my-2\">\u00a0<\/div><div class=\"py-2 my-3\"><hr \/><\/div><div class=\"my-2\">\u00a0<\/div><p><strong>Profi-Tipp<\/strong>Pr\u00fcfen Sie vor der Buchung, ob Renovierungsarbeiten geplant sind. Wenn Sie l\u00e4rmempfindlich sind, fragen Sie nach einem Zimmer in einem h\u00f6heren Stockwerk oder nach ruhigeren Fl\u00fcgeln. Und vergessen Sie nicht, die Annehmlichkeiten zu nutzen! <strong>kostenlose Gep\u00e4ckaufbewahrung<\/strong> Und <strong>24-Stunden-Rezeption<\/strong> um Ihre Erkundungszeit optimal zu nutzen!<\/p><div class=\"my-2\">\u00a0<\/div><p data-spm-anchor-id=\"a2ty_o01.29997173.0.i27.6bf2c9219dlanX\"><strong>Bereit, Shanghai wie ein Einheimischer zu erleben?<\/strong> Buchen Sie noch heute Ihren Aufenthalt im Crystal Orange Hotel Shanghai Yu Garden On the Bund \u2013 und schlie\u00dfen Sie sich Tausenden zufriedener G\u00e4ste an, die bereits entdeckt haben, warum dieses Hotel ein Geheimtipp in der pulsierenden Hotellerie der Stadt ist.<\/p>\t\t\t\t\t\t\t\t<\/div>\n\t\t\t\t\t<\/div>\n\t\t\t\t<\/div>\n\t\t\t\t<section class=\"elementor-section elementor-top-section elementor-element elementor-element-bd1905a elementor-section-stretched elementor-section-boxed elementor-section-gap-beside-yes elementor-section-height-default elementor-section-height-default elementor-section-column-vertical-align-stretch\" data-id=\"bd1905a\" data-element_type=\"section\" data-e-type=\"section\" data-settings=\"{&quot;background_background&quot;:&quot;classic&quot;,&quot;stretch_section&quot;:&quot;section-stretched&quot;}\">\n\t\t\t\t\t\t<div class=\"elementor-container elementor-column-gap-extended\">\n\t\t\t\t\t<div class=\"elementor-column elementor-col-100 elementor-top-column elementor-element elementor-element-11f17a64\" data-id=\"11f17a64\" data-element_type=\"column\" data-e-type=\"column\">\n\t\t\t<div class=\"elementor-widget-wrap elementor-element-populated\">\n\t\t\t\t\t\t<div class=\"elementor-element elementor-element-6a5126f1 elementor-widget elementor-widget-nuss-heading\" data-id=\"6a5126f1\" data-element_type=\"widget\" data-e-type=\"widget\" data-widget_type=\"nuss-heading.default\">\n\t\t\t\t<div class=\"elementor-widget-container\">\n\t\t\t\t\t\t\t<div class=\"nuss-modern-heading\">\r\n\t\t\t\t\t\t<div class=\"heading-secondary-wrap\">\r\n\t\t\t\t<h3 class=\"heading-secondary elementor-heading-title\">Verf\u00fcgbarkeit pr\u00fcfen <\/h3>\t\t\t<\/div>\r\n\t\t\r\n\t\t\t\r\n\t\t\t\r\n\t\t\t\t\t<\/div>\r\n\t\t\t\t\t<\/div>\n\t\t\t\t<\/div>\n\t\t\t\t<div class=\"elementor-element elementor-element-59221db0 elementor-widget elementor-widget-text-editor\" data-id=\"59221db0\" data-element_type=\"widget\" data-e-type=\"widget\" data-widget_type=\"text-editor.default\">\n\t\t\t\t\t\t\t\t\t<iframe border=\"0\" src=\"https:\/\/www.trip.com\/partners\/ad\/S6742899?Allianceid=4590391&#038;SID=275144745&#038;trip_sub1=\" style=\"width:1200px;height:200px\" frameborder=\"0\" scrolling=\"no\" id=\"S6742899\"><\/iframe>\t\t\t\t\t\t\t\t<\/div>\n\t\t\t\t\t<\/div>\n\t\t<\/div>\n\t\t\t\t\t<\/div>\n\t\t<\/section>\n\t\t\t\t<\/div>","protected":false},"excerpt":{"rendered":"<p>Crystal Orange Hotel Shanghai Yu Garden On the Bund: Real Guest Reviews &amp; Unfiltered Experiences from 6,274+ Travelers When planning a trip to Shanghai, choosing the right hotel can make or break your experience. For travelers seeking a perfect blend of central location, modern comfort, and smart service, the Crystal Orange Hotel Shanghai Yu Garden [&hellip;]<\/p>\n","protected":false},"author":1,"featured_media":0,"parent":0,"menu_order":0,"comment_status":"closed","ping_status":"closed","template":"","meta":{"footnotes":""},"class_list":["post-2106","page","type-page","status-publish","hentry","post-no-thumbnail"],"_links":{"self":[{"href":"https:\/\/crystalorangehotelshanghai.com\/de\/wp-json\/wp\/v2\/pages\/2106","targetHints":{"allow":["GET"]}}],"collection":[{"href":"https:\/\/crystalorangehotelshanghai.com\/de\/wp-json\/wp\/v2\/pages"}],"about":[{"href":"https:\/\/crystalorangehotelshanghai.com\/de\/wp-json\/wp\/v2\/types\/page"}],"author":[{"embeddable":true,"href":"https:\/\/crystalorangehotelshanghai.com\/de\/wp-json\/wp\/v2\/users\/1"}],"replies":[{"embeddable":true,"href":"https:\/\/crystalorangehotelshanghai.com\/de\/wp-json\/wp\/v2\/comments?post=2106"}],"version-history":[{"count":0,"href":"https:\/\/crystalorangehotelshanghai.com\/de\/wp-json\/wp\/v2\/pages\/2106\/revisions"}],"wp:attachment":[{"href":"https:\/\/crystalorangehotelshanghai.com\/de\/wp-json\/wp\/v2\/media?parent=2106"}],"curies":[{"name":"wp","href":"https:\/\/api.w.org\/{rel}","templated":true}]}}